{"id":8366,"date":"2016-06-13T13:27:59","date_gmt":"2016-06-13T12:27:59","guid":{"rendered":"http:\/\/pwc-int.educacio.intranet\/agora_eoi\/eoi1\/?page_id=8366"},"modified":"2025-09-02T14:22:42","modified_gmt":"2025-09-02T12:22:42","slug":"horari","status":"publish","type":"page","link":"https:\/\/agora-eoi.xtec.cat\/eoirubi\/secretaria\/horari\/","title":{"rendered":"Horari d&#8217;atenci\u00f3"},"content":{"rendered":"<h6>Horari de secretaria<\/h6>\n<p align=\"justify\">Podeu fer les gestions administratives o b\u00e9 mitjan\u00e7ant el nostre correu electr\u00f2nic o presencialment al nostre centre en horari d&#8217;atenci\u00f3 al p\u00fablic.<\/p>\n<div align=\"justify\">\n<ul>\n<li>Secretaria on-line: <a href=\"mailto:eoirubi@xtec.cat\">eoirubi@xtec.cat<\/a><\/li>\n<li>Atenci\u00f3 al p\u00fablic: \u00a0 dilluns mat\u00ed de <strong>10h a 12h<\/strong> i dimarts, dimecres\u00a0 i dijous de <strong>15h a 19.30h<\/strong><\/li>\n<li>Horari d&#8217;estiu\u00a0 juliol : de dilluns a divendres de <strong>10h a 13h\u00a0 .\u00a0 ( Agost tancat )<\/strong><\/li>\n<li>Horari 1a setmana de setembre : de dilluns a divendres de<strong> 9 a 13.30 h<\/strong><br \/>\n<strong>Tel. 93 554 27 99<\/strong><\/li>\n<\/ul>\n<\/div>\n<div align=\"justify\"><\/div>\n","protected":false},"excerpt":{"rendered":"<p>Horari de secretaria<br \/>\nPodeu fer les gestions administratives o b\u00e9 mitjan\u00e7ant el nostre correu electr\u00f2nic o presencialment al nostre centre en horari d&#8217;atenci\u00f3 al p\u00fablic.<\/p>\n<ul>\n<li>Secretaria on-line: <a href=\"mailto:eoirubi@xtec.cat\">eoirubi@xtec.cat<\/a><\/li>\n<li>Atenci\u00f3 al p\u00fablic: \u00a0 dilluns mat\u00ed de 10h a 12h i dimarts, dimecres\u00a0 i dijous de 15h a 19.30h<\/li>\n<li>Horari&hellip;  <a href=\"https:\/\/agora-eoi.xtec.cat\/eoirubi\/secretaria\/horari\/\" title=\"Read Horari d&#8217;atenci\u00f3\">Llegeix m\u00e9s\u00bb<\/a><br \/>\n","protected":false},"author":1,"featured_media":0,"parent":8358,"menu_order":10,"comment_status":"closed","ping_status":"closed","template":"page-templates\/side-menu.php","meta":{"_bbp_topic_count":0,"_bbp_reply_count":0,"_bbp_total_topic_count":0,"_bbp_total_reply_count":0,"_bbp_voice_count":0,"_bbp_anonymous_reply_count":0,"_bbp_topic_count_hidden":0,"_bbp_reply_count_hidden":0,"_bbp_forum_subforum_count":0,"footnotes":""},"class_list":["post-8366","page","type-page","status-publish","hentry"],"post_mailing_queue_ids":[],"_links":{"self":[{"href":"https:\/\/agora-eoi.xtec.cat\/eoirubi\/wp-json\/wp\/v2\/pages\/8366","targetHints":{"allow":["GET"]}}],"collection":[{"href":"https:\/\/agora-eoi.xtec.cat\/eoirubi\/wp-json\/wp\/v2\/pages"}],"about":[{"href":"https:\/\/agora-eoi.xtec.cat\/eoirubi\/wp-json\/wp\/v2\/types\/page"}],"author":[{"embeddable":true,"href":"https:\/\/agora-eoi.xtec.cat\/eoirubi\/wp-json\/wp\/v2\/users\/1"}],"replies":[{"embeddable":true,"href":"https:\/\/agora-eoi.xtec.cat\/eoirubi\/wp-json\/wp\/v2\/comments?post=8366"}],"version-history":[{"count":7,"href":"https:\/\/agora-eoi.xtec.cat\/eoirubi\/wp-json\/wp\/v2\/pages\/8366\/revisions"}],"predecessor-version":[{"id":10686,"href":"https:\/\/agora-eoi.xtec.cat\/eoirubi\/wp-json\/wp\/v2\/pages\/8366\/revisions\/10686"}],"up":[{"embeddable":true,"href":"https:\/\/agora-eoi.xtec.cat\/eoirubi\/wp-json\/wp\/v2\/pages\/8358"}],"wp:attachment":[{"href":"https:\/\/agora-eoi.xtec.cat\/eoirubi\/wp-json\/wp\/v2\/media?parent=8366"}],"curies":[{"name":"wp","href":"https:\/\/api.w.org\/{rel}","templated":true}]}}