{"id":8295,"date":"2016-06-13T11:34:05","date_gmt":"2016-06-13T09:34:05","guid":{"rendered":"http:\/\/pwc-int.educacio.intranet\/agora_eoi\/eoi1\/?page_id=8295"},"modified":"2025-10-20T15:43:12","modified_gmt":"2025-10-20T13:43:12","slug":"llibres-i-lectures","status":"publish","type":"page","link":"https:\/\/agora-eoi.xtec.cat\/eoirubi\/idiomes\/frances\/llibres-i-lectures\/","title":{"rendered":"Llibres i lectures"},"content":{"rendered":"<table style=\"width: 100%; max-width: 700px;\">\n<tbody>\n<tr>\n<th>Llibres de text 2025-2026<span style=\"color: #ff0000;\"><br \/>\n<\/span><\/th>\n<\/tr>\n<tr>\n<td>\n<h3>A1<\/h3>\n<p class=\"Standard\" style=\"text-align: justify; line-height: 150%;\"><b><span lang=\"CA\" style=\"font-size: 11.0pt; line-height: 150%; font-family: 'Arial',sans-serif;\">Mon alter ego.<\/span><\/b><span lang=\"CA\" style=\"font-size: 11.0pt; line-height: 150%; font-family: 'Arial',sans-serif;\"> <b>A1.<\/b> Livre de l\u2019\u00e9l\u00e8ve. Hachette. <\/span><\/p>\n<p class=\"Standard\" style=\"line-height: 150%;\"><span lang=\"CA\" style=\"font-size: 11.0pt; line-height: 150%; font-family: 'Arial',sans-serif;\">ISBN 9782017153139<\/span><\/p>\n<p class=\"Standard\" style=\"line-height: 150%;\"><b><span lang=\"CA\" style=\"font-size: 11.0pt; line-height: 150%; font-family: 'Arial',sans-serif;\">Exercices de grammaire. En contexte. A1.<\/span><\/b><span lang=\"CA\" style=\"font-size: 11.0pt; line-height: 150%; font-family: 'Arial',sans-serif;\"> Hachette. <\/span><\/p>\n<p class=\"Standard\" style=\"line-height: 150%;\"><span lang=\"CA\" style=\"font-size: 11.0pt; line-height: 150%; font-family: 'Arial',sans-serif;\">ISBN 9782014016321<\/span><\/p>\n<p class=\"Standard\" style=\"line-height: 150%;\"><span lang=\"CA\" style=\"font-size: 11.0pt; line-height: 150%; font-family: 'Arial',sans-serif;\">LECTURES:<\/span><\/p>\n<p class=\"Standard\" style=\"line-height: 150%;\"><b><span lang=\"CA\" style=\"font-size: 11.0pt; line-height: 150%; font-family: 'Arial',sans-serif; color: #222222;\">L\u2019\u00e9pave et Le voyage du Horla<\/span><\/b><span lang=\"CA\" style=\"font-size: 11.0pt; line-height: 150%; font-family: 'Arial',sans-serif; color: #222222;\"> de Guy de Maupassant.\u00a0A2.\u00a0Santillana Fran\u00e7ais. <\/span><\/p>\n<p class=\"Standard\" style=\"line-height: 150%;\"><span lang=\"CA\" style=\"font-size: 11.0pt; line-height: 150%; font-family: 'Arial',sans-serif; color: #222222;\">ISBN 9788496597969 <\/span><\/p>\n<p class=\"Standard\" style=\"line-height: 150%;\"><b><span lang=\"CA\" style=\"font-size: 11.0pt; line-height: 150%; font-family: 'Arial',sans-serif; color: #222222;\">Autour de la Lune<\/span><\/b><span lang=\"CA\" style=\"font-size: 11.0pt; line-height: 150%; font-family: 'Arial',sans-serif; color: #222222;\"> de Jules Verne.\u00a0A1.\u00a0CLE International. <\/span><\/p>\n<p class=\"Standard\" style=\"line-height: 150%;\"><span lang=\"CA\" style=\"font-size: 11.0pt; line-height: 150%; font-family: 'Arial',sans-serif; color: #222222;\">IBSN 9782090317688\u00a0<\/span><\/p>\n<p class=\"Standard\" style=\"line-height: 150%;\"><b><span lang=\"CA\" style=\"font-size: 11.0pt; line-height: 150%; font-family: 'Arial',sans-serif; color: #222222;\">Vingt mille lieues sous les mers<\/span><\/b><span lang=\"CA\" style=\"font-size: 11.0pt; line-height: 150%; font-family: 'Arial',sans-serif; color: #222222;\"> de Jules Verne.\u00a0A1.\u00a0CLE\u00a0International. <\/span><\/p>\n<p class=\"Standard\" style=\"line-height: 150%;\"><span lang=\"CA\" style=\"font-size: 11.0pt; line-height: 150%; font-family: 'Arial',sans-serif; color: #222222;\">IBSN9782090357332 <\/span><\/p>\n<p class=\"Standard\" style=\"line-height: 150%;\"><b><span lang=\"CA\" style=\"font-size: 11.0pt; line-height: 150%; font-family: 'Arial',sans-serif; color: #222222;\">Voyage au centre de la Terre<\/span><\/b><span lang=\"CA\" style=\"font-size: 11.0pt; line-height: 150%; font-family: 'Arial',sans-serif; color: #222222;\"> de Jules Verne.\u00a0A1.\u00a0CLE International. <\/span><\/p>\n<p class=\"Standard\" style=\"line-height: 150%;\"><span lang=\"CA\" style=\"font-size: 11.0pt; line-height: 150%; font-family: 'Arial',sans-serif; color: #222222;\">IBSN 9782090317602 <\/span><\/p>\n<p class=\"Standard\" style=\"line-height: 150%;\"><b><span lang=\"CA\" style=\"font-size: 11.0pt; line-height: 150%; font-family: 'Arial',sans-serif; color: #222222;\">Fables <\/span><\/b><span lang=\"CA\" style=\"font-size: 11.0pt; line-height: 150%; font-family: 'Arial',sans-serif; color: #222222;\">de Jean de La Fontaine. A1 CHAT Noir. <\/span><\/p>\n<p class=\"Standard\" style=\"line-height: 150%;\"><span lang=\"CA\" style=\"font-size: 11.0pt; line-height: 150%; font-family: 'Arial',sans-serif; color: #222222;\">IBSN 9788468260693 <\/span><\/p>\n<\/td>\n<\/tr>\n<tr>\n<td>\n<h3>A2<\/h3>\n<p><strong>Entre nous 2.<\/strong> Livre de l\u2019\u00e9l\u00e8ve + cahier d\u2019activit\u00e9s. Maison des langues.<\/p>\n<p>ISBN 9788419236609<\/p>\n<p><strong>Exercices de grammaire. En contexte. A2.<\/strong> Hachette.<\/p>\n<p>ISBN 9782014016338<\/p>\n<p>LECTURES:<\/p>\n<p><strong>Les Mis\u00e9rables<\/strong> de Victor Hugo. CHAT noir.<\/p>\n<p>IBSN 9788468209005<\/p>\n<p><strong>Le Comte de Monte-Cristo<\/strong> d\u2019Alexandre Dumas. Santillana. Fran\u00e7ais.<\/p>\n<p>ISBN <span style=\"color: #333333;\">9788496597624<\/span><\/p>\n<p><strong>Le bal <\/strong>d\u2019Ir\u00e8ne N\u00e9mirovsky<\/p>\n<p>ISBN 9782013949903<\/td>\n<\/tr>\n<tr>\n<td>\n<h3>B1<\/h3>\n<p><strong>\u00c9dito B1.<\/strong> Livre de l\u2019\u00e9l\u00e8ve. Didier.<\/p>\n<p>ISBN 9788490498255<\/p>\n<p><strong>Exercices de grammaire. En contexte. B1.<\/strong> Hachette.<\/p>\n<p>ISBN 9782014016345<\/p>\n<p>LECTURES:<\/p>\n<p><strong>Panorama <\/strong>de Lilia Hassaine. Folio.<\/p>\n<p>IBSN <span style=\"color: #333333;\">9782073095282<\/span><\/p>\n<p><strong>O\u00f9 vont les larmes quand elles s\u00e8chent. <\/strong>Collection Proche.<\/p>\n<p>ISBN<span style=\"color: #333333;\">\u00a09782493909763<\/span><\/td>\n<\/tr>\n<tr>\n<td>\n<h3>B2.1<\/h3>\n<p><strong>\u00c9dito B2. M\u00e9thode de fran\u00e7ais.<em>\u00a0<\/em><\/strong>Livre de l\u2019\u00e9l\u00e8ve. Didier.<\/p>\n<p>ISBN 9788490498156<\/p>\n<p><strong>Focus. Grammaire du fran\u00e7ais. B1-B2. <\/strong>Hachette.<\/p>\n<p>ISBN 9782016286524<\/p>\n<p>LECTURES:<\/p>\n<p><strong>Contes en prose<\/strong> de Charles Perrault. Le livre de poche.<\/p>\n<p>IBSN 9782253087816<\/p>\n<p><strong>Une si longue lettre <\/strong>de Mariama B\u00e2.<\/p>\n<p>IBSN 9782385060398<\/p>\n<p><strong>Les enfants d\u2019Elisabeth <\/strong>d\u2019H\u00e9l\u00e8ne Legrais.<\/p>\n<p>IBSN 9782258071698<\/td>\n<\/tr>\n<tr>\n<td>\n<h3>B2.2<\/h3>\n<p><strong>\u00c9dito B2. M\u00e9thode de fran\u00e7ais.<em>\u00a0<\/em><\/strong>Livre de l\u2019\u00e9l\u00e8ve. Didier.<\/p>\n<p>ISBN 9788490498156<\/p>\n<p><strong>Focus. Grammaire du fran\u00e7ais. B1-B2. <\/strong>Hachette.<\/p>\n<p>ISBN 9782016286524<\/p>\n<p>LECTURES:<\/p>\n<p><strong>Contes en prose<\/strong> de Charles Perrault. Le livre de poche.<\/p>\n<p>IBSN 9782253087816<\/p>\n<p><strong>La femme rompue<\/strong> de<strong>\u00a0<\/strong>Simone de Beauvoir. Folio.<\/p>\n<p>IBSN 9782070369607<\/p>\n<p><strong>Les enfants d\u2019Elisabeth <\/strong>d\u2019H\u00e9l\u00e8ne Legrais.<\/p>\n<p>IBSN 9782258071698<\/td>\n<\/tr>\n<\/tbody>\n<\/table>\n<style>\n#toc_container { display:none }<br \/><\/style>\n","protected":false},"excerpt":{"rendered":"<p>Llibres de text 2025-2026<\/p>\n<p>A1<br \/>\nMon alter ego. A1. Livre de l\u2019\u00e9l\u00e8ve. Hachette.<br \/>\nISBN 9782017153139<br \/>\nExercices de grammaire. En contexte. A1. Hachette.<br \/>\nISBN 9782014016321<br \/>\nLECTURES:<br \/>\nL\u2019\u00e9pave et Le voyage du Horla de Guy de Maupassant.\u00a0A2.\u00a0Santillana Fran\u00e7ais.<br \/>\nISBN 9788496597969<br \/>\nAutour de la Lune de Jules Verne.\u00a0A1.\u00a0CLE International.<br \/>\nIBSN 9782090317688\u00a0<br \/>\nVingt mille lieues&hellip;  <a href=\"https:\/\/agora-eoi.xtec.cat\/eoirubi\/idiomes\/frances\/llibres-i-lectures\/\" title=\"Read Llibres i lectures\">Llegeix m\u00e9s\u00bb<\/a><\/p>\n","protected":false},"author":1,"featured_media":0,"parent":8195,"menu_order":30,"comment_status":"closed","ping_status":"closed","template":"page-templates\/side-menu.php","meta":{"_bbp_topic_count":0,"_bbp_reply_count":0,"_bbp_total_topic_count":0,"_bbp_total_reply_count":0,"_bbp_voice_count":0,"_bbp_anonymous_reply_count":0,"_bbp_topic_count_hidden":0,"_bbp_reply_count_hidden":0,"_bbp_forum_subforum_count":0,"footnotes":""},"class_list":["post-8295","page","type-page","status-publish","hentry"],"post_mailing_queue_ids":[],"_links":{"self":[{"href":"https:\/\/agora-eoi.xtec.cat\/eoirubi\/wp-json\/wp\/v2\/pages\/8295","targetHints":{"allow":["GET"]}}],"collection":[{"href":"https:\/\/agora-eoi.xtec.cat\/eoirubi\/wp-json\/wp\/v2\/pages"}],"about":[{"href":"https:\/\/agora-eoi.xtec.cat\/eoirubi\/wp-json\/wp\/v2\/types\/page"}],"author":[{"embeddable":true,"href":"https:\/\/agora-eoi.xtec.cat\/eoirubi\/wp-json\/wp\/v2\/users\/1"}],"replies":[{"embeddable":true,"href":"https:\/\/agora-eoi.xtec.cat\/eoirubi\/wp-json\/wp\/v2\/comments?post=8295"}],"version-history":[{"count":7,"href":"https:\/\/agora-eoi.xtec.cat\/eoirubi\/wp-json\/wp\/v2\/pages\/8295\/revisions"}],"predecessor-version":[{"id":10739,"href":"https:\/\/agora-eoi.xtec.cat\/eoirubi\/wp-json\/wp\/v2\/pages\/8295\/revisions\/10739"}],"up":[{"embeddable":true,"href":"https:\/\/agora-eoi.xtec.cat\/eoirubi\/wp-json\/wp\/v2\/pages\/8195"}],"wp:attachment":[{"href":"https:\/\/agora-eoi.xtec.cat\/eoirubi\/wp-json\/wp\/v2\/media?parent=8295"}],"curies":[{"name":"wp","href":"https:\/\/api.w.org\/{rel}","templated":true}]}}