{"id":8170,"date":"2016-06-08T17:06:12","date_gmt":"2016-06-08T16:06:12","guid":{"rendered":"http:\/\/pwc-int.educacio.intranet\/agora_eoi\/eoi1\/?page_id=8170"},"modified":"2020-11-06T09:59:54","modified_gmt":"2020-11-06T08:59:54","slug":"certificats-i-proves","status":"publish","type":"page","link":"https:\/\/agora-eoi.xtec.cat\/eoirubi\/matricula\/certificats-i-proves\/","title":{"rendered":"Certificats i proves"},"content":{"rendered":"<p>El Departament d&#8217;Ensenyament organitza\u00a0la convocat\u00f2ria extraordin\u00e0ria de les proves per obtenir els certificats d&#8217;angl\u00e8s seg\u00fcents:<\/p>\n<ul>\n<li><strong>Nivell Intermedi B1.<\/strong> Corresponent al nivell B1 del Marc europeu\u00a0com\u00fa\u00a0de refer\u00e8ncia per a les lleng\u00fces (MECR)<\/li>\n<li><strong>Nivell Intermedi B2.<\/strong> Corresponent al nivell B2 del MECR<\/li>\n<li><strong>Nivell \u00a0Avan\u00e7at C1<\/strong>. Corresponent al nivell C1 del MECR<\/li>\n<\/ul>\n<p>Podeu trobar tota la informaci\u00f3 necess\u00e0ria\u00a0a la <a href=\"http:\/\/ensenyament.gencat.cat\/ca\/serveis-tramits\/proves\/proves-lliures-obtencio-titols\/convocat-extraord-idiomes\/\" target=\"_blank\" rel=\"noopener noreferrer\">XTEC<\/a><\/p>\n<h2>Convocat\u00f2ria Ordin\u00e0ria<\/h2>\n<p>El Departament d&#8217;Educaci\u00f3 organitza\u00a0la\u00a0<strong>convocat\u00f2ria ordin\u00e0ria<\/strong>\u00a0de les proves per a l&#8217;obtenci\u00f3 dels seg\u00fcents certificats de diversos idiomes:<\/p>\n<ul>\n<li>Nivell intermedi B1 del Marc europeu\u00a0com\u00fa\u00a0de refer\u00e8ncia per a les lleng\u00fces (MECR)<\/li>\n<li>Nivell intermedi B2 del MECR<\/li>\n<li>Nivell avan\u00e7at C1 del MECR<\/li>\n<\/ul>\n<p><a href=\"http:\/\/ensenyament.gencat.cat\/ca\/serveis-tramits\/proves\/proves-lliures-obtencio-titols\/convocat-ordinaria-idiomes\/\" target=\"_blank\" rel=\"noopener noreferrer\">Informaci\u00f3, proc\u00e9s d&#8217;inscripci\u00f3 i calendari de les proves<\/a><\/p>\n<h2 align=\"justify\">Convocat\u00f2ria Extraordin\u00e0ria<\/h2>\n<p>El Departament d&#8217;Educaci\u00f3 organitza\u00a0la\u00a0<strong>convocat\u00f2ria extraordin\u00e0ria<\/strong>\u00a0de les proves per obtenir els certificats d&#8217;angl\u00e8s seg\u00fcents:<\/p>\n<ul>\n<li>Nivell intermedi B1 del Marc europeu\u00a0com\u00fa\u00a0de refer\u00e8ncia per a les lleng\u00fces (MECR)<\/li>\n<li>Nivell intermedi B2 del MECR<\/li>\n<li>Nivell avan\u00e7at C1 del MECR<\/li>\n<\/ul>\n<p><a href=\"http:\/\/ensenyament.gencat.cat\/ca\/serveis-tramits\/proves\/proves-lliures-obtencio-titols\/convocat-extraord-idiomes\/\" target=\"_blank\" rel=\"noopener noreferrer\">Informaci\u00f3, proc\u00e9s d&#8217;inscripci\u00f3 i calendari de les proves<\/a><\/p>\n","protected":false},"excerpt":{"rendered":"<p>El Departament d&#8217;Ensenyament organitza\u00a0la convocat\u00f2ria extraordin\u00e0ria de les proves per obtenir els certificats d&#8217;angl\u00e8s seg\u00fcents:<\/p>\n<ul>\n<li>Nivell Intermedi B1. Corresponent al nivell B1 del Marc europeu\u00a0com\u00fa\u00a0de refer\u00e8ncia per a les lleng\u00fces (MECR)<\/li>\n<li>Nivell Intermedi B2. Corresponent al nivell B2 del MECR<\/li>\n<li>Nivell \u00a0Avan\u00e7at C1. Corresponent al nivell C1 del&hellip;  <a href=\"https:\/\/agora-eoi.xtec.cat\/eoirubi\/matricula\/certificats-i-proves\/\" title=\"Read Certificats i proves\">Llegeix m\u00e9s\u00bb<\/a><br \/>\n","protected":false},"author":1,"featured_media":0,"parent":8161,"menu_order":40,"comment_status":"closed","ping_status":"closed","template":"page-templates\/side-menu.php","meta":{"_bbp_topic_count":0,"_bbp_reply_count":0,"_bbp_total_topic_count":0,"_bbp_total_reply_count":0,"_bbp_voice_count":0,"_bbp_anonymous_reply_count":0,"_bbp_topic_count_hidden":0,"_bbp_reply_count_hidden":0,"_bbp_forum_subforum_count":0,"footnotes":""},"class_list":["post-8170","page","type-page","status-publish","hentry"],"post_mailing_queue_ids":[],"_links":{"self":[{"href":"https:\/\/agora-eoi.xtec.cat\/eoirubi\/wp-json\/wp\/v2\/pages\/8170","targetHints":{"allow":["GET"]}}],"collection":[{"href":"https:\/\/agora-eoi.xtec.cat\/eoirubi\/wp-json\/wp\/v2\/pages"}],"about":[{"href":"https:\/\/agora-eoi.xtec.cat\/eoirubi\/wp-json\/wp\/v2\/types\/page"}],"author":[{"embeddable":true,"href":"https:\/\/agora-eoi.xtec.cat\/eoirubi\/wp-json\/wp\/v2\/users\/1"}],"replies":[{"embeddable":true,"href":"https:\/\/agora-eoi.xtec.cat\/eoirubi\/wp-json\/wp\/v2\/comments?post=8170"}],"version-history":[{"count":3,"href":"https:\/\/agora-eoi.xtec.cat\/eoirubi\/wp-json\/wp\/v2\/pages\/8170\/revisions"}],"predecessor-version":[{"id":9537,"href":"https:\/\/agora-eoi.xtec.cat\/eoirubi\/wp-json\/wp\/v2\/pages\/8170\/revisions\/9537"}],"up":[{"embeddable":true,"href":"https:\/\/agora-eoi.xtec.cat\/eoirubi\/wp-json\/wp\/v2\/pages\/8161"}],"wp:attachment":[{"href":"https:\/\/agora-eoi.xtec.cat\/eoirubi\/wp-json\/wp\/v2\/media?parent=8170"}],"curies":[{"name":"wp","href":"https:\/\/api.w.org\/{rel}","templated":true}]}}