{"id":8166,"date":"2016-06-08T17:01:17","date_gmt":"2016-06-08T16:01:17","guid":{"rendered":"http:\/\/pwc-int.educacio.intranet\/agora_eoi\/eoi1\/?page_id=8166"},"modified":"2026-03-23T09:39:56","modified_gmt":"2026-03-23T08:39:56","slug":"alumnes-nous","status":"publish","type":"page","link":"https:\/\/agora-eoi.xtec.cat\/eoirubi\/matricula\/alumnes-nous\/","title":{"rendered":"Nous alumnes"},"content":{"rendered":"<h2 align=\"justify\">Informaci\u00f3 curs 2026-2027<\/h2>\n<p data-start=\"326\" data-end=\"503\">Ja tenim les dates oficials per a la preinscripci\u00f3 de cara al curs 2026-2027:<strong> del 31 d&#8217;agost al 7 de setembre<\/strong>. <span style=\"font-family: inherit; font-size: 1em;\">No et quedis sense la teva pla\u00e7a!\u00a0<\/span><\/p>\n<p data-start=\"505\" data-end=\"697\">A la nostra escola oferim <strong data-start=\"531\" data-end=\"551\">angl\u00e8s i franc\u00e8s<\/strong>, amb ensenyament oficial i professorat qualificat, perqu\u00e8 puguis obtenir una titulaci\u00f3 reconeguda.<\/p>\n<p data-start=\"699\" data-end=\"803\">\ud83d\udce9 <strong data-start=\"702\" data-end=\"744\">Vols rebre informaci\u00f3 abans que ning\u00fa?<\/strong><br data-start=\"744\" data-end=\"747\" \/>Si est\u00e0s interessat\/da en el pr\u00f2xim curs, et convidem a:<\/p>\n<ul data-start=\"805\" data-end=\"992\">\n<li data-start=\"805\" data-end=\"856\">\n<p data-start=\"807\" data-end=\"856\">\ud83d\udcde <strong data-start=\"810\" data-end=\"824\">Trucar-nos<\/strong> per resoldre qualsevol dubte.<\/p>\n<\/li>\n<li data-start=\"857\" data-end=\"992\">\n<p data-start=\"859\" data-end=\"992\">\ud83d\udcdd <strong data-start=\"862\" data-end=\"898\">Omplir el <a href=\"https:\/\/forms.gle\/qwPdhwBsLv4NPDQi7\">formulari d\u2019informaci\u00f3<\/a> del curs 26-27<\/strong>, us enviarem un correu recordatori amb les dates de preinscripci\u00f3 i matr\u00edcula a finals de juliol.<\/p>\n<\/li>\n<li><a href=\"https:\/\/preinscripcio.gencat.cat\/ca\/estudis\/idiomes-eoi\/inici\/\" target=\"_blank\" rel=\"noopener noreferrer\">Informaci\u00f3 sobre el proc\u00e9s<\/a><\/li>\n<li><a href=\"https:\/\/educacio.gencat.cat\/web\/.content\/home\/departament\/publicacions\/infografies\/eoi-10-eoi.pdf\" target=\"_blank\" rel=\"noopener noreferrer\">Quadre resum del proc\u00e9s<\/a><\/li>\n<li><a href=\"http:\/\/ensenyament.gencat.cat\/ca\/departament\/normativa\/taxes-preus-publics\/\" target=\"_blank\" rel=\"noopener noreferrer\">Taxes i preus<\/a><\/li>\n<li><a href=\"https:\/\/agora-eoi.xtec.cat\/eoirubi\/wp-content\/uploads\/usu2255\/2025\/07\/Guia-del-proces-de-preinscripcio-i-matriculacio-EOI1.pdf\">Guia del proc\u00e9s de preinscripci\u00f3 i matr\u00edcula<\/a><\/li>\n<li><a href=\"https:\/\/preinscripcio.gencat.cat\/ca\/estudis\/idiomes-eoi\/informat\/test-nivell-a2-c1\/\">Informaci\u00f3 test de nivell<\/a><strong><br \/>\n<\/strong><\/li>\n<\/ul>\n<div class=\"entry-content\">\n<div class=\"entry-content\">\n<div class=\"entry-content\"><\/div>\n<\/div>\n<\/div>\n","protected":false},"excerpt":{"rendered":"<p>Informaci\u00f3 curs 2026-2027<br \/>\nJa tenim les dates oficials per a la preinscripci\u00f3 de cara al curs 2026-2027: del 31 d&#8217;agost al 7 de setembre. No et quedis sense la teva pla\u00e7a!\u00a0<br \/>\nA la nostra escola oferim angl\u00e8s i franc\u00e8s, amb ensenyament oficial i professorat qualificat, perqu\u00e8 puguis&hellip;  <a href=\"https:\/\/agora-eoi.xtec.cat\/eoirubi\/matricula\/alumnes-nous\/\" title=\"Read Nous alumnes\">Llegeix m\u00e9s\u00bb<\/a><\/p>\n","protected":false},"author":1,"featured_media":0,"parent":8161,"menu_order":20,"comment_status":"closed","ping_status":"closed","template":"page-templates\/side-menu.php","meta":{"_bbp_topic_count":0,"_bbp_reply_count":0,"_bbp_total_topic_count":0,"_bbp_total_reply_count":0,"_bbp_voice_count":0,"_bbp_anonymous_reply_count":0,"_bbp_topic_count_hidden":0,"_bbp_reply_count_hidden":0,"_bbp_forum_subforum_count":0,"footnotes":""},"class_list":["post-8166","page","type-page","status-publish","hentry"],"post_mailing_queue_ids":[],"_links":{"self":[{"href":"https:\/\/agora-eoi.xtec.cat\/eoirubi\/wp-json\/wp\/v2\/pages\/8166","targetHints":{"allow":["GET"]}}],"collection":[{"href":"https:\/\/agora-eoi.xtec.cat\/eoirubi\/wp-json\/wp\/v2\/pages"}],"about":[{"href":"https:\/\/agora-eoi.xtec.cat\/eoirubi\/wp-json\/wp\/v2\/types\/page"}],"author":[{"embeddable":true,"href":"https:\/\/agora-eoi.xtec.cat\/eoirubi\/wp-json\/wp\/v2\/users\/1"}],"replies":[{"embeddable":true,"href":"https:\/\/agora-eoi.xtec.cat\/eoirubi\/wp-json\/wp\/v2\/comments?post=8166"}],"version-history":[{"count":6,"href":"https:\/\/agora-eoi.xtec.cat\/eoirubi\/wp-json\/wp\/v2\/pages\/8166\/revisions"}],"predecessor-version":[{"id":10780,"href":"https:\/\/agora-eoi.xtec.cat\/eoirubi\/wp-json\/wp\/v2\/pages\/8166\/revisions\/10780"}],"up":[{"embeddable":true,"href":"https:\/\/agora-eoi.xtec.cat\/eoirubi\/wp-json\/wp\/v2\/pages\/8161"}],"wp:attachment":[{"href":"https:\/\/agora-eoi.xtec.cat\/eoirubi\/wp-json\/wp\/v2\/media?parent=8166"}],"curies":[{"name":"wp","href":"https:\/\/api.w.org\/{rel}","templated":true}]}}