{"id":8158,"date":"2016-06-08T16:47:01","date_gmt":"2016-06-08T14:47:01","guid":{"rendered":"http:\/\/pwc-int.educacio.intranet\/agora_eoi\/eoi1\/?page_id=8158"},"modified":"2021-09-14T12:57:04","modified_gmt":"2021-09-14T10:57:04","slug":"cursos-especials","status":"publish","type":"page","link":"https:\/\/agora-eoi.xtec.cat\/eoirubi\/cursos-especials\/","title":{"rendered":"Cursos especials"},"content":{"rendered":"<h2>Cursos monogr\u00e0fics<\/h2>\n<p align=\"justify\">Les EOI s\u00f3n seus on, al llarg de l&#8217;any, s&#8217;organitzen cursos complementaris de durada diversa, i que van adre\u00e7ats al p\u00fablic en general (\u00e9s a dir, tant al nostre alumnat oficial com a aquelles persones que no ho s\u00f3n). S\u00f3n els Cursos Monogr\u00e0fics, que pretenen donar resposta a unes demandes molt espec\u00edfiques. La seva tem\u00e0tica pot ser molt diversa.<\/p>\n<p>Els cursos monogr\u00e0fics tenen una duraci\u00f3 de 20, 30 o 40 hores habitualment, encara que aquesta quantitat es pot veure incrementada depenent del curs. El preu tamb\u00e9 varia en funci\u00f3 del nombre d&#8217;hores lectives. El professorat que imparteix monogr\u00e0fics pot formar part d&#8217;una EOI o no. Moltes vegades es contracten persones especialitzades en un tema per impartir aquests cursos.<\/p>\n<h3 align=\"justify\"><\/h3>\n<p>&nbsp;<\/p>\n<h2>Cursos de llengua instrumental<\/h2>\n<p>Actualment no s\u2019ofereixen cursos especials de llengua instrumental<\/p>\n<h2>Cursos Intensius d\u2019Idiomes a l\u2019estiu<\/h2>\n<p align=\"justify\">Les escoles oficials d&#8217;idiomes de Catalunya organitzen cursos intensius de llengua instrumental durant el mes de juliol.<\/p>\n<p>L&#8217;enfocament d&#8217;aquests cursos \u00e9s comunicatiu. S&#8217;activen els recursos ling\u00fc\u00edstics necessaris de l&#8217;alumnat perqu\u00e8 utilitzi la llengua en situacions de la vida real. La doc\u00e8ncia a l&#8217;aula es combina amb activitats que fomenten l&#8217;adquisici\u00f3 i pr\u00e0ctica de la llengua objecte d&#8217;estudi (xerrades, confer\u00e8ncies, obres de teatre i altres activitats culturals).<\/p>\n<p>Aquests cursos tenen una durada de fins a 80 hores lectives, distribu\u00efdes en 4 hores di\u00e0ries (torn de mat\u00ed o tarda), de dilluns a divendres.<\/p>\n<p><span class=\"Estilo2\">Aquesta escola NO ofereix cursos d&#8217;estiu.<\/span><\/p>\n","protected":false},"excerpt":{"rendered":"<p>Cursos monogr\u00e0fics<br \/>\nLes EOI s\u00f3n seus on, al llarg de l&#8217;any, s&#8217;organitzen cursos complementaris de durada diversa, i que van adre\u00e7ats al p\u00fablic en general (\u00e9s a dir, tant al nostre alumnat oficial com a aquelles persones que no ho s\u00f3n). S\u00f3n els Cursos Monogr\u00e0fics, que&hellip;  <a href=\"https:\/\/agora-eoi.xtec.cat\/eoirubi\/cursos-especials\/\" title=\"Read Cursos especials\">Llegeix m\u00e9s\u00bb<\/a><\/p>\n","protected":false},"author":1,"featured_media":0,"parent":0,"menu_order":30,"comment_status":"closed","ping_status":"closed","template":"page-templates\/side-menu.php","meta":{"_bbp_topic_count":0,"_bbp_reply_count":0,"_bbp_total_topic_count":0,"_bbp_total_reply_count":0,"_bbp_voice_count":0,"_bbp_anonymous_reply_count":0,"_bbp_topic_count_hidden":0,"_bbp_reply_count_hidden":0,"_bbp_forum_subforum_count":0,"footnotes":""},"class_list":["post-8158","page","type-page","status-publish","hentry"],"post_mailing_queue_ids":[],"_links":{"self":[{"href":"https:\/\/agora-eoi.xtec.cat\/eoirubi\/wp-json\/wp\/v2\/pages\/8158","targetHints":{"allow":["GET"]}}],"collection":[{"href":"https:\/\/agora-eoi.xtec.cat\/eoirubi\/wp-json\/wp\/v2\/pages"}],"about":[{"href":"https:\/\/agora-eoi.xtec.cat\/eoirubi\/wp-json\/wp\/v2\/types\/page"}],"author":[{"embeddable":true,"href":"https:\/\/agora-eoi.xtec.cat\/eoirubi\/wp-json\/wp\/v2\/users\/1"}],"replies":[{"embeddable":true,"href":"https:\/\/agora-eoi.xtec.cat\/eoirubi\/wp-json\/wp\/v2\/comments?post=8158"}],"version-history":[{"count":4,"href":"https:\/\/agora-eoi.xtec.cat\/eoirubi\/wp-json\/wp\/v2\/pages\/8158\/revisions"}],"predecessor-version":[{"id":9716,"href":"https:\/\/agora-eoi.xtec.cat\/eoirubi\/wp-json\/wp\/v2\/pages\/8158\/revisions\/9716"}],"wp:attachment":[{"href":"https:\/\/agora-eoi.xtec.cat\/eoirubi\/wp-json\/wp\/v2\/media?parent=8158"}],"curies":[{"name":"wp","href":"https:\/\/api.w.org\/{rel}","templated":true}]}}