{"id":806,"date":"2015-11-28T21:29:55","date_gmt":"2015-11-28T20:29:55","guid":{"rendered":"http:\/\/pwc-int.educacio.intranet\/agora_eoi\/eoi1\/?page_id=806"},"modified":"2020-08-18T16:09:01","modified_gmt":"2020-08-18T14:09:01","slug":"el-servei-educatiu","status":"publish","type":"page","link":"https:\/\/agora-eoi.xtec.cat\/eoirubi\/el-servei-educatiu\/","title":{"rendered":"L&#8217;escola"},"content":{"rendered":"<h6 align=\"justify\"><\/h6>\n<h6 align=\"justify\">L\u2019 Escola<\/h6>\n<p style=\"text-align: justify;\" align=\"justify\">L\u2019Escola Oficial d\u2019Idiomes de Rub\u00ed inicia la seva activitat el curs 2011-2012, compartint espais amb l&#8217;INS Duc de Montblanc.\u00a0\u00c9s un <strong>centre p\u00fablic<\/strong>, no universitari, <strong>d\u2019ensenyament d\u2019idiomes moderns per adults i joves a partir dels 16 anys <\/strong>complerts l\u2019any en que es comencin els estudis<strong>. Tamb\u00e9 s&#8217;hi pot accedir a partir de \u00a014 anys, <\/strong>complerts l\u2019any en que es comencin els estudis<strong>, per seguir els ensenyaments d\u2019un idioma diferent del primer idioma estranger cursat a l\u2019ESO. <\/strong><\/p>\n<p style=\"text-align: justify;\" align=\"justify\">Al nostre centre s&#8217; imparteix <strong>angl\u00e8s<\/strong> de A1 a C1 i <strong>franc\u00e8s<\/strong> de A1 a B2.2 , en modalitat presencial.<\/p>\n<p style=\"text-align: justify;\">L&#8217;escola cobreix f<strong>ranges hor\u00e0ries \u00a0de tarda i vespre<\/strong> : Grup A a les 16h i grup B a les 18.30h . El curs \u00a0escolar acostuma a iniciar-se a finals de setembre i acabar-se a finals de maig, les classes tenen una durada \u00a0de 2h i 20&#8242; en dies alterns ( dilluns i dimecres o dimarts i dijous )<\/p>\n<p style=\"text-align: justify;\">A m\u00e9s de l\u2019ensenyament oficial presencial, s\u2019hi poden fer les <strong>proves lliures de B1 i B2.2<\/strong> \u00a0autoritzades i regulades pel Departament d&#8217;Educaci\u00f3. Cal estar pendent de la publicaci\u00f3 de les dates de matriculaci\u00f3 i realitzaci\u00f3 d\u2019aquestes proves .\u00a0<strong style=\"text-align: justify;\">Aquestes certificacions s\u00f3n reconegudes arreu de l&#8217;Estat espanyol, s\u00f3n les \u00faniques oficials\u00a0<\/strong>i\u00a0<span style=\"text-align: justify;\">estan validades pel Consell d\u2019Europa per mitj\u00e0 del Marc Europeu de Refer\u00e8ncia.<\/span><\/p>\n<p style=\"text-align: justify;\">L\u2019escola tamb\u00e9 organitza <strong>cursos\u00a0 especials<\/strong>:\u00a0monogr\u00e0fics i de llengua instrumental. Aquests cursos tenen una regulaci\u00f3 especial.<\/p>\n<p style=\"text-align: justify;\">L\u2019Escola Oficial d\u2019Idiomes de Rub\u00ed est\u00e0 situada al barri de Can Fatj\u00f3 a prop del pol\u00edgon industrial Cova Solera. S \u2019hi pot arribar f\u00e0cilment amb transport p\u00fablic L1 d&#8217;autob\u00fas, tamb\u00e9 disposem d&#8217;aparcament per a cotxes, motos i bicicletes.<\/p>\n<h2><a id=\"onSom\"><\/a>On som<\/h2>\n<p>Av. Can Fatj\u00f3 s\/n<br \/>\n08191 Rub\u00ed<br \/>\n935542799<br \/>\n<span style=\"color: #000000;\">eoirubi@xtec.cat<\/span><br \/>\n<a href=\"http:\/\/maps.google.es\/maps?q=41.486179,2.022529&amp;num=1&amp;t=h&amp;vpsrc=0&amp;z=20\" target=\"_blank\" rel=\"noopener noreferrer\">Google Maps<\/a><\/p>\n<p><iframe loading=\"lazy\" src=\"https:\/\/www.google.com\/maps\/embed?pb=!1m18!1m12!1m3!1d2988.8277041171928!2d2.0199595510309654!3d41.48633489771625!2m3!1f0!2f0!3f0!3m2!1i1024!2i768!4f13.1!3m3!1m2!1s0x12a4919eb8d2d439%3A0x7ae5177b0ba16f67!2sEoi%20Public%20De%20Rub%C3%AD!5e0!3m2!1sca!2ses!4v1597313117306!5m2!1sca!2ses\" width=\"600\" height=\"450\" frameborder=\"0\" aria-hidden=\"false\"><\/iframe><\/p>\n","protected":false},"excerpt":{"rendered":"<p>L\u2019 Escola<br \/>\nL\u2019Escola Oficial d\u2019Idiomes de Rub\u00ed inicia la seva activitat el curs 2011-2012, compartint espais amb l&#8217;INS Duc de Montblanc.\u00a0\u00c9s un centre p\u00fablic, no universitari, d\u2019ensenyament d\u2019idiomes moderns per adults i joves a partir dels 16 anys complerts l\u2019any en que es comencin els estudis.&hellip;  <a href=\"https:\/\/agora-eoi.xtec.cat\/eoirubi\/el-servei-educatiu\/\" title=\"Read L&#8217;escola\">Llegeix m\u00e9s\u00bb<\/a><\/p>\n","protected":false},"author":1,"featured_media":0,"parent":0,"menu_order":100,"comment_status":"closed","ping_status":"closed","template":"page-templates\/side-menu.php","meta":{"_bbp_topic_count":0,"_bbp_reply_count":0,"_bbp_total_topic_count":0,"_bbp_total_reply_count":0,"_bbp_voice_count":0,"_bbp_anonymous_reply_count":0,"_bbp_topic_count_hidden":0,"_bbp_reply_count_hidden":0,"_bbp_forum_subforum_count":0,"footnotes":""},"class_list":["post-806","page","type-page","status-publish","hentry"],"post_mailing_queue_ids":[],"_links":{"self":[{"href":"https:\/\/agora-eoi.xtec.cat\/eoirubi\/wp-json\/wp\/v2\/pages\/806","targetHints":{"allow":["GET"]}}],"collection":[{"href":"https:\/\/agora-eoi.xtec.cat\/eoirubi\/wp-json\/wp\/v2\/pages"}],"about":[{"href":"https:\/\/agora-eoi.xtec.cat\/eoirubi\/wp-json\/wp\/v2\/types\/page"}],"author":[{"embeddable":true,"href":"https:\/\/agora-eoi.xtec.cat\/eoirubi\/wp-json\/wp\/v2\/users\/1"}],"replies":[{"embeddable":true,"href":"https:\/\/agora-eoi.xtec.cat\/eoirubi\/wp-json\/wp\/v2\/comments?post=806"}],"version-history":[{"count":5,"href":"https:\/\/agora-eoi.xtec.cat\/eoirubi\/wp-json\/wp\/v2\/pages\/806\/revisions"}],"predecessor-version":[{"id":9155,"href":"https:\/\/agora-eoi.xtec.cat\/eoirubi\/wp-json\/wp\/v2\/pages\/806\/revisions\/9155"}],"wp:attachment":[{"href":"https:\/\/agora-eoi.xtec.cat\/eoirubi\/wp-json\/wp\/v2\/media?parent=806"}],"curies":[{"name":"wp","href":"https:\/\/api.w.org\/{rel}","templated":true}]}}