{"id":10567,"date":"2025-03-18T17:16:35","date_gmt":"2025-03-18T16:16:35","guid":{"rendered":"https:\/\/agora-eoi.xtec.cat\/eoirubi\/?page_id=10567"},"modified":"2025-03-18T19:45:39","modified_gmt":"2025-03-18T18:45:39","slug":"incidencies-moodle","status":"publish","type":"page","link":"https:\/\/agora-eoi.xtec.cat\/eoirubi\/serveis\/incidencies-moodle\/","title":{"rendered":"Incid\u00e8ncies Moodle"},"content":{"rendered":"<p>Si no podeu entrar a Moodle o b\u00e9 teniu una altra tipus d&#8217;incid\u00e8ncia, ompliu aquest formulari i ens posarem en contacte amb vosaltres.<\/p>\n<p style=\"text-align: center;\">Formulari Incid\u00e8ncies Moodle<a href=\"https:\/\/agora-eoi.xtec.cat\/eoirubi\/call-center-1015274_1280_-_copia-removebg-preview\/\"><img loading=\"lazy\" decoding=\"async\" class=\"wp-image-10579 aligncenter\" src=\"https:\/\/agora-eoi.xtec.cat\/eoirubi\/wp-content\/uploads\/usu2255\/2025\/03\/call-center-1015274_1280_-_copia-removebg-preview.png\" alt=\"\" width=\"420\" height=\"219\" srcset=\"https:\/\/agora-eoi.xtec.cat\/eoirubi\/wp-content\/uploads\/usu2255\/2025\/03\/call-center-1015274_1280_-_copia-removebg-preview.png 692w, https:\/\/agora-eoi.xtec.cat\/eoirubi\/wp-content\/uploads\/usu2255\/2025\/03\/call-center-1015274_1280_-_copia-removebg-preview-300x157.png 300w\" sizes=\"auto, (max-width: 420px) 100vw, 420px\" \/><\/a><\/p>\n","protected":false},"excerpt":{"rendered":"<p>Si no podeu entrar a Moodle o b\u00e9 teniu una altra tipus d&#8217;incid\u00e8ncia, ompliu aquest formulari i ens posarem en contacte amb vosaltres.<br \/>\nFormulari Incid\u00e8ncies Moodle<a href=\"https:\/\/agora-eoi.xtec.cat\/eoirubi\/call-center-1015274_1280_-_copia-removebg-preview\/\"><\/a><\/p>\n","protected":false},"author":1,"featured_media":0,"parent":8411,"menu_order":0,"comment_status":"closed","ping_status":"closed","template":"","meta":{"_bbp_topic_count":0,"_bbp_reply_count":0,"_bbp_total_topic_count":0,"_bbp_total_reply_count":0,"_bbp_voice_count":0,"_bbp_anonymous_reply_count":0,"_bbp_topic_count_hidden":0,"_bbp_reply_count_hidden":0,"_bbp_forum_subforum_count":0,"footnotes":""},"class_list":["post-10567","page","type-page","status-publish","hentry"],"post_mailing_queue_ids":[],"_links":{"self":[{"href":"https:\/\/agora-eoi.xtec.cat\/eoirubi\/wp-json\/wp\/v2\/pages\/10567","targetHints":{"allow":["GET"]}}],"collection":[{"href":"https:\/\/agora-eoi.xtec.cat\/eoirubi\/wp-json\/wp\/v2\/pages"}],"about":[{"href":"https:\/\/agora-eoi.xtec.cat\/eoirubi\/wp-json\/wp\/v2\/types\/page"}],"author":[{"embeddable":true,"href":"https:\/\/agora-eoi.xtec.cat\/eoirubi\/wp-json\/wp\/v2\/users\/1"}],"replies":[{"embeddable":true,"href":"https:\/\/agora-eoi.xtec.cat\/eoirubi\/wp-json\/wp\/v2\/comments?post=10567"}],"version-history":[{"count":6,"href":"https:\/\/agora-eoi.xtec.cat\/eoirubi\/wp-json\/wp\/v2\/pages\/10567\/revisions"}],"predecessor-version":[{"id":10581,"href":"https:\/\/agora-eoi.xtec.cat\/eoirubi\/wp-json\/wp\/v2\/pages\/10567\/revisions\/10581"}],"up":[{"embeddable":true,"href":"https:\/\/agora-eoi.xtec.cat\/eoirubi\/wp-json\/wp\/v2\/pages\/8411"}],"wp:attachment":[{"href":"https:\/\/agora-eoi.xtec.cat\/eoirubi\/wp-json\/wp\/v2\/media?parent=10567"}],"curies":[{"name":"wp","href":"https:\/\/api.w.org\/{rel}","templated":true}]}}