{"id":9453,"date":"2023-07-02T14:12:28","date_gmt":"2023-07-02T12:12:28","guid":{"rendered":"http:\/\/agora-eoi.xtec.cat\/eoiriberadebre\/?page_id=9453"},"modified":"2025-06-12T13:27:01","modified_gmt":"2025-06-12T11:27:01","slug":"preus-matricula","status":"publish","type":"page","link":"https:\/\/agora-eoi.xtec.cat\/eoiriberadebre\/secretaria\/matricula\/preus-matricula\/","title":{"rendered":"Preus matr\u00edcula"},"content":{"rendered":"<h3><span style=\"color: #33cccc;\"><strong>Taxes oficials per al curs 2025-2026<\/strong><\/span><\/h3>\n<p>Un cop h\u00e0giu triat grup i horari, haureu d\u2019imprimir-vos el full de pagament i fer l\u2019ingr\u00e9s en el termini de 24 hores a partir de la formalitzaci\u00f3 de la matr\u00edcula a qualsevol terminal de Servicaixa de Caixabank o b\u00e9 amb targeta de cr\u00e8dit. El pagament tamb\u00e9 es pot fer amb L\u00ednia Oberta. Heu d\u2019entrar a l\u2019apartat <em>Pagaments i impostos<\/em>\u00a0i introduir els codis que trobareu al rebut de pagament.<\/p>\n<p>L\u2019import a pagar pels nivells <strong>A1, A2 i C1 <\/strong>correspon als <strong>preus p\u00fablics<\/strong> establerts per la Generalitat de Catalunya.<\/p>\n<p>L\u2019import a pagar pels nivells <strong>B1 i B2<\/strong> correspon a les <strong>taxes<\/strong> establertes per la Generalitat de Catalunya.<\/p>\n<p>Consulteu els<strong>\u00a0taxes<\/strong><strong>, preus p\u00fablics i <\/strong><strong>bonificacions i exempcions<\/strong>.<\/p>\n<h5><span id=\"TAXES_Pagina_Gencat\"><strong><a href=\"http:\/\/educacio.gencat.cat\/ca\/departament\/normativa\/taxes-preus-publics\/taxes\/\">TAXES (B1 i B2)<\/a> <\/strong><\/span><\/h5>\n<table style=\"height: 128px;\">\n<tbody>\n<tr style=\"height: 32px;\">\n<td style=\"height: 32px; width: 478.5px;\"><\/td>\n<td style=\"height: 32px; width: 123.797px;\"><strong>Primera vegada<\/strong><\/td>\n<td style=\"height: 32px; width: 133.891px;\"><strong>Primera repetici\u00f3<\/strong><\/td>\n<td style=\"height: 32px; width: 226.891px;\"><strong>Segona Repetici\u00f3<\/strong><\/td>\n<\/tr>\n<tr style=\"height: 32px;\">\n<td style=\"height: 32px; width: 478.5px;\"><strong>Matr\u00edcula Ordin\u00e0ria<\/strong><\/td>\n<td style=\"height: 32px; width: 123.797px;\"><strong>297,60\u20ac+30\u20ac*<\/strong><\/td>\n<td style=\"height: 32px; width: 133.891px;\"><strong>386,90\u20ac+39\u20ac<em>*<\/em><\/strong><\/td>\n<td style=\"height: 32px; width: 226.891px;\"><strong>535,70\u20ac + 54\u20ac<em>*<\/em><\/strong><\/td>\n<\/tr>\n<tr style=\"height: 32px;\">\n<td style=\"height: 32px; width: 478.5px;\"><strong>Fam\u00edlia Nombrosa (Cat. General) i Monoparental (Cat. Gral i especial)<\/strong><\/td>\n<td style=\"height: 32px; width: 123.797px;\"><strong>148,80\u20ac<\/strong>+<strong>15\u20ac*<\/strong><\/td>\n<td style=\"height: 32px; width: 133.891px;\"><strong>193,45\u20ac<\/strong>+<strong>19,50\u20ac<em>*<\/em><\/strong><\/td>\n<td style=\"height: 32px; width: 226.891px;\"><strong>267,85\u20ac + 27\u20ac<em>*<\/em><\/strong><\/td>\n<\/tr>\n<tr style=\"height: 32px;\">\n<td style=\"height: 32px; width: 969.078px;\" colspan=\"4\"><em>*<\/em>Preu p\u00fablic obligatori:<em>\u00a0El preu pels serveis d\u2019acc\u00e9s a la plataforma i materials did\u00e0ctics dels ensenyaments d\u2019idiomes.<\/em><\/td>\n<\/tr>\n<\/tbody>\n<\/table>\n<h5><span id=\"_\">\u00a0<\/span><span id=\"PREUS_PUBLICS_Pagina_Gencat_Ensenyaments_d8217idiomes\"><strong><a href=\"http:\/\/educacio.gencat.cat\/ca\/departament\/normativa\/taxes-preus-publics\/preu-public\/\">PREUS P\u00daBLICS (A1, A2 i C1)<\/a><\/strong><\/span><\/h5>\n<table>\n<tbody>\n<tr>\n<td><\/td>\n<td><strong>Primera vegada<\/strong><\/td>\n<td><strong>Primera repetici\u00f3<\/strong><\/td>\n<td><strong>Segona Repetici\u00f3<\/strong><\/td>\n<\/tr>\n<tr>\n<td><strong>Matr\u00edcula Ordin\u00e0ria<\/strong><\/td>\n<td><strong>275,00\u20ac+30\u20ac*<\/strong><\/td>\n<td><strong>357,50\u20ac+39\u20ac<\/strong><\/td>\n<td><strong>495,00\u20ac + 54\u20ac<\/strong><\/td>\n<\/tr>\n<tr>\n<td><strong>Fam\u00edlia Nombrosa (Cat. General) i Monoparental (Cat. Gral i especial)<\/strong><\/td>\n<td><strong>137,50\u20ac<\/strong>+<strong>15\u20ac*<\/strong><\/td>\n<td><strong>178,75\u20ac<\/strong>+<strong>19,50\u20ac<\/strong><\/td>\n<td><strong>247,50\u20ac + 27\u20ac<\/strong><\/td>\n<\/tr>\n<tr>\n<td colspan=\"4\">*Nou preu p\u00fablic obligatori: El preu pels serveis d\u2019acc\u00e9s a la plataforma i materials did\u00e0ctics dels ensenyaments d\u2019idiomes.<\/p>\n<p><strong>Marc Legal:<\/strong><\/p>\n<p><a href=\"https:\/\/dogc.gencat.cat\/ca\/document-del-dogc\/?documentId=958713\">Ordre EDU\/90\/2023, de 21 d&#8217;abril, per la qual es dona publicitat de les taxes vigents que gestiona el Departament d&#8217;Educaci\u00f3<\/a><\/p>\n<p><a href=\"https:\/\/dogc.gencat.cat\/ca\/document-del-dogc\/?documentId=902034\">Ordre EDU\/114\/2021, de 25 de maig, per la qual es modifica l&#8217;Ordre EDU\/155\/2020, de 18 de setembre, per la qual se suprimeixen, es creen i s&#8217;actualitzen els preus p\u00fablics i els imports de determinats ensenyaments i serveis docents de les escoles oficials d&#8217;idiomes del Departament d&#8217;Educaci\u00f3<\/a><\/p>\n<p><a title=\"Aquest enlla\u00e7 s'obre en una nova pestanya: Ordre ENS\/10\/2015, de 12 de gener,\" href=\"https:\/\/portaljuridic.gencat.cat\/ca\/document-del-pjur\/?documentId=683205&amp;traceability=01&amp;language=ca\" target=\"_blank\" rel=\"noopener noreferrer\">Ordre ENS\/10\/2015, de 12 de gener<\/a><\/td>\n<\/tr>\n<\/tbody>\n<\/table>\n<h5><a href=\"https:\/\/drive.google.com\/file\/d\/1qf7U3dYwiup_OlPZNnkMMV6Nu8uZ9gqV\/view?usp=sharing\"><strong>BONIFICACIONS I EXEMPCIONS<\/strong><\/a><\/h5>\n<p><strong>*En qualsevol cas de reducci\u00f3 de la taxa de matr\u00edcula s\u2019haur\u00e0 d\u2019aportar la justificaci\u00f3 corresponent de les exempcions<\/strong><\/p>\n<ul>\n<li>t\u00edtol de fam\u00edlia nombrosa o el t\u00edtol de fam\u00edlia monoparental<\/li>\n<li>certificat de discapacitat o la targeta acreditativa de la discapacitat<\/li>\n<li>persones v\u00edctimes d\u2019actes terroristes: resoluci\u00f3 del Ministeri de l\u2019Interior<\/li>\n<li>persones privades de llibertat: certificat de l\u2019Administraci\u00f3 de Just\u00edcia<\/li>\n<li>persones membres d\u2019unitats familiars que percebin la renda m\u00ednima d\u2019inserci\u00f3 o la renda activa d\u2019inserci\u00f3: certificat de l\u2019administraci\u00f3 corresponent.<\/li>\n<li>alumnes que tinguin concedida una beca per a estudis d&#8217;idiomes per part de l&#8217;Administraci\u00f3 p\u00fablica competent en la mat\u00e8ria. Si un alumne es matricula de dos o m\u00e9s idiomes, l&#8217;exempci\u00f3 nom\u00e9s abasta l&#8217;idioma per al qual s&#8217;ha concedit la beca. L&#8217;exempci\u00f3 nom\u00e9s es concedir\u00e0 per al mateix curs acad\u00e8mic per al qual s&#8217;ha concedit la beca. A l&#8217;efecte de formalitzaci\u00f3 de la matr\u00edcula oficial, l&#8217;alumne ha d&#8217;abonar la taxa si encara no t\u00e9 concedida la beca. Un cop se li notifiqui la concessi\u00f3 de la beca, podr\u00e0 demanar la devoluci\u00f3 de l&#8217;import de la taxa mitjan\u00e7at el procediment de devoluci\u00f3 d&#8217;ingressos indeguts<\/li>\n<li>persones v\u00edctimes de viol\u00e8ncia de g\u00e8nere: ordre de protecci\u00f3 judicial, Informe del Ministeri Fiscal que indiqui l\u2019exist\u00e8ncia d\u2019indicis de qu\u00e8 est\u00e0 essent objecte de viol\u00e8ncia, Sent\u00e8ncia condemnat\u00f2ria de la persona agressora o b\u00e9 Certificat del Dept. de Benestar i Fam\u00edlia, Ajuntament o centre d\u2019acollida indicant la seva situaci\u00f3.<\/li>\n<li>alumnes que en el curs acad\u00e8mic immediatament anterior han obtingut matr\u00edcula d&#8217;honor en el batxillerat o el Premi Extraordinari de Batxillerat (resten exempts de la taxa corresponent a la primera matr\u00edcula),<\/li>\n<li>menors tutelats o ex tutelats menors de 21 anys d&#8217;edat (la condici\u00f3 de persona tutelada o ex tutelada s&#8217;acredita per mitj\u00e0 del certificat em\u00e8s per la Direcci\u00f3 General d&#8217;Atenci\u00f3 a la Inf\u00e0ncia i la Adolesc\u00e8ncia o l&#8217;\u00f2rgan equivalent d&#8217;altres comunitats aut\u00f2nomes).<\/li>\n<\/ul>\n<h5><span id=\"_-2\">\u00a0<\/span><\/h5>\n<p>En el cas de tenir descompte o bonificaci\u00f3 per fam\u00edlia nombrosa o discapacitat cal que lliureu la documentaci\u00f3 necess\u00e0ria (document original i fotoc\u00f2pia) a secretaria abans de l\u2019inici de classes. Tamb\u00e9 caldr\u00e0 que lliureu a secretaria una fotoc\u00f2pia del DNI.<\/p>\n<p><strong>Aclariments:\u00a0<\/strong>No est\u00e0 perm\u00e8s matricular-se com a alumnat oficial i lliure del mateix idioma durant del mateix any acad\u00e8mic.<\/p>\n","protected":false},"excerpt":{"rendered":"<p>Taxes oficials per al curs 2025-2026<br \/>\nUn cop h\u00e0giu triat grup i horari, haureu d\u2019imprimir-vos el full de pagament i fer l\u2019ingr\u00e9s en el termini de 24 hores a partir de la formalitzaci\u00f3 de la matr\u00edcula a qualsevol terminal de Servicaixa de Caixabank o b\u00e9 amb&hellip;  <a href=\"https:\/\/agora-eoi.xtec.cat\/eoiriberadebre\/secretaria\/matricula\/preus-matricula\/\" title=\"Read Preus matr\u00edcula\">Llegeix m\u00e9s\u00bb<\/a><\/p>\n","protected":false},"author":1,"featured_media":0,"parent":8161,"menu_order":40,"comment_status":"closed","ping_status":"closed","template":"","meta":{"_bbp_topic_count":0,"_bbp_reply_count":0,"_bbp_total_topic_count":0,"_bbp_total_reply_count":0,"_bbp_voice_count":0,"_bbp_anonymous_reply_count":0,"_bbp_topic_count_hidden":0,"_bbp_reply_count_hidden":0,"_bbp_forum_subforum_count":0,"footnotes":""},"class_list":["post-9453","page","type-page","status-publish","hentry"],"post_mailing_queue_ids":[],"_links":{"self":[{"href":"https:\/\/agora-eoi.xtec.cat\/eoiriberadebre\/wp-json\/wp\/v2\/pages\/9453","targetHints":{"allow":["GET"]}}],"collection":[{"href":"https:\/\/agora-eoi.xtec.cat\/eoiriberadebre\/wp-json\/wp\/v2\/pages"}],"about":[{"href":"https:\/\/agora-eoi.xtec.cat\/eoiriberadebre\/wp-json\/wp\/v2\/types\/page"}],"author":[{"embeddable":true,"href":"https:\/\/agora-eoi.xtec.cat\/eoiriberadebre\/wp-json\/wp\/v2\/users\/1"}],"replies":[{"embeddable":true,"href":"https:\/\/agora-eoi.xtec.cat\/eoiriberadebre\/wp-json\/wp\/v2\/comments?post=9453"}],"version-history":[{"count":7,"href":"https:\/\/agora-eoi.xtec.cat\/eoiriberadebre\/wp-json\/wp\/v2\/pages\/9453\/revisions"}],"predecessor-version":[{"id":10884,"href":"https:\/\/agora-eoi.xtec.cat\/eoiriberadebre\/wp-json\/wp\/v2\/pages\/9453\/revisions\/10884"}],"up":[{"embeddable":true,"href":"https:\/\/agora-eoi.xtec.cat\/eoiriberadebre\/wp-json\/wp\/v2\/pages\/8161"}],"wp:attachment":[{"href":"https:\/\/agora-eoi.xtec.cat\/eoiriberadebre\/wp-json\/wp\/v2\/media?parent=9453"}],"curies":[{"name":"wp","href":"https:\/\/api.w.org\/{rel}","templated":true}]}}