{"id":9448,"date":"2019-06-13T13:58:58","date_gmt":"2019-06-13T11:58:58","guid":{"rendered":"http:\/\/agora-eoi.xtec.cat\/eoiriberadebre\/?page_id=9448"},"modified":"2019-09-02T14:16:55","modified_gmt":"2019-09-02T12:16:55","slug":"matricula-calendari-de-setembre","status":"publish","type":"page","link":"https:\/\/agora-eoi.xtec.cat\/eoiriberadebre\/secretaria\/matricula\/matricula-calendari-de-setembre\/","title":{"rendered":"Calendari de setembre"},"content":{"rendered":"<p>L&#8217;acc\u00e8s a una matricula oficial es far\u00e0 mitjan\u00e7ant preinscripci\u00f3, aquesta \u00e9s obligat\u00f2ria per accedir per primera vegada a una EOI en modalitat presencial.<\/p>\n<p style=\"font-weight: 400;\">Per realitzar correctament la preinscripci\u00f3, si us plau,\u00a0llegiu atentament\u00a0 tota la informaci\u00f3\u00a0donada dins l&#8217;aplicatiu.<\/p>\n<p style=\"font-weight: 400;\">\u00a0La preinscripci\u00f3 la podeu realitzar:<\/p>\n<ul style=\"font-weight: 400;\">\n<li><a href=\"http:\/\/ensenyament.gencat.cat\/ca\/tramits\/tramits-temes\/Preinscripcioa-les-escoles-oficials-didiomes?category=74447ed8-a82c-11e3-a972-000c29052e2c&amp;temesNom=Educaci%C3%B3%20i%20formaci%C3%B3\" target=\"_blank\" rel=\"noopener noreferrer\">telem\u00e0ticament\u00a0 del\u00a0<b><strong>dia 2 al 5 de setembre del 2019<\/strong><\/b><\/a><\/li>\n<\/ul>\n<ul style=\"font-weight: 400;\">\n<li>telem\u00e0ticament<b><strong> amb suport presencial a l&#8217;EOI\u00a0\u00a0el 5 de setembre fins les 14.00h.<\/strong><\/b><\/li>\n<\/ul>\n<p style=\"font-weight: 400;\"><a href=\"https:\/\/drive.google.com\/file\/d\/1_fgPG9SZmIpRMwSlfeK74JzJO8ksWTwt\/view?usp=sharing\"><b><strong>CALENDARI DE SETEMBRE 2019 <\/strong><\/b>&#8211;<b><strong> NOUS ALUMNES<\/strong><\/b><\/a><\/p>\n<p><strong><em>Recordeu que la preinscripci\u00f3 <a href=\"https:\/\/agora-eoi.xtec.cat\/eoiriberadebre\/wp-content\/uploads\/usu2265\/2019\/08\/Calendari-foto.jpg\"><img loading=\"lazy\" decoding=\"async\" class=\"size-full wp-image-9625 alignleft\" src=\"https:\/\/agora-eoi.xtec.cat\/eoiriberadebre\/wp-content\/uploads\/usu2265\/2019\/08\/Calendari-foto.jpg\" alt=\"\" width=\"259\" height=\"195\" \/><\/a>no equival a ser alumne oficial, si despr\u00e8s del sorteig esteu admesos haureu de formalitzar la matr\u00edcula a l\u2019EOI Ribera d\u2019Ebre.<\/em><\/strong><\/p>\n","protected":false},"excerpt":{"rendered":"<p>L&#8217;acc\u00e8s a una matricula oficial es far\u00e0 mitjan\u00e7ant preinscripci\u00f3, aquesta \u00e9s obligat\u00f2ria per accedir per primera vegada a una EOI en modalitat presencial.<br \/>\nPer realitzar correctament la preinscripci\u00f3, si us plau,\u00a0llegiu atentament\u00a0 tota la informaci\u00f3\u00a0donada dins l&#8217;aplicatiu.<br \/>\n\u00a0La preinscripci\u00f3 la podeu realitzar:<\/p>\n<ul style=\"font-weight: 400;\">\n<li><a href=\"http:\/\/ensenyament.gencat.cat\/ca\/tramits\/tramits-temes\/Preinscripcioa-les-escoles-oficials-didiomes?category=74447ed8-a82c-11e3-a972-000c29052e2c&amp;temesNom=Educaci%C3%B3%20i%20formaci%C3%B3\" target=\"_blank\" rel=\"noopener&hellip;  <a href=\"https:\/\/agora-eoi.xtec.cat\/eoiriberadebre\/secretaria\/matricula\/matricula-calendari-de-setembre\/\" title=\"Read Calendari de setembre\">Llegeix m\u00e9s\u00bb<\/a><br \/>\n","protected":false},"author":1,"featured_media":0,"parent":8161,"menu_order":0,"comment_status":"closed","ping_status":"closed","template":"","meta":{"_bbp_topic_count":0,"_bbp_reply_count":0,"_bbp_total_topic_count":0,"_bbp_total_reply_count":0,"_bbp_voice_count":0,"_bbp_anonymous_reply_count":0,"_bbp_topic_count_hidden":0,"_bbp_reply_count_hidden":0,"_bbp_forum_subforum_count":0,"footnotes":""},"class_list":["post-9448","page","type-page","status-publish","hentry"],"post_mailing_queue_ids":[],"_links":{"self":[{"href":"https:\/\/agora-eoi.xtec.cat\/eoiriberadebre\/wp-json\/wp\/v2\/pages\/9448","targetHints":{"allow":["GET"]}}],"collection":[{"href":"https:\/\/agora-eoi.xtec.cat\/eoiriberadebre\/wp-json\/wp\/v2\/pages"}],"about":[{"href":"https:\/\/agora-eoi.xtec.cat\/eoiriberadebre\/wp-json\/wp\/v2\/types\/page"}],"author":[{"embeddable":true,"href":"https:\/\/agora-eoi.xtec.cat\/eoiriberadebre\/wp-json\/wp\/v2\/users\/1"}],"replies":[{"embeddable":true,"href":"https:\/\/agora-eoi.xtec.cat\/eoiriberadebre\/wp-json\/wp\/v2\/comments?post=9448"}],"version-history":[{"count":2,"href":"https:\/\/agora-eoi.xtec.cat\/eoiriberadebre\/wp-json\/wp\/v2\/pages\/9448\/revisions"}],"predecessor-version":[{"id":9649,"href":"https:\/\/agora-eoi.xtec.cat\/eoiriberadebre\/wp-json\/wp\/v2\/pages\/9448\/revisions\/9649"}],"up":[{"embeddable":true,"href":"https:\/\/agora-eoi.xtec.cat\/eoiriberadebre\/wp-json\/wp\/v2\/pages\/8161"}],"wp:attachment":[{"href":"https:\/\/agora-eoi.xtec.cat\/eoiriberadebre\/wp-json\/wp\/v2\/media?parent=9448"}],"curies":[{"name":"wp","href":"https:\/\/api.w.org\/{rel}","templated":true}]}}