{"id":8623,"date":"2016-06-20T11:26:35","date_gmt":"2016-06-20T10:26:35","guid":{"rendered":"http:\/\/agora-eoi.xtec.cat\/eoiriberadebre\/?page_id=8623"},"modified":"2024-09-25T10:46:48","modified_gmt":"2024-09-25T08:46:48","slug":"carrecs-de-coordinacio","status":"publish","type":"page","link":"https:\/\/agora-eoi.xtec.cat\/eoiriberadebre\/el-servei-educatiu\/organigrama\/carrecs-de-coordinacio\/","title":{"rendered":"C\u00e0rrecs de coordinaci\u00f3"},"content":{"rendered":"<p><strong>Cap departament de franc\u00e8s:<\/strong><\/p>\n<p>M\u00aa \u00c1ngeles Barquero<\/p>\n<p>&nbsp;<\/p>\n<p><strong>Coordinaci\u00f3 inform\u00e0tica:<\/strong><\/p>\n<p>M\u00aa Pilar Sans\u00f3<\/p>\n<p>&nbsp;<\/p>\n<p><strong>Prevenci\u00f3 riscos laborals:<\/strong><\/p>\n<p>M\u00aa \u00c1ngeles Barquero<\/p>\n<p>&nbsp;<\/p>\n<p><strong>Cap de departament d&#8217;angl\u00e8s:<\/strong><\/p>\n<p>Rosa Torrents<\/p>\n<p>&nbsp;<\/p>\n<p><strong>Coordinaci\u00f3 ling\u00fc\u00edstica:<\/strong><\/p>\n<p>Rosa Torrens<\/p>\n","protected":false},"excerpt":{"rendered":"<p>Cap departament de franc\u00e8s:<br \/>\nM\u00aa \u00c1ngeles Barquero<br \/>\n&nbsp;<br \/>\nCoordinaci\u00f3 inform\u00e0tica:<br \/>\nM\u00aa Pilar Sans\u00f3<br \/>\n&nbsp;<br \/>\nPrevenci\u00f3 riscos laborals:<br \/>\nM\u00aa \u00c1ngeles Barquero<br \/>\n&nbsp;<br \/>\nCap de departament d&#8217;angl\u00e8s:<br \/>\nRosa Torrents<br \/>\n&nbsp;<br \/>\nCoordinaci\u00f3 ling\u00fc\u00edstica:<br \/>\nRosa Torrens<\/p>\n","protected":false},"author":1,"featured_media":0,"parent":8141,"menu_order":15,"comment_status":"closed","ping_status":"closed","template":"page-templates\/side-menu.php","meta":{"_bbp_topic_count":0,"_bbp_reply_count":0,"_bbp_total_topic_count":0,"_bbp_total_reply_count":0,"_bbp_voice_count":0,"_bbp_anonymous_reply_count":0,"_bbp_topic_count_hidden":0,"_bbp_reply_count_hidden":0,"_bbp_forum_subforum_count":0,"footnotes":""},"class_list":["post-8623","page","type-page","status-publish","hentry"],"post_mailing_queue_ids":[],"_links":{"self":[{"href":"https:\/\/agora-eoi.xtec.cat\/eoiriberadebre\/wp-json\/wp\/v2\/pages\/8623","targetHints":{"allow":["GET"]}}],"collection":[{"href":"https:\/\/agora-eoi.xtec.cat\/eoiriberadebre\/wp-json\/wp\/v2\/pages"}],"about":[{"href":"https:\/\/agora-eoi.xtec.cat\/eoiriberadebre\/wp-json\/wp\/v2\/types\/page"}],"author":[{"embeddable":true,"href":"https:\/\/agora-eoi.xtec.cat\/eoiriberadebre\/wp-json\/wp\/v2\/users\/1"}],"replies":[{"embeddable":true,"href":"https:\/\/agora-eoi.xtec.cat\/eoiriberadebre\/wp-json\/wp\/v2\/comments?post=8623"}],"version-history":[{"count":5,"href":"https:\/\/agora-eoi.xtec.cat\/eoiriberadebre\/wp-json\/wp\/v2\/pages\/8623\/revisions"}],"predecessor-version":[{"id":10800,"href":"https:\/\/agora-eoi.xtec.cat\/eoiriberadebre\/wp-json\/wp\/v2\/pages\/8623\/revisions\/10800"}],"up":[{"embeddable":true,"href":"https:\/\/agora-eoi.xtec.cat\/eoiriberadebre\/wp-json\/wp\/v2\/pages\/8141"}],"wp:attachment":[{"href":"https:\/\/agora-eoi.xtec.cat\/eoiriberadebre\/wp-json\/wp\/v2\/media?parent=8623"}],"curies":[{"name":"wp","href":"https:\/\/api.w.org\/{rel}","templated":true}]}}