{"id":8427,"date":"2016-06-14T15:20:45","date_gmt":"2016-06-14T14:20:45","guid":{"rendered":"http:\/\/agora-eoi.xtec.cat\/eoiriberadebre\/?page_id=8427"},"modified":"2025-07-09T11:52:42","modified_gmt":"2025-07-09T09:52:42","slug":"grups-de-conversa","status":"publish","type":"page","link":"https:\/\/agora-eoi.xtec.cat\/eoiriberadebre\/serveis\/grups-de-conversa\/","title":{"rendered":"Grups de conversa"},"content":{"rendered":"<p style=\"text-align: justify;\">A l&#8217;EOI Ribera d&#8217;Ebre tenim la sort de comptar amb voluntris brit\u00e0nics i una volunt\u00e0ria francesa que en sessions de mitja hora ajuden els nostres alumnes a fer pr\u00e0ctica oral dels continguts estudiats a classe. Les activitats orals estan pensades per practicar en parelles o petits grups amb l&#8217;acompanyament de les nostres volunt\u00e0ries.<\/p>\n<p style=\"text-align: justify;\">Per poder participar-hi heu de ser alumnes de l&#8217;escola i heu d&#8217;emplenar un full d&#8217;inscripci\u00f3 que podeu demanar al\/la vostre\/a professor\/a.<\/p>\n<p>&nbsp;<\/p>\n<p style=\"text-align: justify;\"><a href=\"https:\/\/agora-eoi.xtec.cat\/eoiriberadebre\/wp-content\/uploads\/usu2265\/2025\/07\/Agraiment-Vountaris-de-conversa.png\"><img loading=\"lazy\" decoding=\"async\" class=\" wp-image-10922 aligncenter\" src=\"https:\/\/agora-eoi.xtec.cat\/eoiriberadebre\/wp-content\/uploads\/usu2265\/2025\/07\/Agraiment-Vountaris-de-conversa-169x300.png\" alt=\"\" width=\"278\" height=\"494\" srcset=\"https:\/\/agora-eoi.xtec.cat\/eoiriberadebre\/wp-content\/uploads\/usu2265\/2025\/07\/Agraiment-Vountaris-de-conversa-169x300.png 169w, https:\/\/agora-eoi.xtec.cat\/eoiriberadebre\/wp-content\/uploads\/usu2265\/2025\/07\/Agraiment-Vountaris-de-conversa-576x1024.png 576w, https:\/\/agora-eoi.xtec.cat\/eoiriberadebre\/wp-content\/uploads\/usu2265\/2025\/07\/Agraiment-Vountaris-de-conversa-768x1365.png 768w, https:\/\/agora-eoi.xtec.cat\/eoiriberadebre\/wp-content\/uploads\/usu2265\/2025\/07\/Agraiment-Vountaris-de-conversa-864x1536.png 864w, https:\/\/agora-eoi.xtec.cat\/eoiriberadebre\/wp-content\/uploads\/usu2265\/2025\/07\/Agraiment-Vountaris-de-conversa.png 1080w\" sizes=\"auto, (max-width: 278px) 100vw, 278px\" \/><\/a> <a href=\"https:\/\/agora-eoi.xtec.cat\/eoiriberadebre\/wp-content\/uploads\/usu2265\/2025\/07\/Grups-de-conversa-Instagram.png\">\u00a0 \u00a0 \u00a0<img loading=\"lazy\" decoding=\"async\" class=\"wp-image-10923 aligncenter\" src=\"https:\/\/agora-eoi.xtec.cat\/eoiriberadebre\/wp-content\/uploads\/usu2265\/2025\/07\/Grups-de-conversa-Instagram-300x300.png\" alt=\"\" width=\"286\" height=\"286\" srcset=\"https:\/\/agora-eoi.xtec.cat\/eoiriberadebre\/wp-content\/uploads\/usu2265\/2025\/07\/Grups-de-conversa-Instagram-300x300.png 300w, https:\/\/agora-eoi.xtec.cat\/eoiriberadebre\/wp-content\/uploads\/usu2265\/2025\/07\/Grups-de-conversa-Instagram-1024x1024.png 1024w, https:\/\/agora-eoi.xtec.cat\/eoiriberadebre\/wp-content\/uploads\/usu2265\/2025\/07\/Grups-de-conversa-Instagram-150x150.png 150w, https:\/\/agora-eoi.xtec.cat\/eoiriberadebre\/wp-content\/uploads\/usu2265\/2025\/07\/Grups-de-conversa-Instagram-768x768.png 768w, https:\/\/agora-eoi.xtec.cat\/eoiriberadebre\/wp-content\/uploads\/usu2265\/2025\/07\/Grups-de-conversa-Instagram.png 1080w\" sizes=\"auto, (max-width: 286px) 100vw, 286px\" \/><\/a><\/p>\n<p style=\"text-align: justify;\"><a href=\"https:\/\/agora-eoi.xtec.cat\/eoiriberadebre\/wp-content\/uploads\/usu2265\/2025\/07\/\ud83d\udde3\ufe0f\ud83d\udcac-Aquesta-setmana-han-comencat-els-primers-grups-de-conversa-de-frances-Gracies-a-la-volunt.jpg\"><img loading=\"lazy\" decoding=\"async\" class=\"size-medium wp-image-10924 aligncenter\" src=\"https:\/\/agora-eoi.xtec.cat\/eoiriberadebre\/wp-content\/uploads\/usu2265\/2025\/07\/\ud83d\udde3\ufe0f\ud83d\udcac-Aquesta-setmana-han-comencat-els-primers-grups-de-conversa-de-frances-Gracies-a-la-volunt-300x300.jpg\" alt=\"\" width=\"300\" height=\"300\" srcset=\"https:\/\/agora-eoi.xtec.cat\/eoiriberadebre\/wp-content\/uploads\/usu2265\/2025\/07\/\ud83d\udde3\ufe0f\ud83d\udcac-Aquesta-setmana-han-comencat-els-primers-grups-de-conversa-de-frances-Gracies-a-la-volunt-300x300.jpg 300w, https:\/\/agora-eoi.xtec.cat\/eoiriberadebre\/wp-content\/uploads\/usu2265\/2025\/07\/\ud83d\udde3\ufe0f\ud83d\udcac-Aquesta-setmana-han-comencat-els-primers-grups-de-conversa-de-frances-Gracies-a-la-volunt-1024x1024.jpg 1024w, https:\/\/agora-eoi.xtec.cat\/eoiriberadebre\/wp-content\/uploads\/usu2265\/2025\/07\/\ud83d\udde3\ufe0f\ud83d\udcac-Aquesta-setmana-han-comencat-els-primers-grups-de-conversa-de-frances-Gracies-a-la-volunt-150x150.jpg 150w, https:\/\/agora-eoi.xtec.cat\/eoiriberadebre\/wp-content\/uploads\/usu2265\/2025\/07\/\ud83d\udde3\ufe0f\ud83d\udcac-Aquesta-setmana-han-comencat-els-primers-grups-de-conversa-de-frances-Gracies-a-la-volunt-768x768.jpg 768w, https:\/\/agora-eoi.xtec.cat\/eoiriberadebre\/wp-content\/uploads\/usu2265\/2025\/07\/\ud83d\udde3\ufe0f\ud83d\udcac-Aquesta-setmana-han-comencat-els-primers-grups-de-conversa-de-frances-Gracies-a-la-volunt.jpg 1080w\" sizes=\"auto, (max-width: 300px) 100vw, 300px\" \/><\/a> <a href=\"https:\/\/agora-eoi.xtec.cat\/eoiriberadebre\/wp-content\/uploads\/usu2265\/2025\/07\/\ud83d\udcac-\ud835\udcf0\ud835\udcfb\ud835\udcfe\ud835\udcf9\ud835\udcfc-\ud835\udced\ud835\udcee-\ud835\udcec\ud835\udcf8\ud835\udcf7\ud835\udcff\ud835\udcee\ud835\udcfb\ud835\udcfc\ud835\udceaGracies-a-les-nostres-voluntaries-dels-grups-de-conversa-de-f.jpg\"><img loading=\"lazy\" decoding=\"async\" class=\"wp-image-10925 size-medium aligncenter\" src=\"https:\/\/agora-eoi.xtec.cat\/eoiriberadebre\/wp-content\/uploads\/usu2265\/2025\/07\/\ud83d\udcac-\ud835\udcf0\ud835\udcfb\ud835\udcfe\ud835\udcf9\ud835\udcfc-\ud835\udced\ud835\udcee-\ud835\udcec\ud835\udcf8\ud835\udcf7\ud835\udcff\ud835\udcee\ud835\udcfb\ud835\udcfc\ud835\udceaGracies-a-les-nostres-voluntaries-dels-grups-de-conversa-de-f-300x266.jpg\" alt=\"\" width=\"300\" height=\"266\" srcset=\"https:\/\/agora-eoi.xtec.cat\/eoiriberadebre\/wp-content\/uploads\/usu2265\/2025\/07\/\ud83d\udcac-\ud835\udcf0\ud835\udcfb\ud835\udcfe\ud835\udcf9\ud835\udcfc-\ud835\udced\ud835\udcee-\ud835\udcec\ud835\udcf8\ud835\udcf7\ud835\udcff\ud835\udcee\ud835\udcfb\ud835\udcfc\ud835\udceaGracies-a-les-nostres-voluntaries-dels-grups-de-conversa-de-f-300x266.jpg 300w, https:\/\/agora-eoi.xtec.cat\/eoiriberadebre\/wp-content\/uploads\/usu2265\/2025\/07\/\ud83d\udcac-\ud835\udcf0\ud835\udcfb\ud835\udcfe\ud835\udcf9\ud835\udcfc-\ud835\udced\ud835\udcee-\ud835\udcec\ud835\udcf8\ud835\udcf7\ud835\udcff\ud835\udcee\ud835\udcfb\ud835\udcfc\ud835\udceaGracies-a-les-nostres-voluntaries-dels-grups-de-conversa-de-f-1024x908.jpg 1024w, https:\/\/agora-eoi.xtec.cat\/eoiriberadebre\/wp-content\/uploads\/usu2265\/2025\/07\/\ud83d\udcac-\ud835\udcf0\ud835\udcfb\ud835\udcfe\ud835\udcf9\ud835\udcfc-\ud835\udced\ud835\udcee-\ud835\udcec\ud835\udcf8\ud835\udcf7\ud835\udcff\ud835\udcee\ud835\udcfb\ud835\udcfc\ud835\udceaGracies-a-les-nostres-voluntaries-dels-grups-de-conversa-de-f-768x681.jpg 768w, https:\/\/agora-eoi.xtec.cat\/eoiriberadebre\/wp-content\/uploads\/usu2265\/2025\/07\/\ud83d\udcac-\ud835\udcf0\ud835\udcfb\ud835\udcfe\ud835\udcf9\ud835\udcfc-\ud835\udced\ud835\udcee-\ud835\udcec\ud835\udcf8\ud835\udcf7\ud835\udcff\ud835\udcee\ud835\udcfb\ud835\udcfc\ud835\udceaGracies-a-les-nostres-voluntaries-dels-grups-de-conversa-de-f.jpg 1080w\" sizes=\"auto, (max-width: 300px) 100vw, 300px\" \/><\/a><\/p>\n","protected":false},"excerpt":{"rendered":"<p>A l&#8217;EOI Ribera d&#8217;Ebre tenim la sort de comptar amb voluntris brit\u00e0nics i una volunt\u00e0ria francesa que en sessions de mitja hora ajuden els nostres alumnes a fer pr\u00e0ctica oral dels continguts estudiats a classe. Les activitats orals estan pensades per practicar en parelles o&hellip;  <a href=\"https:\/\/agora-eoi.xtec.cat\/eoiriberadebre\/serveis\/grups-de-conversa\/\" title=\"Read Grups de conversa\">Llegeix m\u00e9s\u00bb<\/a><\/p>\n","protected":false},"author":1,"featured_media":0,"parent":8411,"menu_order":30,"comment_status":"closed","ping_status":"closed","template":"page-templates\/side-menu.php","meta":{"_bbp_topic_count":0,"_bbp_reply_count":0,"_bbp_total_topic_count":0,"_bbp_total_reply_count":0,"_bbp_voice_count":0,"_bbp_anonymous_reply_count":0,"_bbp_topic_count_hidden":0,"_bbp_reply_count_hidden":0,"_bbp_forum_subforum_count":0,"footnotes":""},"class_list":["post-8427","page","type-page","status-publish","hentry"],"post_mailing_queue_ids":[],"_links":{"self":[{"href":"https:\/\/agora-eoi.xtec.cat\/eoiriberadebre\/wp-json\/wp\/v2\/pages\/8427","targetHints":{"allow":["GET"]}}],"collection":[{"href":"https:\/\/agora-eoi.xtec.cat\/eoiriberadebre\/wp-json\/wp\/v2\/pages"}],"about":[{"href":"https:\/\/agora-eoi.xtec.cat\/eoiriberadebre\/wp-json\/wp\/v2\/types\/page"}],"author":[{"embeddable":true,"href":"https:\/\/agora-eoi.xtec.cat\/eoiriberadebre\/wp-json\/wp\/v2\/users\/1"}],"replies":[{"embeddable":true,"href":"https:\/\/agora-eoi.xtec.cat\/eoiriberadebre\/wp-json\/wp\/v2\/comments?post=8427"}],"version-history":[{"count":5,"href":"https:\/\/agora-eoi.xtec.cat\/eoiriberadebre\/wp-json\/wp\/v2\/pages\/8427\/revisions"}],"predecessor-version":[{"id":10927,"href":"https:\/\/agora-eoi.xtec.cat\/eoiriberadebre\/wp-json\/wp\/v2\/pages\/8427\/revisions\/10927"}],"up":[{"embeddable":true,"href":"https:\/\/agora-eoi.xtec.cat\/eoiriberadebre\/wp-json\/wp\/v2\/pages\/8411"}],"wp:attachment":[{"href":"https:\/\/agora-eoi.xtec.cat\/eoiriberadebre\/wp-json\/wp\/v2\/media?parent=8427"}],"curies":[{"name":"wp","href":"https:\/\/api.w.org\/{rel}","templated":true}]}}