{"id":8414,"date":"2016-06-14T14:55:48","date_gmt":"2016-06-14T13:55:48","guid":{"rendered":"http:\/\/agora-eoi.xtec.cat\/eoiriberadebre\/?page_id=8414"},"modified":"2026-04-08T12:23:55","modified_gmt":"2026-04-08T10:23:55","slug":"biblioteca","status":"publish","type":"page","link":"https:\/\/agora-eoi.xtec.cat\/eoiriberadebre\/serveis\/biblioteca\/","title":{"rendered":"Biblioteca"},"content":{"rendered":"<p><strong>HORARI<\/strong><\/p>\n<ul style=\"list-style-type: circle;\">\n<li>Dilluns i dimarts de 18:00 a 19:00h<\/li>\n<\/ul>\n<p><b>CAT\u00c0LEG ONLINE<\/b><\/p>\n<ul style=\"list-style-type: circle;\">\n<li>Pots consultar els materials en pr\u00e9stec i disponibles a trav\u00e9s del nostre <a href=\"https:\/\/eoiriberaebre.heura.gestioeducativa.gencat.cat\/\" target=\"_blank\" rel=\"noopener noreferrer\">CAT\u00c0LEG ONLINE<\/a>.<\/li>\n<\/ul>\n<p>&nbsp;<\/p>\n<p><strong>CONDICIONS DE PR\u00c9STEC<\/strong><\/p>\n<ul style=\"list-style-type: circle;\">\n<li>Cal presentar el carnet d\u2019usuari de la Biblioteca per fer-ne \u00fas. Aquest \u00e9s personal i intransferible.<\/li>\n<li>El temps de pr\u00e9stec de llibres es de dues setmanes, i el de DVDs o CDs, de una setmana.<\/li>\n<li>Les revistes, diccionaris i llibres de gram\u00e0tica son material de refer\u00e8ncia i per tant, exempts de pr\u00e9stec. Es poden per\u00f2 consultar en horari de\u00a0 biblioteca.<\/li>\n<li>Es podr\u00e0 <strong>renovar<\/strong> el pr\u00e9stec de material, sempre que no hi hagi llista d&#8217;espera per aquell material o hagi estat reservats per un altre usuari durant els tres \u00faltims dies del seu termini de pr\u00e9stec.<\/li>\n<li>En cas de deteriorament o p\u00e8rdua dels materials prestats, l\u2019usuari est\u00e0 obligat a adquirir un nou exemplar (exceptuant el cas de robatori si l\u2019usuari presenta la den\u00fancia corresponent). En cas de no devoluci\u00f3 d\u2019algun document es denegar\u00e0 la renovaci\u00f3 del carnet el curs seg\u00fcent.<\/li>\n<li>S\u2019haur\u00e0 de respectar la normativa vigent en mat\u00e8ria de propietat intel\u2022lectual dels documents en pr\u00e9stec.<\/li>\n<\/ul>\n<p><strong>CALENDARI DE PR\u00c9STECS<\/strong><\/p>\n<ul style=\"list-style-type: circle;\">\n<li>El servei de biblioteca comen\u00e7a el mes d&#8217;octubre.<\/li>\n<li>Pr\u00e9stec tamb\u00e9 disponible durant els mesos d&#8217;estiu.<\/li>\n<\/ul>\n","protected":false},"excerpt":{"rendered":"<p>HORARI<\/p>\n<ul style=\"list-style-type: circle;\">\n<li>Dilluns i dimarts de 18:00 a 19:00h<\/li>\n<\/ul>\n<p>CAT\u00c0LEG ONLINE<\/p>\n<ul style=\"list-style-type: circle;\">\n<li>Pots consultar els materials en pr\u00e9stec i disponibles a trav\u00e9s del nostre <a href=\"https:\/\/eoiriberaebre.heura.gestioeducativa.gencat.cat\/\" target=\"_blank\" rel=\"noopener noreferrer\">CAT\u00c0LEG ONLINE<\/a>.<\/li>\n<\/ul>\n<p>&nbsp;<br \/>\nCONDICIONS DE PR\u00c9STEC<\/p>\n<ul style=\"list-style-type: circle;\">\n<li>Cal presentar el carnet d\u2019usuari de la Biblioteca per fer-ne \u00fas. Aquest \u00e9s&hellip;  <a href=\"https:\/\/agora-eoi.xtec.cat\/eoiriberadebre\/serveis\/biblioteca\/\" title=\"Read Biblioteca\">Llegeix m\u00e9s\u00bb<\/a><br \/>\n","protected":false},"author":1,"featured_media":0,"parent":8411,"menu_order":20,"comment_status":"closed","ping_status":"closed","template":"page-templates\/side-menu.php","meta":{"_bbp_topic_count":0,"_bbp_reply_count":0,"_bbp_total_topic_count":0,"_bbp_total_reply_count":0,"_bbp_voice_count":0,"_bbp_anonymous_reply_count":0,"_bbp_topic_count_hidden":0,"_bbp_reply_count_hidden":0,"_bbp_forum_subforum_count":0,"footnotes":""},"class_list":["post-8414","page","type-page","status-publish","hentry"],"post_mailing_queue_ids":[],"_links":{"self":[{"href":"https:\/\/agora-eoi.xtec.cat\/eoiriberadebre\/wp-json\/wp\/v2\/pages\/8414","targetHints":{"allow":["GET"]}}],"collection":[{"href":"https:\/\/agora-eoi.xtec.cat\/eoiriberadebre\/wp-json\/wp\/v2\/pages"}],"about":[{"href":"https:\/\/agora-eoi.xtec.cat\/eoiriberadebre\/wp-json\/wp\/v2\/types\/page"}],"author":[{"embeddable":true,"href":"https:\/\/agora-eoi.xtec.cat\/eoiriberadebre\/wp-json\/wp\/v2\/users\/1"}],"replies":[{"embeddable":true,"href":"https:\/\/agora-eoi.xtec.cat\/eoiriberadebre\/wp-json\/wp\/v2\/comments?post=8414"}],"version-history":[{"count":5,"href":"https:\/\/agora-eoi.xtec.cat\/eoiriberadebre\/wp-json\/wp\/v2\/pages\/8414\/revisions"}],"predecessor-version":[{"id":11001,"href":"https:\/\/agora-eoi.xtec.cat\/eoiriberadebre\/wp-json\/wp\/v2\/pages\/8414\/revisions\/11001"}],"up":[{"embeddable":true,"href":"https:\/\/agora-eoi.xtec.cat\/eoiriberadebre\/wp-json\/wp\/v2\/pages\/8411"}],"wp:attachment":[{"href":"https:\/\/agora-eoi.xtec.cat\/eoiriberadebre\/wp-json\/wp\/v2\/media?parent=8414"}],"curies":[{"name":"wp","href":"https:\/\/api.w.org\/{rel}","templated":true}]}}