{"id":8377,"date":"2016-06-13T13:50:10","date_gmt":"2016-06-13T12:50:10","guid":{"rendered":"http:\/\/agora-eoi.xtec.cat\/eoiriberadebre\/?page_id=8377"},"modified":"2024-10-04T11:22:30","modified_gmt":"2024-10-04T09:22:30","slug":"expedicio-de-titols","status":"publish","type":"page","link":"https:\/\/agora-eoi.xtec.cat\/eoiriberadebre\/secretaria\/expedicio-de-titols\/","title":{"rendered":"Expedici\u00f3 de t\u00edtols"},"content":{"rendered":"<p><strong>Nivells B\u00e0sic A2 i Intermedi B1<\/strong><\/p>\n<p>L\u2019alumnat que hagi superat el 2n curs obt\u00e9 el <strong>Certificat de nivell b\u00e0sic<\/strong> <strong>A2<\/strong>.<br \/>\nL\u2019alumnat oficial de B1 o els candidats o candidates lliures que hagin superat les proves corresponents obtenen el<strong> Certificat de nivell intermedi B1<\/strong>.<\/p>\n<p><strong>Procediment:<\/strong><\/p>\n<ul>\n<li>L\u2019escola expedeix els certificats de manera autom\u00e0tica sense que calgui sol\u00b7licitud pr\u00e8via ni pagament de taxes.<\/li>\n<li>La persona interessada el pot recollir personalment al juliol a la secretaria del centre. Ha de presentar el DNI, passaport o NIE i signar al llibre corresponent.<\/li>\n<\/ul>\n<p><strong>Nivells Intermedi B2 i Avan\u00e7at C1<\/strong><\/p>\n<p>L\u2019alumnat oficial o els candidats o candidates lliures de B2.2 i C1 que han obtingut la qualificaci\u00f3 d\u2019Apte\/a obtenen el <strong>Certificat de nivell intermedi B2 i Avan\u00e7at C1<\/strong>, respectivament.<\/p>\n<p><strong>Procediment:<\/strong><\/p>\n<p>Cal abonar les taxes d\u2019expedici\u00f3 a CaixaBank amb el document de pagament em\u00e8s per l\u2019escola i tornar a l\u2019escola per presentar el justificant de pagament. Llavors l\u2019escola tramita la sol\u00b7licitud del t\u00edtol. El <a title=\"Sol\u00b7licitud t\u00edtol B2 C1\" href=\"https:\/\/drive.google.com\/file\/d\/18_PFa_X3y6YGh7ysuxeVFImGgl72W1Uw\/view?usp=sharing\" target=\"_blank\" rel=\"noopener noreferrer\">full de sol\u00b7licitud del t\u00edtol<\/a> segellat per l\u2019escola juntament amb el resguard de pagament serveix a tots els efectes com a Certificat oficial.<\/p>\n<p>Un cop l\u2019escola rep el t\u00edtol es comunica a la persona interessada.\u00a0 S\u2019ha de recollir personalment a la Secretaria del centre presentant el DNI, passaport o NIE o presentant l\u2019<a href=\"https:\/\/agora-eoi.xtec.cat\/eoiriberadebre\/wp-content\/uploads\/usu2265\/2019\/03\/Autoritzacio-terceres-persones.pdf\">autoritzaci\u00f3 de terceres persones<\/a>. La persona que autoritzeu podr\u00e0 venir a l&#8217;escola a signar en el vostre lloc per tal de recollir el t\u00edtol. Consulteu en el seg\u00fcent enlla\u00e7 horari d&#8217;atenci\u00f3 de <a href=\"https:\/\/agora-eoi.xtec.cat\/eoiriberadebre\/secretaria\/horari\/\" target=\"_blank\" rel=\"noopener noreferrer\">SECRETARIA<\/a>.<\/p>\n","protected":false},"excerpt":{"rendered":"<p>Nivells B\u00e0sic A2 i Intermedi B1<br \/>\nL\u2019alumnat que hagi superat el 2n curs obt\u00e9 el Certificat de nivell b\u00e0sic A2.<br \/>\nL\u2019alumnat oficial de B1 o els candidats o candidates lliures que hagin superat les proves corresponents obtenen el Certificat de nivell intermedi B1.<br \/>\nProcediment:<\/p>\n<ul>\n<li>L\u2019escola expedeix els certificats de&hellip;  <a href=\"https:\/\/agora-eoi.xtec.cat\/eoiriberadebre\/secretaria\/expedicio-de-titols\/\" title=\"Read Expedici\u00f3 de t\u00edtols\">Llegeix m\u00e9s\u00bb<\/a><br \/>\n","protected":false},"author":1,"featured_media":0,"parent":8358,"menu_order":80,"comment_status":"closed","ping_status":"closed","template":"page-templates\/side-menu.php","meta":{"_bbp_topic_count":0,"_bbp_reply_count":0,"_bbp_total_topic_count":0,"_bbp_total_reply_count":0,"_bbp_voice_count":0,"_bbp_anonymous_reply_count":0,"_bbp_topic_count_hidden":0,"_bbp_reply_count_hidden":0,"_bbp_forum_subforum_count":0,"footnotes":""},"class_list":["post-8377","page","type-page","status-publish","hentry"],"post_mailing_queue_ids":[],"_links":{"self":[{"href":"https:\/\/agora-eoi.xtec.cat\/eoiriberadebre\/wp-json\/wp\/v2\/pages\/8377","targetHints":{"allow":["GET"]}}],"collection":[{"href":"https:\/\/agora-eoi.xtec.cat\/eoiriberadebre\/wp-json\/wp\/v2\/pages"}],"about":[{"href":"https:\/\/agora-eoi.xtec.cat\/eoiriberadebre\/wp-json\/wp\/v2\/types\/page"}],"author":[{"embeddable":true,"href":"https:\/\/agora-eoi.xtec.cat\/eoiriberadebre\/wp-json\/wp\/v2\/users\/1"}],"replies":[{"embeddable":true,"href":"https:\/\/agora-eoi.xtec.cat\/eoiriberadebre\/wp-json\/wp\/v2\/comments?post=8377"}],"version-history":[{"count":7,"href":"https:\/\/agora-eoi.xtec.cat\/eoiriberadebre\/wp-json\/wp\/v2\/pages\/8377\/revisions"}],"predecessor-version":[{"id":10817,"href":"https:\/\/agora-eoi.xtec.cat\/eoiriberadebre\/wp-json\/wp\/v2\/pages\/8377\/revisions\/10817"}],"up":[{"embeddable":true,"href":"https:\/\/agora-eoi.xtec.cat\/eoiriberadebre\/wp-json\/wp\/v2\/pages\/8358"}],"wp:attachment":[{"href":"https:\/\/agora-eoi.xtec.cat\/eoiriberadebre\/wp-json\/wp\/v2\/media?parent=8377"}],"curies":[{"name":"wp","href":"https:\/\/api.w.org\/{rel}","templated":true}]}}