{"id":8370,"date":"2024-10-01T10:50:46","date_gmt":"2024-10-01T08:50:46","guid":{"rendered":"http:\/\/agora-eoi.xtec.cat\/eoiriberadebre\/?page_id=8370"},"modified":"2025-08-27T17:53:03","modified_gmt":"2025-08-27T15:53:03","slug":"instancies-i-solicituts","status":"publish","type":"page","link":"https:\/\/agora-eoi.xtec.cat\/eoiriberadebre\/secretaria\/instancies-i-solicituts\/","title":{"rendered":"Inst\u00e0ncies i sol\u00b7licituds"},"content":{"rendered":"<p>Per facilitar la realitzaci\u00f3 de gestions administratives podeu <strong>emplenar en l\u00ednia <\/strong>i\u00a0<strong>descarregar-vos les inst\u00e0ncies i sol\u00b7licituds seg\u00fcents<\/strong>.<\/p>\n<p>Tots els formularis i \/o sol\u00b7licituds s&#8217;han de lliurar a la <strong>secretaria del Centre<\/strong> degudament <strong>emplenats<\/strong> i acompanyats, si escau, de la <strong>documentaci\u00f3 requerida<\/strong>.<\/p>\n<p><strong>OFICIALITAT I MATR\u00cdCULA<\/strong><\/p>\n<p><a href=\"https:\/\/agora-eoi.xtec.cat\/eoiriberadebre\/wp-content\/uploads\/usu2265\/2019\/03\/Sol.licitud-Renuncia.pdf\" target=\"_blank\" rel=\"noopener\">Sol\u00b7licitud de ren\u00fancia de matr\u00edcula<\/a><\/p>\n<p><a href=\"https:\/\/agora-eoi.xtec.cat\/eoiriberadebre\/wp-content\/uploads\/usu2265\/2019\/03\/Sol.licitud-Trasllat-Expedient.pdf\" target=\"_blank\" rel=\"noopener\">Sol\u00b7licitud de trasllat d&#8217;expedient<\/a><\/p>\n<p><strong>ASSIST\u00c8NCIA A CLASSE I A EX\u00c0MENS<\/strong><\/p>\n<p><a href=\"https:\/\/agora-eoi.xtec.cat\/eoiriberadebre\/wp-content\/uploads\/usu2265\/2019\/03\/Sol.licitud-Canvi-Data-Examen.pdf\" target=\"_blank\" rel=\"noopener\">Sol\u00b7licitud de canvi de data d&#8217;examen<\/a><\/p>\n<p><strong>ALTRES GESTIONS<\/strong><\/p>\n<p><a href=\"https:\/\/agora-eoi.xtec.cat\/eoiriberadebre\/wp-content\/uploads\/usu2265\/2019\/03\/Instancia.pdf\" target=\"_blank\" rel=\"noopener\">Inst\u00e0ncia general<\/a><\/p>\n<p><a href=\"https:\/\/agora-eoi.xtec.cat\/eoiriberadebre\/wp-content\/uploads\/usu2265\/2019\/03\/Autoritzacio-terceres-persones.pdf\" target=\"_blank\" rel=\"noopener\">Autoritzaci\u00f3 a terceres persones<\/a><\/p>\n<p><a href=\"https:\/\/agora-eoi.xtec.cat\/eoiriberadebre\/wp-content\/uploads\/usu2265\/2019\/03\/Sol.licanvigruphorari.pdf\" target=\"_blank\" rel=\"noopener\">Sol\u00b7licitud de canvi de grup\/horari<\/a><\/p>\n<p><a href=\"https:\/\/drive.google.com\/file\/d\/1oWBlKENnNcPTWxuTa--kCXGIiKWhQfy8\/view?usp=sharing\">Sol\u00b7licitud de devoluci\u00f3 de taxa per la prestaci\u00f3 dels serveis docents de les EOI o per la inscripci\u00f3 de les proves lliures<\/a><\/p>\n<p><a href=\"https:\/\/agora-eoi.xtec.cat\/eoiriberadebre\/wp-content\/uploads\/usu2265\/2019\/02\/Justificacio-Faltes-Assistencia.pdf\" target=\"_blank\" rel=\"noopener\">Formulari de justificaci\u00f3 de faltes (alumnat major d&#8217;edat)<\/a><\/p>\n<p><a href=\"https:\/\/docs.google.com\/document\/d\/1jD-GSAruKpz7oQNnBBQZyXp8_zW4DnBW\/edit?usp=sharing&amp;ouid=102491154732282812582&amp;rtpof=true&amp;sd=true\">Formulari de justificaci\u00f3 de faltes (alumnat menor)<\/a><\/p>\n<p><a href=\"https:\/\/agora-eoi.xtec.cat\/eoiriberadebre\/wp-content\/uploads\/usu2265\/2019\/03\/Autoritzacio-Sortida-Menors.pdf\">Autoritzaci\u00f3 de sortida (alumnat menor)<\/a><\/p>\n<p><a href=\"https:\/\/agora-eoi.xtec.cat\/eoiriberadebre\/wp-content\/uploads\/usu2265\/2019\/03\/Autoritzacio-Sortida-Periodica-Menors.pdf\">Autoritzaci\u00f3 de sortida peri\u00f2dica (alumnat menor)<\/a><\/p>\n","protected":false},"excerpt":{"rendered":"<p>Per facilitar la realitzaci\u00f3 de gestions administratives podeu emplenar en l\u00ednia i\u00a0descarregar-vos les inst\u00e0ncies i sol\u00b7licituds seg\u00fcents.<br \/>\nTots els formularis i \/o sol\u00b7licituds s&#8217;han de lliurar a la secretaria del Centre degudament emplenats i acompanyats, si escau, de la documentaci\u00f3 requerida.<br \/>\nOFICIALITAT I MATR\u00cdCULA<br \/>\n<a href=\"https:\/\/agora-eoi.xtec.cat\/eoiriberadebre\/wp-content\/uploads\/usu2265\/2019\/03\/Sol.licitud-Renuncia.pdf\" target=\"_blank\" rel=\"noopener\">Sol\u00b7licitud&hellip;  <a href=\"https:\/\/agora-eoi.xtec.cat\/eoiriberadebre\/secretaria\/instancies-i-solicituts\/\" title=\"Read Inst\u00e0ncies i sol\u00b7licituds\">Llegeix m\u00e9s\u00bb<\/a><\/p>\n","protected":false},"author":1,"featured_media":0,"parent":8358,"menu_order":35,"comment_status":"closed","ping_status":"closed","template":"page-templates\/side-menu.php","meta":{"_bbp_topic_count":0,"_bbp_reply_count":0,"_bbp_total_topic_count":0,"_bbp_total_reply_count":0,"_bbp_voice_count":0,"_bbp_anonymous_reply_count":0,"_bbp_topic_count_hidden":0,"_bbp_reply_count_hidden":0,"_bbp_forum_subforum_count":0,"footnotes":""},"class_list":["post-8370","page","type-page","status-publish","hentry"],"post_mailing_queue_ids":[],"_links":{"self":[{"href":"https:\/\/agora-eoi.xtec.cat\/eoiriberadebre\/wp-json\/wp\/v2\/pages\/8370","targetHints":{"allow":["GET"]}}],"collection":[{"href":"https:\/\/agora-eoi.xtec.cat\/eoiriberadebre\/wp-json\/wp\/v2\/pages"}],"about":[{"href":"https:\/\/agora-eoi.xtec.cat\/eoiriberadebre\/wp-json\/wp\/v2\/types\/page"}],"author":[{"embeddable":true,"href":"https:\/\/agora-eoi.xtec.cat\/eoiriberadebre\/wp-json\/wp\/v2\/users\/1"}],"replies":[{"embeddable":true,"href":"https:\/\/agora-eoi.xtec.cat\/eoiriberadebre\/wp-json\/wp\/v2\/comments?post=8370"}],"version-history":[{"count":7,"href":"https:\/\/agora-eoi.xtec.cat\/eoiriberadebre\/wp-json\/wp\/v2\/pages\/8370\/revisions"}],"predecessor-version":[{"id":10958,"href":"https:\/\/agora-eoi.xtec.cat\/eoiriberadebre\/wp-json\/wp\/v2\/pages\/8370\/revisions\/10958"}],"up":[{"embeddable":true,"href":"https:\/\/agora-eoi.xtec.cat\/eoiriberadebre\/wp-json\/wp\/v2\/pages\/8358"}],"wp:attachment":[{"href":"https:\/\/agora-eoi.xtec.cat\/eoiriberadebre\/wp-json\/wp\/v2\/media?parent=8370"}],"curies":[{"name":"wp","href":"https:\/\/api.w.org\/{rel}","templated":true}]}}