{"id":8366,"date":"2024-10-01T10:50:59","date_gmt":"2024-10-01T08:50:59","guid":{"rendered":"http:\/\/agora-eoi.xtec.cat\/eoiriberadebre\/?page_id=8366"},"modified":"2024-10-01T12:26:28","modified_gmt":"2024-10-01T10:26:28","slug":"horari","status":"publish","type":"page","link":"https:\/\/agora-eoi.xtec.cat\/eoiriberadebre\/secretaria\/horari\/","title":{"rendered":"Horari d&#8217;atenci\u00f3"},"content":{"rendered":"<p><strong>L&#8217;administrativa s&#8217;encarrega de tots els tr\u00e0mits relacionats amb l&#8217;alumnat:\u00a0 <\/strong>proc\u00e9s de preinscripci\u00f3, matr\u00edcula, beques, <span style=\"font-family: inherit; font-size: 1em;\">certificats, t\u00edtols, etc.<\/span><\/p>\n<p><strong>HORARI D&#8217;HIVERN <\/strong><\/p>\n<p>(A partir de la darrera setmana de setembre)<\/p>\n<table style=\"width: 63.3898%;\">\n<tbody>\n<tr>\n<td style=\"border-color: #ffffff; width: 11.0855%;\"><\/td>\n<td style=\"background-color: #58a6f5; width: 17.1615%; text-align: center;\"><b>Dilluns<\/b><\/td>\n<td style=\"background-color: #58a6f5; width: 16.415%; text-align: center;\"><b>Dimarts<\/b><\/td>\n<td style=\"background-color: #58a6f5; width: 17.4628%; text-align: center;\"><b>Dimecres<\/b><\/td>\n<td style=\"background-color: #58a6f5; width: 18.5831%; text-align: center;\"><b>Dijous<\/b><\/td>\n<td style=\"background-color: #58a6f5; width: 25.2968%; text-align: center;\"><b>Divendres<\/b><\/td>\n<\/tr>\n<tr>\n<td style=\"background-color: #63a0e6; width: 11.0855%;\" rowspan=\"2\">\n<p style=\"text-align: center;\"><b>Mat\u00ed<\/b><\/p>\n<\/td>\n<td style=\"width: 17.1615%; text-align: center;\"><b>09.00 h<\/b><\/td>\n<td style=\"width: 16.415%; text-align: center;\"><b>09.00 h<\/b><\/td>\n<td style=\"width: 17.4628%; text-align: center;\"><b>08:30 h<\/b><\/td>\n<td style=\"width: 18.5831%; text-align: center;\"><b>08:30 h<\/b><\/td>\n<td style=\"width: 25.2968%; text-align: center;\"><b>08:30 h<\/b><\/td>\n<\/tr>\n<tr>\n<td style=\"width: 17.1615%; text-align: center;\"><b>14.00 h<\/b><\/td>\n<td style=\"width: 16.415%; text-align: center;\"><b>14.00 h<\/b><\/td>\n<td style=\"width: 17.4628%; text-align: center;\"><b>15:30 h<\/b><\/td>\n<td style=\"width: 18.5831%; text-align: center;\"><b>15:30 h<\/b><\/td>\n<td style=\"width: 25.2968%; text-align: center;\"><b>15:00 h<\/b><\/td>\n<\/tr>\n<tr>\n<td style=\"background-color: #63a0e6; width: 11.0855%; text-align: center;\" rowspan=\"2\"><strong>Tarda<\/strong><br \/>\n<strong><br \/>\n<\/strong><\/td>\n<td style=\"width: 17.1615%; text-align: center;\"><strong>15.30 h<\/strong><\/td>\n<td style=\"width: 16.415%; text-align: center;\"><strong>15.30 h\u00a0<\/strong><\/td>\n<td style=\"width: 17.4628%; text-align: center;\"><\/td>\n<td style=\"width: 18.5831%; text-align: center;\"><\/td>\n<td style=\"width: 25.2968%; text-align: center;\"><\/td>\n<\/tr>\n<tr>\n<td style=\"width: 17.1615%; text-align: center;\"><strong>19.00 h<\/strong><\/td>\n<td style=\"width: 16.415%; text-align: center;\"><strong>19.00 h<\/strong><\/td>\n<td style=\"width: 17.4628%; text-align: center;\"><\/td>\n<td style=\"width: 18.5831%; text-align: center;\"><\/td>\n<td style=\"width: 25.2968%; text-align: center;\"><\/td>\n<\/tr>\n<\/tbody>\n<\/table>\n<p><strong>HORARI D&#8217;ESTIU <\/strong><\/p>\n<p>(Juny, juliol, comen\u00e7ament de setembre)<\/p>\n<table style=\"width: 63.3898%;\">\n<tbody>\n<tr>\n<td style=\"border-color: #ffffff; width: 11.0855%;\"><\/td>\n<td style=\"background-color: #58a6f5; width: 16.9483%; text-align: center;\"><b>Dilluns<\/b><\/td>\n<td style=\"background-color: #58a6f5; width: 16.8414%; text-align: center;\"><b>Dimarts<\/b><\/td>\n<td style=\"background-color: #58a6f5; width: 17.2496%; text-align: center;\"><b>Dimecres<\/b><\/td>\n<td style=\"background-color: #58a6f5; width: 18.5831%; text-align: center;\"><b>Dijous<\/b><\/td>\n<td style=\"background-color: #58a6f5; width: 25.2968%; text-align: center;\"><b>Divendres<\/b><\/td>\n<\/tr>\n<tr>\n<td style=\"background-color: #63a0e6; width: 11.0855%;\" rowspan=\"2\">\n<p style=\"text-align: center;\"><b>Mat\u00ed<\/b><\/p>\n<\/td>\n<td style=\"width: 16.9483%; text-align: center;\"><b>08.00 h<\/b><\/td>\n<td style=\"width: 16.8414%; text-align: center;\"><b>08.00 h<\/b><\/td>\n<td style=\"width: 17.2496%; text-align: center;\"><b>08:00 h<\/b><\/td>\n<td style=\"width: 18.5831%; text-align: center;\"><b>08:00 h<\/b><\/td>\n<td style=\"width: 25.2968%; text-align: center;\"><b>08:00 h<\/b><\/td>\n<\/tr>\n<tr>\n<td style=\"width: 16.9483%; text-align: center;\"><b>15.00 h<\/b><\/td>\n<td style=\"width: 16.8414%; text-align: center;\"><b>15.00 h<\/b><\/td>\n<td style=\"width: 17.2496%; text-align: center;\"><b>15:00 h<\/b><\/td>\n<td style=\"width: 18.5831%; text-align: center;\"><b>15:00 h<\/b><\/td>\n<td style=\"width: 25.2968%; text-align: center;\"><b>15:00 h<\/b><\/td>\n<\/tr>\n<\/tbody>\n<\/table>\n<p>El mes d&#8217;agost l&#8217;Escola Oficial d&#8217;Idiomes est\u00e0 tancada per vacances.<\/p>\n<p>Adre\u00e7a electr\u00f2nica del centre: <a href=\"mailto:e3010980@xtec.cat\">e3010980@xtec.cat<\/a><\/p>\n<p>&nbsp;<\/p>\n","protected":false},"excerpt":{"rendered":"<p>L&#8217;administrativa s&#8217;encarrega de tots els tr\u00e0mits relacionats amb l&#8217;alumnat:\u00a0 proc\u00e9s de preinscripci\u00f3, matr\u00edcula, beques, certificats, t\u00edtols, etc.<br \/>\nHORARI D&#8217;HIVERN<br \/>\n(A partir de la darrera setmana de setembre)<\/p>\n<p>Dilluns<br \/>\nDimarts<br \/>\nDimecres<br \/>\nDijous<br \/>\nDivendres<\/p>\n<p>Mat\u00ed<\/p>\n<p>09.00 h<br \/>\n09.00 h<br \/>\n08:30 h<br \/>\n08:30 h<br \/>\n08:30 h<\/p>\n<p>14.00 h<br \/>\n14.00 h<br \/>\n15:30 h<br \/>\n15:30 h<br \/>\n15:00 h<\/p>\n<p>Tarda<\/p>\n<p>15.30 h<br \/>\n15.30 h\u00a0<\/p>\n<p>19.00 h<br \/>\n19.00 h<\/p>\n<p>HORARI D&#8217;ESTIU<br \/>\n(Juny, juliol, comen\u00e7ament de&hellip;  <a href=\"https:\/\/agora-eoi.xtec.cat\/eoiriberadebre\/secretaria\/horari\/\" title=\"Read Horari d&#8217;atenci\u00f3\">Llegeix m\u00e9s\u00bb<\/a><\/p>\n","protected":false},"author":1,"featured_media":0,"parent":8358,"menu_order":10,"comment_status":"closed","ping_status":"closed","template":"page-templates\/side-menu.php","meta":{"_bbp_topic_count":0,"_bbp_reply_count":0,"_bbp_total_topic_count":0,"_bbp_total_reply_count":0,"_bbp_voice_count":0,"_bbp_anonymous_reply_count":0,"_bbp_topic_count_hidden":0,"_bbp_reply_count_hidden":0,"_bbp_forum_subforum_count":0,"footnotes":""},"class_list":["post-8366","page","type-page","status-publish","hentry"],"post_mailing_queue_ids":[],"_links":{"self":[{"href":"https:\/\/agora-eoi.xtec.cat\/eoiriberadebre\/wp-json\/wp\/v2\/pages\/8366","targetHints":{"allow":["GET"]}}],"collection":[{"href":"https:\/\/agora-eoi.xtec.cat\/eoiriberadebre\/wp-json\/wp\/v2\/pages"}],"about":[{"href":"https:\/\/agora-eoi.xtec.cat\/eoiriberadebre\/wp-json\/wp\/v2\/types\/page"}],"author":[{"embeddable":true,"href":"https:\/\/agora-eoi.xtec.cat\/eoiriberadebre\/wp-json\/wp\/v2\/users\/1"}],"replies":[{"embeddable":true,"href":"https:\/\/agora-eoi.xtec.cat\/eoiriberadebre\/wp-json\/wp\/v2\/comments?post=8366"}],"version-history":[{"count":6,"href":"https:\/\/agora-eoi.xtec.cat\/eoiriberadebre\/wp-json\/wp\/v2\/pages\/8366\/revisions"}],"predecessor-version":[{"id":10811,"href":"https:\/\/agora-eoi.xtec.cat\/eoiriberadebre\/wp-json\/wp\/v2\/pages\/8366\/revisions\/10811"}],"up":[{"embeddable":true,"href":"https:\/\/agora-eoi.xtec.cat\/eoiriberadebre\/wp-json\/wp\/v2\/pages\/8358"}],"wp:attachment":[{"href":"https:\/\/agora-eoi.xtec.cat\/eoiriberadebre\/wp-json\/wp\/v2\/media?parent=8366"}],"curies":[{"name":"wp","href":"https:\/\/api.w.org\/{rel}","templated":true}]}}