{"id":8166,"date":"2024-07-19T11:55:17","date_gmt":"2024-07-19T09:55:17","guid":{"rendered":"http:\/\/agora-eoi.xtec.cat\/eoiriberadebre\/?page_id=8166"},"modified":"2025-07-15T11:44:31","modified_gmt":"2025-07-15T09:44:31","slug":"alumnes-nous","status":"publish","type":"page","link":"https:\/\/agora-eoi.xtec.cat\/eoiriberadebre\/secretaria\/matricula\/alumnes-nous\/","title":{"rendered":"PREINSCRIPCI\u00d3 \u00a0I MATR\u00cdCULA NOU ALUMNAT (curs 2025-2026) (setembre 2025)"},"content":{"rendered":"<p style=\"text-align: justify;\">Seguidament tens tota la informaci\u00f3 relacionada amb la preinscripci\u00f3 i matr\u00edcula, per\u00f2 si vols que t&#8217;avisem un cop arribi el moment per tal que no se t&#8217;oblidi, omple el seg\u00fcent <a href=\"http:\/\/Recorda'm la preinscripci\u00f3 i matr\u00edcula\">formulari<\/a> i ens posarem en contacte amb tu. Tamb\u00e9 pots escanejar el seg\u00fcent codi QR per accedir-hi:<\/p>\n<p><a href=\"https:\/\/agora-eoi.xtec.cat\/eoiriberadebre\/wp-content\/uploads\/usu2265\/2025\/07\/Diseno-sin-titulo.png\"><img loading=\"lazy\" decoding=\"async\" class=\"wp-image-10910 aligncenter\" src=\"https:\/\/agora-eoi.xtec.cat\/eoiriberadebre\/wp-content\/uploads\/usu2265\/2025\/07\/Diseno-sin-titulo-300x300.png\" alt=\"\" width=\"126\" height=\"126\" srcset=\"https:\/\/agora-eoi.xtec.cat\/eoiriberadebre\/wp-content\/uploads\/usu2265\/2025\/07\/Diseno-sin-titulo-300x300.png 300w, https:\/\/agora-eoi.xtec.cat\/eoiriberadebre\/wp-content\/uploads\/usu2265\/2025\/07\/Diseno-sin-titulo-150x150.png 150w, https:\/\/agora-eoi.xtec.cat\/eoiriberadebre\/wp-content\/uploads\/usu2265\/2025\/07\/Diseno-sin-titulo.png 500w\" sizes=\"auto, (max-width: 126px) 100vw, 126px\" \/><\/a><\/p>\n<p style=\"text-align: justify;\">Tothom que es matricula al mes de setembre es considera nou alumnat, per la qual cosa ha de seguir el procediment descrit aqu\u00ed.<\/p>\n<p style=\"text-align: justify;\"><strong>Requisits:\u00a0\u00a0\u00a0\u00a0\u00a0\u00a0\u00a0\u00a0\u00a0\u00a0\u00a0\u00a0\u00a0\u00a0\u00a0\u00a0\u00a0\u00a0\u00a0\u00a0\u00a0\u00a0\u00a0\u00a0\u00a0\u00a0\u00a0\u00a0\u00a0\u00a0\u00a0\u00a0\u00a0\u00a0\u00a0\u00a0\u00a0\u00a0\u00a0\u00a0 <\/strong><\/p>\n<ul style=\"text-align: justify;\">\n<li>Tenir 16 anys complerts el 31 de desembre de l\u2019any en curs per a cursos d\u2019angl\u00e8s.<\/li>\n<li>Tenir 14 anys complerts el 31 de desembre de l\u2019any en curs per a cursos de franc\u00e8s.<\/li>\n<\/ul>\n<ol style=\"text-align: justify;\">\n<li><strong> Calendari de preinscripci\u00f3 i matr\u00edcula per al curs 2025\u20132026:<\/strong><\/li>\n<\/ol>\n<ul style=\"text-align: justify;\">\n<li><strong>Preinscripci\u00f3 telem\u00e0tica: des de les 12h del 1 de setembre fins a les 15h del 8 de setembre de 2025.\u00a0<\/strong><\/li>\n<\/ul>\n<h3 style=\"text-align: center;\"><strong><a href=\"https:\/\/www.eoidigital.com\/eoicat\/alumnes\/\" target=\"_blank\" rel=\"noopener\">Enlla\u00e7 a l&#8217;aplicatiu<\/a><\/strong><\/h3>\n<p style=\"text-align: justify;\">Podeu fer <strong>una \u00fanica preinscripci\u00f3 per idioma<\/strong> i un m\u00e0xim de dues preinscripcions a dos idiomes diferents.\u00a0 A la preinscripci\u00f3 heu de triar l&#8217;EOI Ribera d&#8217;Ebre com a primera opci\u00f3.<\/p>\n<p style=\"text-align: justify;\">En fer la preinscripci\u00f3, heu de triar:<\/p>\n<ol style=\"text-align: justify;\">\n<li>\u00a0Accedir al <strong>primer<\/strong> curs de l\u2019idioma que us interessi.\u00a0 <strong>No cal fer test de nivell<\/strong>.<\/li>\n<li>\u00a0Accedir a un nivell concret, sempre que pugueu <strong>acreditar el vostre nivell<\/strong> amb un dels possibles accessos que us apareixeran a l\u2019aplicatiu. Aquests accessos poden ser:<\/li>\n<\/ol>\n<ul style=\"text-align: justify;\">\n<li><strong>un curs o certificat d\u2019una EOI aprovat<\/strong>. <em><strong>ATENCI\u00d3!!!<\/strong><\/em> Si veniu d\u2019una EOI de fora de Catalunya, heu d\u2019aportar <strong>certificaci\u00f3 acad\u00e8mica<\/strong>, expedida per la secretaria de l\u2019EOI d\u2019on veniu.<\/li>\n<li>una <strong>certificaci\u00f3 equivalent<\/strong> reconeguda pel Departament d\u2019Educaci\u00f3. Podeu consultar aquestes certificacions\u00a0<a href=\"https:\/\/preinscripcio.gencat.cat\/ca\/estudis\/idiomes-eoi\/informat\/test-nivell-a2-c1\/\" target=\"_blank\" rel=\"noopener\">aqu\u00ed<\/a>.<\/li>\n<\/ul>\n<p style=\"text-align: justify;\">A l\u2019aplicatiu, cal especificar el tipus de documentaci\u00f3 que presenteu i adjuntar-la escanejada en el moment de fer la preinscripci\u00f3. Si no us \u00e9s possible, podeu portar la documentaci\u00f3 f\u00edsicament a l\u2019escola entre el 1 i el 8 de setembre o b\u00e9 enviar-la per correu electr\u00f2nic a <a href=\"mailto:e3010980@xtec.cat\" target=\"_blank\" rel=\"noopener\">e3010980@xtec.cat<\/a>. A l\u2019escola validarem aquesta documentaci\u00f3 abans que s\u2019obri el termini per formalitzar la matr\u00edcula.<\/p>\n<p style=\"text-align: justify;\">3.\u00a0 Fer el <strong>test de nivell<\/strong> si no teniu clar quin \u00e9s el vostre nivell o no teniu cap certificaci\u00f3. Heu de triar l\u2019EOI Ribera d\u2019Ebre com a primera opci\u00f3.<\/p>\n<p style=\"text-align: justify;\"><strong>Dates del TEST DE NIVELL<\/strong><strong>\u00a0EN L\u00cdNIA d&#8217;angl\u00e8s i franc\u00e8s:<\/strong> <strong>des de les 12h del 1 de setembre fins a les 17h del 10 de setembre de 2025<\/strong>\u00a0des del mateix <a href=\"https:\/\/www.eoidigital.com\/eoicat\/alumnes\/\" target=\"_blank\" rel=\"noopener\">aplicatiu de preinscripci\u00f3.<\/a><\/p>\n<p style=\"text-align: justify;\"><strong>Test en l\u00ednia d&#8217;angl\u00e8s i franc\u00e8s<\/strong><\/p>\n<p style=\"text-align: justify;\">La prova consisteix en un test de preguntes d&#8217;opci\u00f3 m\u00faltiple repartides en <strong>tres blocs de preguntes<\/strong>. El primer bloc avalua l&#8217;\u00fas de la llengua, el segon i el tercer bloc avaluen l&#8217;\u00fas de la llengua i la comprensi\u00f3 oral. La dificultat de les preguntes augmenta progressivament. En acabar cada bloc sabr\u00e0s el curs al qual has estat assignat i, segons el resultat obtingut, se&#8217;t permetr\u00e0 continuar al bloc seg\u00fcent, si escau. Si se t&#8217;ofereix la possibilitat de continuar al bloc seg\u00fcent, pots rebutjar-ho i quedar-te amb l&#8217;assignaci\u00f3 obtinguda al bloc anterior, si aix\u00ed ho desitges.<\/p>\n<p style=\"text-align: justify;\"><strong>El resultat del test en l\u00ednia t\u00e9 car\u00e0cter diagn\u00f2stic i nom\u00e9s \u00e9s v\u00e0lid per a realitzar la matr\u00edcula.<\/strong>\u00a0 L&#8217;objectiu d&#8217;aquest test \u00e9s con\u00e8ixer el nivell en qu\u00e8 podeu aprofitar m\u00e9s el curs a l&#8217;EOI.\u00a0 No utilitzeu diccionaris o llibres de consulta ni demaneu ajuda.<\/p>\n<p style=\"text-align: justify;\">La durada del primer bloc \u00e9s de 45 minuts, la del segon bloc \u00e9s de 30 minuts i la del tercer \u00e9s de 35 minuts.\u00a0 <strong>Necessiteu tenir una bona connexi\u00f3 a internet i sense distraccions.<\/strong><\/p>\n<p>&nbsp;<\/p>\n<h4 style=\"text-align: justify;\"><a href=\"https:\/\/docs.google.com\/document\/d\/1s_z_YvbJEMBX4yrLrbztUh-oWCgQY7_-\/edit#heading=h.gjdgxs\">Horaris angl\u00e8s i franc\u00e8s curs 2025-2026<\/a><\/h4>\n<ol style=\"text-align: justify;\" start=\"2\">\n<li><strong> Matr\u00edcula nou alumnat oficial<\/strong><\/li>\n<\/ol>\n<p style=\"text-align: justify;\"><strong>A partir de les 18h del 12 de setembre i fins les 18h del 15 de setembre de 2025<\/strong>\u00a0podreu consultar el <strong>resultat<\/strong> del test de nivell en l\u00ednia.<\/p>\n<p style=\"text-align: justify;\">La matr\u00edcula del nou alumnat es realitzar\u00e0 telem\u00e0ticament al mateix <a href=\"https:\/\/www.eoidigital.com\/eoicat\/alumnes\/\" target=\"_blank\" rel=\"noopener\">aplicatiu<\/a> que heu utilitzat per fer la preinscripci\u00f3.\u00a0 Si sortiu com a\u00a0<strong>admesos<\/strong>\u00a0al sorteig d\u2019assignaci\u00f3 de places\u00a0<strong>us podeu matricular a partir del 15 de setembre a les 18h<\/strong>\u00a0<strong>i fins a les 23.59 h del 17 de setembre de 2025<\/strong>. Podreu escollir grup i horari al mateix aplicatiu.<\/p>\n<p style=\"text-align: justify;\"><strong>Places vacants d&#8217;angl\u00e8s a partir del 19 de setembre a les 12h.<\/strong><\/p>\n<p style=\"text-align: justify;\">3.\u00a0 <strong>Pagament i bonificacions<\/strong><\/p>\n<p style=\"text-align: justify;\">Un cop hagueu triat grup i horari, haureu d\u2019imprimir-vos el full de pagament i fer l\u2019ingr\u00e9s en el termini de 24 hores a partir de la formalitzaci\u00f3 de la matr\u00edcula a qualsevol\u00a0terminal de Servicaixa de Caixabank o b\u00e9 amb targeta de cr\u00e8dit. El pagament tamb\u00e9 es pot fer amb L\u00ednia Oberta. Heu d\u2019entrar a l\u2019apartat\u00a0<em>Pagaments i impostos<\/em>\u00a0i introduir els codis que trobareu al rebut de pagament.<\/p>\n<p style=\"text-align: justify;\">L\u2019import a pagar pels nivells <strong>A1, A2 i C1 <\/strong>correspon als <strong>preus p\u00fablics<\/strong> establerts per la Generalitat de Catalunya.<\/p>\n<p style=\"text-align: justify;\">L\u2019import a pagar pels nivells <strong>B1 i B2<\/strong> correspon a les <strong>taxes<\/strong> establertes per la Generalitat de Catalunya.<\/p>\n<p style=\"text-align: justify;\">Consulteu els<strong>\u00a0taxes<\/strong><strong>, preus p\u00fablics i <\/strong><strong>bonificacions i exempcions <a href=\"https:\/\/agora-eoi.xtec.cat\/eoiriberadebre\/secretaria\/matricula\/preus-matricula\/\" target=\"_blank\" rel=\"noopener\">aqu\u00ed.<\/a><\/strong><\/p>\n","protected":false},"excerpt":{"rendered":"<p>Seguidament tens tota la informaci\u00f3 relacionada amb la preinscripci\u00f3 i matr\u00edcula, per\u00f2 si vols que t&#8217;avisem un cop arribi el moment per tal que no se t&#8217;oblidi, omple el seg\u00fcent <a href=\"http:\/\/Recorda'm la preinscripci\u00f3 i matr\u00edcula\">formulari<\/a> i ens posarem en contacte amb tu. Tamb\u00e9 pots&hellip;  <a href=\"https:\/\/agora-eoi.xtec.cat\/eoiriberadebre\/secretaria\/matricula\/alumnes-nous\/\" title=\"Read PREINSCRIPCI\u00d3 \u00a0I MATR\u00cdCULA NOU ALUMNAT (curs 2025-2026) (setembre 2025)\">Llegeix m\u00e9s\u00bb<\/a><\/p>\n","protected":false},"author":1,"featured_media":0,"parent":8161,"menu_order":20,"comment_status":"closed","ping_status":"closed","template":"","meta":{"_bbp_topic_count":0,"_bbp_reply_count":0,"_bbp_total_topic_count":0,"_bbp_total_reply_count":0,"_bbp_voice_count":0,"_bbp_anonymous_reply_count":0,"_bbp_topic_count_hidden":0,"_bbp_reply_count_hidden":0,"_bbp_forum_subforum_count":0,"footnotes":""},"class_list":["post-8166","page","type-page","status-publish","hentry"],"post_mailing_queue_ids":[],"_links":{"self":[{"href":"https:\/\/agora-eoi.xtec.cat\/eoiriberadebre\/wp-json\/wp\/v2\/pages\/8166","targetHints":{"allow":["GET"]}}],"collection":[{"href":"https:\/\/agora-eoi.xtec.cat\/eoiriberadebre\/wp-json\/wp\/v2\/pages"}],"about":[{"href":"https:\/\/agora-eoi.xtec.cat\/eoiriberadebre\/wp-json\/wp\/v2\/types\/page"}],"author":[{"embeddable":true,"href":"https:\/\/agora-eoi.xtec.cat\/eoiriberadebre\/wp-json\/wp\/v2\/users\/1"}],"replies":[{"embeddable":true,"href":"https:\/\/agora-eoi.xtec.cat\/eoiriberadebre\/wp-json\/wp\/v2\/comments?post=8166"}],"version-history":[{"count":5,"href":"https:\/\/agora-eoi.xtec.cat\/eoiriberadebre\/wp-json\/wp\/v2\/pages\/8166\/revisions"}],"predecessor-version":[{"id":10946,"href":"https:\/\/agora-eoi.xtec.cat\/eoiriberadebre\/wp-json\/wp\/v2\/pages\/8166\/revisions\/10946"}],"up":[{"embeddable":true,"href":"https:\/\/agora-eoi.xtec.cat\/eoiriberadebre\/wp-json\/wp\/v2\/pages\/8161"}],"wp:attachment":[{"href":"https:\/\/agora-eoi.xtec.cat\/eoiriberadebre\/wp-json\/wp\/v2\/media?parent=8166"}],"curies":[{"name":"wp","href":"https:\/\/api.w.org\/{rel}","templated":true}]}}