{"id":8164,"date":"2023-07-03T12:50:04","date_gmt":"2023-07-03T10:50:04","guid":{"rendered":"http:\/\/agora-eoi.xtec.cat\/eoiriberadebre\/?page_id=8164"},"modified":"2025-06-26T09:18:47","modified_gmt":"2025-06-26T07:18:47","slug":"alumnes-antics","status":"publish","type":"page","link":"https:\/\/agora-eoi.xtec.cat\/eoiriberadebre\/secretaria\/matricula\/alumnes-antics\/","title":{"rendered":"Matr\u00edcula d&#8217;antics alumnes &#8211; JULIOL"},"content":{"rendered":"<p style=\"text-align: justify;\"><span style=\"color: #33cccc;\"><strong>Comen\u00e7a el proc\u00e9s de matr\u00edcula per antic alumnat del 1 al 9 de juliol.\u00a0 Matricula&#8217;t i no hi pensis m\u00e9s!<\/strong><\/span><\/p>\n<p style=\"text-align: justify;\"><span style=\"font-weight: 400;\">Per tal d\u2019agilitzar el proc\u00e9s de matr\u00edcula d\u2019antics alumnes, a l\u2019Escola Oficial d\u2019Idiomes<\/span><span style=\"font-weight: 400;\"> Ribera d\u2019Ebre<\/span><span style=\"font-weight: 400;\"> l\u2019alumne haur\u00e0 de fer la matr\u00edcula pr\u00f2pia <\/span><b>via telem\u00e0tica <\/b><span style=\"font-weight: 400;\">els dies que s\u2019indiquen en el calendari seg\u00fcent i d\u2019acord amb les pautes que s\u2019hi descriuen:<\/span><\/p>\n<table>\n<tbody>\n<tr>\n<td style=\"width: 588px;\" colspan=\"2\"><strong>ALUMNES<\/strong><\/td>\n<\/tr>\n<tr>\n<td style=\"width: 88px; text-align: center;\"><span style=\"font-weight: 400;\">1 i 2 de juliol<\/span><\/td>\n<td style=\"width: 498px; text-align: justify;\">Alumnat d\u2019A1 a B2.2 del curs 2024-2025 que ha obtingut la qualificaci\u00f3 d\u2019APTE\/A i que es vol matricular a un grup de la mateixa franja hor\u00e0ria *<\/td>\n<\/tr>\n<tr>\n<td style=\"width: 88px; text-align: center;\"><span style=\"font-weight: 400;\">3 i 4 de juliol<\/span><\/td>\n<td style=\"width: 498px; text-align: justify;\">Alumnat d\u2019A1 a B2.2 del curs 2024-2025 que ha obtingut la qualificaci\u00f3 d\u2019APTE\/A i que es vol matricular a un grup d\u2019una franja hor\u00e0ria diferent*<\/td>\n<\/tr>\n<tr>\n<td style=\"width: 88px; text-align: center;\"><span style=\"font-weight: 400;\">5, 6 i 7 de juliol<\/span><\/td>\n<td style=\"width: 498px; text-align: justify;\">Alumnat d\u2019A1 a C1 del curs 2024-2025 que ha obtingut la qualificaci\u00f3 de NO APTE\/A, NO PRESENTAT\/DA o que va fer la REN\u00daNCIA de matricula<\/td>\n<\/tr>\n<\/tbody>\n<\/table>\n<p style=\"text-align: justify;\">*Consulteu els horaris per al curs 2025-2026 <a href=\"https:\/\/docs.google.com\/document\/d\/1s_z_YvbJEMBX4yrLrbztUh-oWCgQY7_-\/edit?usp=sharing&amp;ouid=117450716825887076016&amp;rtpof=true&amp;sd=true\">aqu\u00ed<\/a>.<\/p>\n<p style=\"text-align: justify;\">Per fer aquesta matr\u00edcula, l\u2019alumnat haur\u00e0 d\u2019entrar a la p\u00e0gina web de l\u2019escola <a href=\"https:\/\/agora-eoi.xtec.cat\/eoiriberadebre\/\">EOI Ribera d\u2019Ebre<\/a> on trobar\u00e0 <a href=\"https:\/\/www.informaticacentros.com\/centrosnet\/ultralogin.php?tcentro=EOI&amp;centro=T09\">l\u2019enlla\u00e7 a l\u2019aplicatiu<\/a> des del qual far\u00e0 la matr\u00edcula. Aquest aplicatiu obrir\u00e0 cada nou termini a les 9.00 h sense tancar l\u2019anterior franja. <a href=\"https:\/\/drive.google.com\/file\/d\/1on8orNYhYewcZrNGrYDiTcf_dUDqwyiz\/view?usp=sharing\">Ajuda per accedir-hi.<\/a><\/p>\n<p style=\"text-align: justify;\"><span style=\"font-weight: 400;\">Els alumnes hauran de pagar l\u2019import de la taxa o preu p\u00fablic. En el moment de formalitzar-la, l\u2019aplicaci\u00f3 generar\u00e0 el \u201cResguard de matr\u00edcula oficial \u2013 Curs 2025-2026\u201d, que hauran de guardar per fer efectiu l\u2019import a l\u2019entitat banc\u00e0ria. Tamb\u00e9 es pot fer el pagament en l\u00ednia a trav\u00e9s de l\u2019enlla\u00e7 a l\u2019entitat banc\u00e0ria. Tant si es fa el pagament presencial a l\u2019entitat o el pagament telem\u00e0tic, cal tenir en compte que el termini \u00e9s de <\/span><b>24.00 h<\/b><span style=\"font-weight: 400;\"><strong> a partir de la formalitzaci\u00f3 de la matr\u00edcula<\/strong>.\u00a0<\/span><\/p>\n<p style=\"text-align: justify;\"><span style=\"font-weight: 400;\">L\u2019alumne que no es matriculi dins d\u2019aquest per\u00edode de matr\u00edcula del mes de juliol perdr\u00e0 la seva prioritat de dia i d\u2019horari respecte als que ja ho hagin fet. Qualsevol incid\u00e8ncia relacionada amb la matr\u00edcula, l\u2019alumne l\u2019haur\u00e0 de resoldre els dies<strong> 8<\/strong><\/span><b> i 9 de juliol<\/b> <b>presencialment a l\u2019escola<\/b><span style=\"font-weight: 400;\">.\u00a0<\/span><\/p>\n<p style=\"text-align: justify;\"><span style=\"font-weight: 400;\">Els alumnes que es matriculin el mes de juliol no podran preinscriure\u2019s el mes de setembre de la mateixa llengua i curs en una altra escola amb la intenci\u00f3 de traslladar-hi la matr\u00edcula feta. El trasllat de matr\u00edcula d\u2019una escola a una altra es fa, de manera ordin\u00e0ria, durant el curs i en el cas que l\u2019escola a la qual es vulgui traslladar la matr\u00edcula disposi de places.\u00a0<\/span><\/p>\n<p style=\"text-align: justify;\"><span style=\"font-weight: 400;\">De manera extraordin\u00e0ria i dins el per\u00edode no lectiu, els alumnes oficials, un cop hagin formalitzat la matr\u00edcula al seu centre d\u2019origen, poden sol\u00b7licitar un trasllat de matr\u00edcula a una altra escola els dies <\/span><b>10 i 11<\/b>\u00a0<b>de juliol.<\/b><span style=\"font-weight: 400;\"> La sol\u00b7licitud es far\u00e0 presencialment a l\u2019escola de destinaci\u00f3, i quedar\u00e0 condicionada a la disponibilitat de places. L\u2019escola de destinaci\u00f3 es posar\u00e0 en contacte amb els alumnes, a trav\u00e9s dels mitjans que estableixi, per notificar l\u2019acceptaci\u00f3 o la denegaci\u00f3 del trasllat. En cas d\u2019acceptaci\u00f3, el proc\u00e9s de trasllat ha d\u2019haver acabat com a molt tard el <\/span><b>17 de juliol<\/b><span style=\"font-weight: 400;\">.\u00a0 La documentaci\u00f3 que caldr\u00e0 aportar en el moment de sol\u00b7licitar el trasllat ser\u00e0 el full de pagament de la matr\u00edcula. En cas que s\u2019accepti, caldr\u00e0 tramitar el trasllat d\u2019expedient a l\u2019escola d\u2019origen.<\/span><\/p>\n<p>Llegiu tota la informaci\u00f3 sobre les<a href=\"https:\/\/agora-eoi.xtec.cat\/eoiriberadebre\/secretaria\/matricula\/preus-matricula\/\"> taxes i preus p\u00fablics<\/a> per als cursos d\u2019Escola Oficial d\u2019Idiomes. <strong>En el moment de fer la matr\u00edcula online l\u2019alumnat ha de seleccionar les bonificacions i\/o exempcions que li pertoquin.<\/strong><\/p>\n","protected":false},"excerpt":{"rendered":"<p>Comen\u00e7a el proc\u00e9s de matr\u00edcula per antic alumnat del 1 al 9 de juliol.\u00a0 Matricula&#8217;t i no hi pensis m\u00e9s!<br \/>\nPer tal d\u2019agilitzar el proc\u00e9s de matr\u00edcula d\u2019antics alumnes, a l\u2019Escola Oficial d\u2019Idiomes Ribera d\u2019Ebre l\u2019alumne haur\u00e0 de fer la matr\u00edcula pr\u00f2pia via telem\u00e0tica els dies&hellip;  <a href=\"https:\/\/agora-eoi.xtec.cat\/eoiriberadebre\/secretaria\/matricula\/alumnes-antics\/\" title=\"Read Matr\u00edcula d&#8217;antics alumnes &#8211; JULIOL\">Llegeix m\u00e9s\u00bb<\/a><\/p>\n","protected":false},"author":1,"featured_media":0,"parent":8161,"menu_order":10,"comment_status":"closed","ping_status":"closed","template":"page-templates\/side-menu.php","meta":{"_bbp_topic_count":0,"_bbp_reply_count":0,"_bbp_total_topic_count":0,"_bbp_total_reply_count":0,"_bbp_voice_count":0,"_bbp_anonymous_reply_count":0,"_bbp_topic_count_hidden":0,"_bbp_reply_count_hidden":0,"_bbp_forum_subforum_count":0,"footnotes":""},"class_list":["post-8164","page","type-page","status-publish","hentry"],"post_mailing_queue_ids":[],"_links":{"self":[{"href":"https:\/\/agora-eoi.xtec.cat\/eoiriberadebre\/wp-json\/wp\/v2\/pages\/8164","targetHints":{"allow":["GET"]}}],"collection":[{"href":"https:\/\/agora-eoi.xtec.cat\/eoiriberadebre\/wp-json\/wp\/v2\/pages"}],"about":[{"href":"https:\/\/agora-eoi.xtec.cat\/eoiriberadebre\/wp-json\/wp\/v2\/types\/page"}],"author":[{"embeddable":true,"href":"https:\/\/agora-eoi.xtec.cat\/eoiriberadebre\/wp-json\/wp\/v2\/users\/1"}],"replies":[{"embeddable":true,"href":"https:\/\/agora-eoi.xtec.cat\/eoiriberadebre\/wp-json\/wp\/v2\/comments?post=8164"}],"version-history":[{"count":6,"href":"https:\/\/agora-eoi.xtec.cat\/eoiriberadebre\/wp-json\/wp\/v2\/pages\/8164\/revisions"}],"predecessor-version":[{"id":10887,"href":"https:\/\/agora-eoi.xtec.cat\/eoiriberadebre\/wp-json\/wp\/v2\/pages\/8164\/revisions\/10887"}],"up":[{"embeddable":true,"href":"https:\/\/agora-eoi.xtec.cat\/eoiriberadebre\/wp-json\/wp\/v2\/pages\/8161"}],"wp:attachment":[{"href":"https:\/\/agora-eoi.xtec.cat\/eoiriberadebre\/wp-json\/wp\/v2\/media?parent=8164"}],"curies":[{"name":"wp","href":"https:\/\/api.w.org\/{rel}","templated":true}]}}