{"id":8161,"date":"2016-06-08T16:52:40","date_gmt":"2016-06-08T15:52:40","guid":{"rendered":"http:\/\/agora-eoi.xtec.cat\/eoiriberadebre\/?page_id=8161"},"modified":"2024-10-04T11:23:13","modified_gmt":"2024-10-04T09:23:13","slug":"matricula","status":"publish","type":"page","link":"https:\/\/agora-eoi.xtec.cat\/eoiriberadebre\/secretaria\/matricula\/","title":{"rendered":"Matr\u00edcula"},"content":{"rendered":"<p style=\"font-weight: 400;\"><b><strong><i><em>Condicions generals per matricular-se:<\/em><\/i><\/strong><\/b><\/p>\n<ul style=\"font-weight: 400;\">\n<li>Per accedir als ensenyaments d&#8217;idiomes en les escoles oficials \u00e9s requisit imprescindible tenir 16 anys complerts abans del 31 de desembre de l\u2019any acad\u00e8mic en qu\u00e8 es comencin els estudis. Tamb\u00e9 hi pot accedir alumnat amb 14 anys, per seguir els ensenyaments d&#8217;un idioma diferent del cursat en l&#8217;educaci\u00f3 secund\u00e0ria obligat\u00f2ria.<\/li>\n<li>En el moment de la matr\u00edcula cal presentar tota la documentaci\u00f3 exigida.<\/li>\n<li>No \u00e9s imprescindible la pres\u00e8ncia de l&#8217;interessat: qualsevol persona, degudament autoritzada, pot fer la matr\u00edcula en lloc seu, personant-se a la Secretaria del centre.<\/li>\n<li>Cada preinscripci\u00f3 i matr\u00edcula s\u00f3n independents i intransferibles, tant d&#8217;una persona a una altra, com d&#8217;un idioma a un altre.<\/li>\n<li>No est\u00e0 perm\u00e8s fer matr\u00edcula oficial i lliure del mateix idioma, dins del mateix curs acad\u00e8mic.<\/li>\n<li>No est\u00e0 perm\u00e8s ser alumne presencial i a dist\u00e0ncia del mateix idioma dins del mateix curs escolar.<\/li>\n<li>Es procedir\u00e0 a l&#8217;anul\u00b7laci\u00f3 de la matr\u00edcula d&#8217;aquells alumnes que no aportin la documentaci\u00f3 requerida per matricular-se i d&#8217;aquells que la presentin amb dades falses.<\/li>\n<\/ul>\n<p style=\"font-weight: 400;\"><b><strong>Documents necessaris per formalitzar la matr\u00edcula:<\/strong><\/b><\/p>\n<ul style=\"font-weight: 400;\">\n<li>DNI, passaport o perm\u00eds de conduir (original i fotoc\u00f2pia)<\/li>\n<li>Resguard de la preinscripci\u00f3<\/li>\n<li>Papereta de la nota del darrer curs aprovat (si veniu d\u2019una altra EOI i teniu algun curs aprovat). Original i fotoc\u00f2pia.<\/li>\n<li>Carnet de fam\u00edlia nombrosa (original i fotoc\u00f2pia) si s\u2019escau<\/li>\n<li>Resguard de la sol\u00b7licitud de trasllat d\u2019expedient (si veniu d\u2019una altra EOI)<\/li>\n<li>Alumnes procedents del <em>That\u2019s English.<\/em><\/li>\n<\/ul>\n<p style=\"font-weight: 400;\">La matr\u00edcula oficial dona dret a assistir a classe (m\u00ednim de 130 hores per curs), als ex\u00e0mens corresponents, al material lliurat a classe durant el curs, al servei de biblioteca-mediateca i a les activitats culturals.<\/p>\n","protected":false},"excerpt":{"rendered":"<p>Condicions generals per matricular-se:<\/p>\n<ul style=\"font-weight: 400;\">\n<li>Per accedir als ensenyaments d&#8217;idiomes en les escoles oficials \u00e9s requisit imprescindible tenir 16 anys complerts abans del 31 de desembre de l\u2019any acad\u00e8mic en qu\u00e8 es comencin els estudis. Tamb\u00e9 hi pot accedir alumnat amb 14 anys, per seguir&hellip;  <a href=\"https:\/\/agora-eoi.xtec.cat\/eoiriberadebre\/secretaria\/matricula\/\" title=\"Read Matr\u00edcula\">Llegeix m\u00e9s\u00bb<\/a><br \/>\n","protected":false},"author":1,"featured_media":0,"parent":8358,"menu_order":20,"comment_status":"closed","ping_status":"closed","template":"page-templates\/side-menu.php","meta":{"_bbp_topic_count":0,"_bbp_reply_count":0,"_bbp_total_topic_count":0,"_bbp_total_reply_count":0,"_bbp_voice_count":0,"_bbp_anonymous_reply_count":0,"_bbp_topic_count_hidden":0,"_bbp_reply_count_hidden":0,"_bbp_forum_subforum_count":0,"footnotes":""},"class_list":["post-8161","page","type-page","status-publish","hentry"],"post_mailing_queue_ids":[],"_links":{"self":[{"href":"https:\/\/agora-eoi.xtec.cat\/eoiriberadebre\/wp-json\/wp\/v2\/pages\/8161","targetHints":{"allow":["GET"]}}],"collection":[{"href":"https:\/\/agora-eoi.xtec.cat\/eoiriberadebre\/wp-json\/wp\/v2\/pages"}],"about":[{"href":"https:\/\/agora-eoi.xtec.cat\/eoiriberadebre\/wp-json\/wp\/v2\/types\/page"}],"author":[{"embeddable":true,"href":"https:\/\/agora-eoi.xtec.cat\/eoiriberadebre\/wp-json\/wp\/v2\/users\/1"}],"replies":[{"embeddable":true,"href":"https:\/\/agora-eoi.xtec.cat\/eoiriberadebre\/wp-json\/wp\/v2\/comments?post=8161"}],"version-history":[{"count":5,"href":"https:\/\/agora-eoi.xtec.cat\/eoiriberadebre\/wp-json\/wp\/v2\/pages\/8161\/revisions"}],"predecessor-version":[{"id":10818,"href":"https:\/\/agora-eoi.xtec.cat\/eoiriberadebre\/wp-json\/wp\/v2\/pages\/8161\/revisions\/10818"}],"up":[{"embeddable":true,"href":"https:\/\/agora-eoi.xtec.cat\/eoiriberadebre\/wp-json\/wp\/v2\/pages\/8358"}],"wp:attachment":[{"href":"https:\/\/agora-eoi.xtec.cat\/eoiriberadebre\/wp-json\/wp\/v2\/media?parent=8161"}],"curies":[{"name":"wp","href":"https:\/\/api.w.org\/{rel}","templated":true}]}}