{"id":806,"date":"2015-11-28T21:29:55","date_gmt":"2015-11-28T20:29:55","guid":{"rendered":"http:\/\/agora-eoi.xtec.cat\/eoiriberadebre\/?page_id=806"},"modified":"2025-08-07T12:28:35","modified_gmt":"2025-08-07T10:28:35","slug":"el-servei-educatiu","status":"publish","type":"page","link":"https:\/\/agora-eoi.xtec.cat\/eoiriberadebre\/el-servei-educatiu\/","title":{"rendered":"L&#8217;escola"},"content":{"rendered":"<p style=\"text-align: justify;\">L&#8217;<strong>Escola Oficial d&#8217;Idiomes Ribera d&#8217;Ebre <\/strong>es va inaugurar el setembre de 2006 per iniciativa del Departament d&#8217;Ensenyament de la Generalitat de Catalunya. \u00c9s un centre p\u00fablic, no universitari, d&#8217;ensenyament d&#8217;idiomes modern que imparteix els ensenyaments especialitzats\u00a0 d&#8217;angl\u00e8s i franc\u00e8s regulats per la Llei org\u00e0nica d&#8217;educaci\u00f3 (LOE).<\/p>\n<p style=\"text-align: justify;\">Les escoles oficials d&#8217;idiomes tamb\u00e9 gestionen les certificacions acad\u00e8miques corresponents a aquests ensenyaments especialitzats. <strong>Aquestes certificacions s\u00f3n reconegudes arreu de l&#8217;Estat espanyol, s\u00f3n les \u00faniques oficials<\/strong>, estan validades pel Consell d&#8217;Europa per mitj\u00e0 del Marc Europeu de Refer\u00e8ncia i es poden obtenir tant en convocat\u00f2ria oficial, com en convocat\u00f2ria lliure.<\/p>\n<p><a href=\"https:\/\/triaeducativa.gencat.cat\/ca\/idiomes-eoi\/\">M\u00e9s informaci\u00f3<\/a> sobre les Escoles Oficials d&#8217;Idiomes de Catalunya.<\/p>\n","protected":false},"excerpt":{"rendered":"<p>L&#8217;Escola Oficial d&#8217;Idiomes Ribera d&#8217;Ebre es va inaugurar el setembre de 2006 per iniciativa del Departament d&#8217;Ensenyament de la Generalitat de Catalunya. \u00c9s un centre p\u00fablic, no universitari, d&#8217;ensenyament d&#8217;idiomes modern que imparteix els ensenyaments especialitzats\u00a0 d&#8217;angl\u00e8s i franc\u00e8s regulats per la Llei org\u00e0nica d&#8217;educaci\u00f3&hellip;  <a href=\"https:\/\/agora-eoi.xtec.cat\/eoiriberadebre\/el-servei-educatiu\/\" title=\"Read L&#8217;escola\">Llegeix m\u00e9s\u00bb<\/a><\/p>\n","protected":false},"author":1,"featured_media":0,"parent":0,"menu_order":0,"comment_status":"closed","ping_status":"closed","template":"page-templates\/side-menu.php","meta":{"_bbp_topic_count":0,"_bbp_reply_count":0,"_bbp_total_topic_count":0,"_bbp_total_reply_count":0,"_bbp_voice_count":0,"_bbp_anonymous_reply_count":0,"_bbp_topic_count_hidden":0,"_bbp_reply_count_hidden":0,"_bbp_forum_subforum_count":0,"footnotes":""},"class_list":["post-806","page","type-page","status-publish","hentry"],"post_mailing_queue_ids":[],"_links":{"self":[{"href":"https:\/\/agora-eoi.xtec.cat\/eoiriberadebre\/wp-json\/wp\/v2\/pages\/806","targetHints":{"allow":["GET"]}}],"collection":[{"href":"https:\/\/agora-eoi.xtec.cat\/eoiriberadebre\/wp-json\/wp\/v2\/pages"}],"about":[{"href":"https:\/\/agora-eoi.xtec.cat\/eoiriberadebre\/wp-json\/wp\/v2\/types\/page"}],"author":[{"embeddable":true,"href":"https:\/\/agora-eoi.xtec.cat\/eoiriberadebre\/wp-json\/wp\/v2\/users\/1"}],"replies":[{"embeddable":true,"href":"https:\/\/agora-eoi.xtec.cat\/eoiriberadebre\/wp-json\/wp\/v2\/comments?post=806"}],"version-history":[{"count":6,"href":"https:\/\/agora-eoi.xtec.cat\/eoiriberadebre\/wp-json\/wp\/v2\/pages\/806\/revisions"}],"predecessor-version":[{"id":10957,"href":"https:\/\/agora-eoi.xtec.cat\/eoiriberadebre\/wp-json\/wp\/v2\/pages\/806\/revisions\/10957"}],"wp:attachment":[{"href":"https:\/\/agora-eoi.xtec.cat\/eoiriberadebre\/wp-json\/wp\/v2\/media?parent=806"}],"curies":[{"name":"wp","href":"https:\/\/api.w.org\/{rel}","templated":true}]}}