{"id":797,"date":"2015-11-28T21:06:57","date_gmt":"2015-11-28T20:06:57","guid":{"rendered":"http:\/\/agora-eoi.xtec.cat\/eoiriberadebre\/?page_id=797"},"modified":"2019-02-26T16:26:47","modified_gmt":"2019-02-26T15:26:47","slug":"presentacio","status":"publish","type":"page","link":"https:\/\/agora-eoi.xtec.cat\/eoiriberadebre\/el-servei-educatiu\/presentacio\/","title":{"rendered":"Presentaci\u00f3"},"content":{"rendered":"<p>L&#8217;<strong>Escola Oficial d&#8217;Idiomes Ribera d&#8217;Ebre <\/strong>es va inaugurar el setembre de 2006 per iniciativa del Departament d&#8217;Ensenyament de la Generalitat de Catalunya. \u00c9s un centre p\u00fablic, no universitari, d&#8217;ensenyament d&#8217;idiomes modern que imparteix els ensenyaments especialitzats regulats per la Llei org\u00e0nica d&#8217;educaci\u00f3 (LOE).<\/p>\n<p>Les escoles oficials d&#8217;idiomes tamb\u00e9 gestionen les certificacions acad\u00e8miques corresponents a aquests ensenyaments especialitzats. <strong>Aquestes certificacions s\u00f3n reconegudes arreu de l&#8217;Estat espanyol, s\u00f3n les \u00faniques oficials<\/strong>, estan validades pel Consell d&#8217;Europa per mitj\u00e0 del <a href=\"http:\/\/llengua.gencat.cat\/ca\/serveis\/informacio_i_difusio\/publicacions_en_linia\/classific_temes\/temes_materials_didactics\/marc_europeu_de_referencia_per_a_les_llengues\" target=\"_blank\" rel=\"noopener\">Marc Europeu de Refer\u00e8ncia<\/a> i es poden obtenir tant en convocat\u00f2ria oficial, com en convocat\u00f2ria lliure.<\/p>\n<p><strong>Marc legal<br \/>\n<\/strong>Els ensenyaments de les EOI a Catalunya s&#8217;inscriuen en el marc legal administratiu establert en els seg\u00fcents documents:<\/p>\n<ul>\n<li><a href=\"http:\/\/dogc.gencat.cat\/ca\/pdogc_canals_interns\/pdogc_resultats_fitxa\/?documentId=480169&amp;language=ca_ES&amp;action=fitxa\" target=\"_blank\" rel=\"noopener\">Llei 12\/2009, de 10 de juliol, d\u2019educaci\u00f3\u00a0<\/a><\/li>\n<li><a href=\"https:\/\/www.boe.es\/buscar\/doc.php?id=BOE-A-2007-184\" target=\"_blank\" rel=\"noopener\">Reial Decret 1629\/2006, de 29 de desembre, pel qual es fixen els aspectes b\u00e0sics del curr\u00edculum dels ensenyaments d\u2019idiomes de r\u00e8gim especial regulades per la Llei Org\u00e0nica 2\/2006, de 3 de maig.<\/a><\/li>\n<li><a href=\"http:\/\/www.gencat.cat\/diari\/5297\/09009001.htm\" target=\"_blank\" rel=\"noopener\">Decret 4\/2009, de 13 de gener, pel qual s\u2019estableix l\u2019ordenaci\u00f3 i el curr\u00edculum dels ensenyaments d\u2019idiomes de r\u00e8gim especial per a l\u2019\u00e0mbit de Catalunya<\/a><\/li>\n<\/ul>\n<p><strong>Marc europeu com\u00fa<\/strong><\/p>\n<p>El pla d&#8217;estudis a les EOI s&#8217;estructura en tres nivells segons el nou curr\u00edculum dels ensenyaments d&#8217;idiomes establert a la LOE (Llei Org\u00e0nica d\u2019Educaci\u00f3 2\/2006, de 3 de maig). Poden comparar-se amb els nivells descrits pel Marc Europeu de Refer\u00e8ncia publicat pel Consell d&#8217;Europa.<\/p>\n<ul>\n<li><a href=\"http:\/\/xtec.gencat.cat\/ca\/curriculum\/idiomes\/certificats\/\" target=\"_blank\" rel=\"noopener\">El Marc europeu com\u00fa de refer\u00e8ncia a les EOIs de Catalunya<\/a><\/li>\n<li><a href=\"http:\/\/www.coe.int\/en\/web\/portfolio\" target=\"_blank\" rel=\"noopener\">European Language Portfolio<\/a><\/li>\n<li><a href=\"http:\/\/www.ecml.at\/mtp2\/fte\/pdf\/C3_Epostl_E.pdf\" target=\"_blank\" rel=\"noopener\">Portfolio per als professors d&#8217;idiomes<\/a><\/li>\n<li><a href=\"http:\/\/www.coe.int\/t\/dg4\/linguistic\/Manuel1_EN.asp#TopOfPage\" target=\"_blank\" rel=\"noopener\">Manual per a relacionar ex\u00e0mens amb el Marc Com\u00fa de Refer\u00e8ncia<\/a><\/li>\n<\/ul>\n<p><strong>M\u00e9s informaci\u00f3<\/strong><\/p>\n<ul>\n<li>Apartat de les <a href=\"http:\/\/www.xtec.cat\/eoi\/escoles.html\" target=\"_blank\" rel=\"noopener\">Escoles oficials d&#8217;idiomes a la XTEC<\/a><\/li>\n<\/ul>\n","protected":false},"excerpt":{"rendered":"<p>L&#8217;Escola Oficial d&#8217;Idiomes Ribera d&#8217;Ebre es va inaugurar el setembre de 2006 per iniciativa del Departament d&#8217;Ensenyament de la Generalitat de Catalunya. \u00c9s un centre p\u00fablic, no universitari, d&#8217;ensenyament d&#8217;idiomes modern que imparteix els ensenyaments especialitzats regulats per la Llei org\u00e0nica d&#8217;educaci\u00f3 (LOE).<br \/>\nLes escoles oficials&hellip;  <a href=\"https:\/\/agora-eoi.xtec.cat\/eoiriberadebre\/el-servei-educatiu\/presentacio\/\" title=\"Read Presentaci\u00f3\">Llegeix m\u00e9s\u00bb<\/a><\/p>\n","protected":false},"author":1,"featured_media":0,"parent":806,"menu_order":0,"comment_status":"closed","ping_status":"closed","template":"page-templates\/side-menu.php","meta":{"_bbp_topic_count":0,"_bbp_reply_count":0,"_bbp_total_topic_count":0,"_bbp_total_reply_count":0,"_bbp_voice_count":0,"_bbp_anonymous_reply_count":0,"_bbp_topic_count_hidden":0,"_bbp_reply_count_hidden":0,"_bbp_forum_subforum_count":0,"footnotes":""},"class_list":["post-797","page","type-page","status-publish","hentry"],"post_mailing_queue_ids":[],"_links":{"self":[{"href":"https:\/\/agora-eoi.xtec.cat\/eoiriberadebre\/wp-json\/wp\/v2\/pages\/797","targetHints":{"allow":["GET"]}}],"collection":[{"href":"https:\/\/agora-eoi.xtec.cat\/eoiriberadebre\/wp-json\/wp\/v2\/pages"}],"about":[{"href":"https:\/\/agora-eoi.xtec.cat\/eoiriberadebre\/wp-json\/wp\/v2\/types\/page"}],"author":[{"embeddable":true,"href":"https:\/\/agora-eoi.xtec.cat\/eoiriberadebre\/wp-json\/wp\/v2\/users\/1"}],"replies":[{"embeddable":true,"href":"https:\/\/agora-eoi.xtec.cat\/eoiriberadebre\/wp-json\/wp\/v2\/comments?post=797"}],"version-history":[{"count":4,"href":"https:\/\/agora-eoi.xtec.cat\/eoiriberadebre\/wp-json\/wp\/v2\/pages\/797\/revisions"}],"predecessor-version":[{"id":9341,"href":"https:\/\/agora-eoi.xtec.cat\/eoiriberadebre\/wp-json\/wp\/v2\/pages\/797\/revisions\/9341"}],"up":[{"embeddable":true,"href":"https:\/\/agora-eoi.xtec.cat\/eoiriberadebre\/wp-json\/wp\/v2\/pages\/806"}],"wp:attachment":[{"href":"https:\/\/agora-eoi.xtec.cat\/eoiriberadebre\/wp-json\/wp\/v2\/media?parent=797"}],"curies":[{"name":"wp","href":"https:\/\/api.w.org\/{rel}","templated":true}]}}