{"id":10896,"date":"2025-07-02T09:19:43","date_gmt":"2025-07-02T07:19:43","guid":{"rendered":"https:\/\/agora-eoi.xtec.cat\/eoiriberadebre\/?page_id=10896"},"modified":"2025-07-02T09:20:22","modified_gmt":"2025-07-02T07:20:22","slug":"pla-de-comunicacio","status":"publish","type":"page","link":"https:\/\/agora-eoi.xtec.cat\/eoiriberadebre\/pla-de-comunicacio\/","title":{"rendered":"Pla de Comunicaci\u00f3"},"content":{"rendered":"<p>Al seg\u00fcent enlla\u00e7 podeu trobar el document amb el Pla de Comunicaci\u00f3 de centre, aprovat el juny de 2025:<\/p>\n<p><a href=\"https:\/\/drive.google.com\/file\/d\/1E4TiYRPGwLmkYjOnSFgEXEkdo9bBoX0v\/view?ts=6863cec4\">Pla de Comunicaci\u00f3<\/a><\/p>\n","protected":false},"excerpt":{"rendered":"<p>Al seg\u00fcent enlla\u00e7 podeu trobar el document amb el Pla de Comunicaci\u00f3 de centre, aprovat el juny de 2025:<br \/>\n<a href=\"https:\/\/drive.google.com\/file\/d\/1E4TiYRPGwLmkYjOnSFgEXEkdo9bBoX0v\/view?ts=6863cec4\">Pla de Comunicaci\u00f3<\/a><\/p>\n","protected":false},"author":1,"featured_media":0,"parent":0,"menu_order":0,"comment_status":"closed","ping_status":"closed","template":"","meta":{"_bbp_topic_count":0,"_bbp_reply_count":0,"_bbp_total_topic_count":0,"_bbp_total_reply_count":0,"_bbp_voice_count":0,"_bbp_anonymous_reply_count":0,"_bbp_topic_count_hidden":0,"_bbp_reply_count_hidden":0,"_bbp_forum_subforum_count":0,"footnotes":""},"class_list":["post-10896","page","type-page","status-publish","hentry"],"post_mailing_queue_ids":[],"_links":{"self":[{"href":"https:\/\/agora-eoi.xtec.cat\/eoiriberadebre\/wp-json\/wp\/v2\/pages\/10896","targetHints":{"allow":["GET"]}}],"collection":[{"href":"https:\/\/agora-eoi.xtec.cat\/eoiriberadebre\/wp-json\/wp\/v2\/pages"}],"about":[{"href":"https:\/\/agora-eoi.xtec.cat\/eoiriberadebre\/wp-json\/wp\/v2\/types\/page"}],"author":[{"embeddable":true,"href":"https:\/\/agora-eoi.xtec.cat\/eoiriberadebre\/wp-json\/wp\/v2\/users\/1"}],"replies":[{"embeddable":true,"href":"https:\/\/agora-eoi.xtec.cat\/eoiriberadebre\/wp-json\/wp\/v2\/comments?post=10896"}],"version-history":[{"count":2,"href":"https:\/\/agora-eoi.xtec.cat\/eoiriberadebre\/wp-json\/wp\/v2\/pages\/10896\/revisions"}],"predecessor-version":[{"id":10900,"href":"https:\/\/agora-eoi.xtec.cat\/eoiriberadebre\/wp-json\/wp\/v2\/pages\/10896\/revisions\/10900"}],"wp:attachment":[{"href":"https:\/\/agora-eoi.xtec.cat\/eoiriberadebre\/wp-json\/wp\/v2\/media?parent=10896"}],"curies":[{"name":"wp","href":"https:\/\/api.w.org\/{rel}","templated":true}]}}