{"id":10856,"date":"2024-11-20T10:39:11","date_gmt":"2024-11-20T09:39:11","guid":{"rendered":"https:\/\/agora-eoi.xtec.cat\/eoiriberadebre\/?page_id=10856"},"modified":"2024-11-20T10:53:26","modified_gmt":"2024-11-20T09:53:26","slug":"programa-de-certificacio","status":"publish","type":"page","link":"https:\/\/agora-eoi.xtec.cat\/eoiriberadebre\/secretaria\/programa-de-certificacio\/","title":{"rendered":"Programa de Certificaci\u00f3"},"content":{"rendered":"<p>&nbsp;<\/p>\n<p style=\"text-align: center;\"><strong>Pots trobar la informaci\u00f3 sobre la convocat\u00f2ria per a l&#8217;any 2025 al <a href=\"https:\/\/agora-eoi.xtec.cat\/eoiriberadebre\/general\/informacio-programa-de-certificacio-2025\/\">seg\u00fcent enlla\u00e7<\/a>.<\/strong><\/p>\n<p style=\"text-align: justify;\">L&#8217;EOI Ribera d&#8217;Ebre col\u00b7labora amb instituts de l&#8217;entorn per tal de donar l&#8217;oportunitat d&#8217;aconseguir el t\u00edtol de B1 (angl\u00e8s i franc\u00e8s) i B2 (angl\u00e8s) a l&#8217;alumnat d&#8217;ESO, FP i batxillerat. La finalitat d&#8217;aquest programa \u00e9s fomentar, amb el suport de les Escoles Oficials d&#8217;Idiomes als centres educatius participants, la certificaci\u00f3 dels coneixements de llengua estrangera adquirits per l&#8217;alumnat de determinats ensenyaments de forma que s&#8217;afavoreixi el progr\u00e9s del rendiment acad\u00e8mic en les lleng\u00fces estrangeres i la millora de la transpar\u00e8ncia de les compet\u00e8ncies adquirides.<\/p>\n<ul>\n<li style=\"text-align: left;\"><strong>Objectius<\/strong><\/li>\n<\/ul>\n<p style=\"text-align: justify;\"><strong>a)<\/strong> Impulsar i facilitar la certificaci\u00f3 de la compet\u00e8ncia ling\u00fc\u00edstica en llengua estrangera dels alumnes de determinats ensenyaments.<br \/>\n<strong>b)<\/strong> Estimular la motivaci\u00f3 i el rendiment de l&#8217;alumnat en les mat\u00e8ries de lleng\u00fces estrangeres, amb accions en els diversos ensenyaments implicats i programades en el marc del projecte educatiu de centre i concretades a la programaci\u00f3 general anual.<br \/>\n<strong>c)<\/strong> Afavorir les vies que facilitin la cooperaci\u00f3 entre centres educatius, i entre aquests i les escoles oficials d&#8217;idiomes.<\/p>\n<ul>\n<li style=\"text-align: left;\"><strong>Quins centres hi poden participar?<\/strong><\/li>\n<\/ul>\n<p style=\"text-align: justify;\">Poden formar part del programa els centres educatius de Catalunya sostinguts amb fons p\u00fablics que imparteixen algun dels ensenyaments seg\u00fcents: educaci\u00f3 secund\u00e0ria obligat\u00f2ria, batxillerat, cicles de formaci\u00f3 professional, cicles d&#8217;arts pl\u00e0stiques i disseny, t\u00edtols propis d&#8217;arts esc\u00e8niques o cicles d&#8217;ensenyaments esportius de r\u00e8gim especial.<\/p>\n<p style=\"text-align: justify;\">Tamb\u00e9 podran formar part del programa els centres de formaci\u00f3 de persones adultes que imparteixin estudis per a l&#8217;obtenci\u00f3 del t\u00edtol de graduat o graduada en educaci\u00f3 secund\u00e0ria obligat\u00f2ria (GESO).<\/p>\n","protected":false},"excerpt":{"rendered":"<p>&nbsp;<br \/>\nPots trobar la informaci\u00f3 sobre la convocat\u00f2ria per a l&#8217;any 2025 al <a href=\"https:\/\/agora-eoi.xtec.cat\/eoiriberadebre\/general\/informacio-programa-de-certificacio-2025\/\">seg\u00fcent enlla\u00e7<\/a>.<br \/>\nL&#8217;EOI Ribera d&#8217;Ebre col\u00b7labora amb instituts de l&#8217;entorn per tal de donar l&#8217;oportunitat d&#8217;aconseguir el t\u00edtol de B1 (angl\u00e8s i franc\u00e8s) i B2 (angl\u00e8s) a l&#8217;alumnat d&#8217;ESO, FP i batxillerat. La&hellip;  <a href=\"https:\/\/agora-eoi.xtec.cat\/eoiriberadebre\/secretaria\/programa-de-certificacio\/\" title=\"Read Programa de Certificaci\u00f3\">Llegeix m\u00e9s\u00bb<\/a><\/p>\n","protected":false},"author":1,"featured_media":0,"parent":8358,"menu_order":0,"comment_status":"closed","ping_status":"closed","template":"page-templates\/side-menu.php","meta":{"_bbp_topic_count":0,"_bbp_reply_count":0,"_bbp_total_topic_count":0,"_bbp_total_reply_count":0,"_bbp_voice_count":0,"_bbp_anonymous_reply_count":0,"_bbp_topic_count_hidden":0,"_bbp_reply_count_hidden":0,"_bbp_forum_subforum_count":0,"footnotes":""},"class_list":["post-10856","page","type-page","status-publish","hentry"],"post_mailing_queue_ids":[],"_links":{"self":[{"href":"https:\/\/agora-eoi.xtec.cat\/eoiriberadebre\/wp-json\/wp\/v2\/pages\/10856","targetHints":{"allow":["GET"]}}],"collection":[{"href":"https:\/\/agora-eoi.xtec.cat\/eoiriberadebre\/wp-json\/wp\/v2\/pages"}],"about":[{"href":"https:\/\/agora-eoi.xtec.cat\/eoiriberadebre\/wp-json\/wp\/v2\/types\/page"}],"author":[{"embeddable":true,"href":"https:\/\/agora-eoi.xtec.cat\/eoiriberadebre\/wp-json\/wp\/v2\/users\/1"}],"replies":[{"embeddable":true,"href":"https:\/\/agora-eoi.xtec.cat\/eoiriberadebre\/wp-json\/wp\/v2\/comments?post=10856"}],"version-history":[{"count":3,"href":"https:\/\/agora-eoi.xtec.cat\/eoiriberadebre\/wp-json\/wp\/v2\/pages\/10856\/revisions"}],"predecessor-version":[{"id":10861,"href":"https:\/\/agora-eoi.xtec.cat\/eoiriberadebre\/wp-json\/wp\/v2\/pages\/10856\/revisions\/10861"}],"up":[{"embeddable":true,"href":"https:\/\/agora-eoi.xtec.cat\/eoiriberadebre\/wp-json\/wp\/v2\/pages\/8358"}],"wp:attachment":[{"href":"https:\/\/agora-eoi.xtec.cat\/eoiriberadebre\/wp-json\/wp\/v2\/media?parent=10856"}],"curies":[{"name":"wp","href":"https:\/\/api.w.org\/{rel}","templated":true}]}}