{"id":10700,"date":"2023-07-19T13:47:08","date_gmt":"2023-07-19T11:47:08","guid":{"rendered":"https:\/\/agora-eoi.xtec.cat\/eoiriberadebre\/?page_id=10700"},"modified":"2023-07-28T19:55:59","modified_gmt":"2023-07-28T17:55:59","slug":"convalidacions-eso-i-batxillerat","status":"publish","type":"page","link":"https:\/\/agora-eoi.xtec.cat\/eoiriberadebre\/secretaria\/matricula\/convalidacions-eso-i-batxillerat\/","title":{"rendered":"Convalidacions ESO i Batxillerat"},"content":{"rendered":"<h3 style=\"text-align: justify;\"><span style=\"color: #0099cc;\"><strong>CONVALIDACIONS ESO<\/strong><\/span><\/h3>\n<p style=\"text-align: justify;\">L\u2019alumnat que cursa una <strong>segona llengua estrangera en una escola oficial d\u2019idiomes<\/strong>, que <strong>no s\u2019ofereixi en el centre educatiu<\/strong>, pot sol\u00b7licitar-ne el reconeixement. En aquest cas, l\u2019alumne o alumna ha d\u2019acreditar que est\u00e0 matriculat en una EOI i ha de comunicar, si es dona el cas, l\u2019abandonament d\u2019aquests estudis.<\/p>\n<p style=\"text-align: justify;\">El <strong>tr\u00e0mit<\/strong> que han de fer les fam\u00edlies dels alumnes \u00e9s el seg\u00fcent:<\/p>\n<ol style=\"text-align: justify;\">\n<li>Sol\u00b7licitar al centre de secund\u00e0ria el reconeixement dels estudis com a mat\u00e8ria optativa de segona llengua estrangera. Aquesta sol\u00b7licitud cal fer-la cada any.<\/li>\n<li>En la sol\u00b7licitud cal adjuntar el comprovant de matr\u00edcula.<\/li>\n<li>Presentar al centre, a final de curs, un certificat de superaci\u00f3 dels estudis expedit per l\u2019EOI.<\/li>\n<li style=\"list-style-type: none;\"><\/li>\n<\/ol>\n<p style=\"text-align: justify;\">El reconeixement est\u00e0 condicionat a la <strong>valoraci\u00f3 favorable<\/strong> del seguiment de l\u2019alumne o alumna. At\u00e8s que totes aquestes possibilitats es fonamenten en el fet de simultaniejar estudis ordinaris, la sol\u00b7licitud s\u2019ha de renovar cada curs. El reconeixement de la formaci\u00f3 en cursos posteriors queda supeditada a l\u2019acreditaci\u00f3 de la superaci\u00f3 del curs previ.<\/p>\n<p style=\"text-align: justify;\">\n<h3 style=\"text-align: justify;\"><span style=\"color: #0099cc;\"><strong>CONVALIDACIONS BATXILLERAT\u00a0<\/strong><\/span><\/h3>\n<p style=\"text-align: justify;\">Els i les alumnes que cursen el batxillerat i, al mateix temps, u<strong>na segona llengua estrangera en una escola oficial d\u2019idiomes<\/strong> poden sol\u00b7licitar:<\/p>\n<p style=\"text-align: justify;\">A\u00a0<strong>primer curs<\/strong>, la convalidaci\u00f3 de 6 hores setmanals de mat\u00e8ries de la franja d\u2019optatives de qualsevol de les tres franges optatives, si es dona alguna de les condicions seg\u00fcents:<\/p>\n<ul style=\"text-align: justify;\">\n<li>Es cursa a l\u2019EOI amb el nivell B2 o superior una segona llengua estrangera que ofereix el centre.<\/li>\n<li>Es cursa a l\u2019EOI una llengua estrangera que no ofereix el centre.<\/li>\n<\/ul>\n<p style=\"text-align: justify;\">La convalidaci\u00f3 tindr\u00e0 car\u00e0cter anual.<\/p>\n<p style=\"text-align: justify;\">A\u00a0<strong>segon curs<\/strong>, la convalidaci\u00f3 de 4 hores setmanals de mat\u00e8ries optatives, si es dona alguna de les condicions seg\u00fcents:<\/p>\n<ul style=\"text-align: justify;\">\n<li>Es cursa a l\u2019EOI amb el nivell B2 o superior una segona llengua estrangera que ofereix el centre.<\/li>\n<li>Es cursa a l\u2019EOI una llengua estrangera que no ofereix el centre.<\/li>\n<\/ul>\n<p style=\"text-align: justify;\">La sol\u00b7licitud de convalidaci\u00f3 la presenta l\u2019alumne\/a <strong>abans del darrer dia lectiu del mes d\u2019octubre al centre on estudia batxillerat<\/strong>, juntament amb el <strong>certificat expedit per l\u2019EOI<\/strong> on s\u2019acredita el curs de la segona llengua estrangera que cursa l\u2019alumne\/a. El director o directora del centre resol la sol\u00b7licitud.<\/p>\n<p style=\"text-align: justify;\">La convalidaci\u00f3 est\u00e0 condicionada a la <strong>valoraci\u00f3 favorable<\/strong> del seguiment de l\u2019alumne\/a i l\u2019aprofitament del curs a l\u2019EOI, que cal documentar amb un certificat del nivell assolit expedit per la secretaria de l\u2019EOI.<\/p>\n","protected":false},"excerpt":{"rendered":"<p>CONVALIDACIONS ESO<br \/>\nL\u2019alumnat que cursa una segona llengua estrangera en una escola oficial d\u2019idiomes, que no s\u2019ofereixi en el centre educatiu, pot sol\u00b7licitar-ne el reconeixement. En aquest cas, l\u2019alumne o alumna ha d\u2019acreditar que est\u00e0 matriculat en una EOI i ha de comunicar, si es dona&hellip;  <a href=\"https:\/\/agora-eoi.xtec.cat\/eoiriberadebre\/secretaria\/matricula\/convalidacions-eso-i-batxillerat\/\" title=\"Read Convalidacions ESO i Batxillerat\">Llegeix m\u00e9s\u00bb<\/a><\/p>\n","protected":false},"author":1,"featured_media":0,"parent":8161,"menu_order":0,"comment_status":"closed","ping_status":"closed","template":"","meta":{"_bbp_topic_count":0,"_bbp_reply_count":0,"_bbp_total_topic_count":0,"_bbp_total_reply_count":0,"_bbp_voice_count":0,"_bbp_anonymous_reply_count":0,"_bbp_topic_count_hidden":0,"_bbp_reply_count_hidden":0,"_bbp_forum_subforum_count":0,"footnotes":""},"class_list":["post-10700","page","type-page","status-publish","hentry"],"post_mailing_queue_ids":[],"_links":{"self":[{"href":"https:\/\/agora-eoi.xtec.cat\/eoiriberadebre\/wp-json\/wp\/v2\/pages\/10700","targetHints":{"allow":["GET"]}}],"collection":[{"href":"https:\/\/agora-eoi.xtec.cat\/eoiriberadebre\/wp-json\/wp\/v2\/pages"}],"about":[{"href":"https:\/\/agora-eoi.xtec.cat\/eoiriberadebre\/wp-json\/wp\/v2\/types\/page"}],"author":[{"embeddable":true,"href":"https:\/\/agora-eoi.xtec.cat\/eoiriberadebre\/wp-json\/wp\/v2\/users\/1"}],"replies":[{"embeddable":true,"href":"https:\/\/agora-eoi.xtec.cat\/eoiriberadebre\/wp-json\/wp\/v2\/comments?post=10700"}],"version-history":[{"count":3,"href":"https:\/\/agora-eoi.xtec.cat\/eoiriberadebre\/wp-json\/wp\/v2\/pages\/10700\/revisions"}],"predecessor-version":[{"id":10704,"href":"https:\/\/agora-eoi.xtec.cat\/eoiriberadebre\/wp-json\/wp\/v2\/pages\/10700\/revisions\/10704"}],"up":[{"embeddable":true,"href":"https:\/\/agora-eoi.xtec.cat\/eoiriberadebre\/wp-json\/wp\/v2\/pages\/8161"}],"wp:attachment":[{"href":"https:\/\/agora-eoi.xtec.cat\/eoiriberadebre\/wp-json\/wp\/v2\/media?parent=10700"}],"curies":[{"name":"wp","href":"https:\/\/api.w.org\/{rel}","templated":true}]}}