{"id":10463,"date":"2023-05-22T11:11:47","date_gmt":"2023-05-22T09:11:47","guid":{"rendered":"https:\/\/agora-eoi.xtec.cat\/eoiriberadebre\/?page_id=10463"},"modified":"2025-09-05T12:14:54","modified_gmt":"2025-09-05T10:14:54","slug":"carta-de-compromis-educatiu","status":"publish","type":"page","link":"https:\/\/agora-eoi.xtec.cat\/eoiriberadebre\/el-servei-educatiu\/carta-de-compromis-educatiu\/","title":{"rendered":"Carta de comprom\u00eds educatiu"},"content":{"rendered":"<h2 style=\"text-align: center;\"><\/h2>\n<p>La<strong> carta de comprom\u00eds educatiu<\/strong> \u00e9s un document que t\u00e9 com a finalitat potenciar la comunicaci\u00f3, la participaci\u00f3, la implicaci\u00f3, el comprom\u00eds i la corresponsabilitat entre els centres i l&#8217;alumnat (i les fam\u00edlies en el cas d&#8217;alumnat menor d&#8217;edat).<\/p>\n<p>Per tant, la carta contribueix, entre altres, als objectius seg\u00fcents:<\/p>\n<ul>\n<li>Compartir amb l&#8217;alumnat els principis i els continguts del projecte educatiu del centre i, si escau, els projectes educatius de l&#8217;entorn.<\/li>\n<li>Millorar la informaci\u00f3 i la comunicaci\u00f3 entre el centre i l&#8217;alumnat.<\/li>\n<li>Facilitar a l&#8217;alumnat l&#8217;exercici dels seus drets i el compliment dels deures.<\/li>\n<li>Fomentar la conviv\u00e8ncia i el bon clima escolar.<\/li>\n<li>Corresponsabilitzar el centre i l&#8217;alumnat en l&#8217;\u00e8xit acad\u00e8mic, personal i social i tamb\u00e9 en el comprom\u00eds c\u00edvic.<\/li>\n<\/ul>\n<p>En el seg\u00fcent enlla\u00e7 trobareu la <a href=\"https:\/\/drive.google.com\/file\/d\/1FsPW6nKZGQft01eYXe5S3Jhgv0AY8U7w\/view?usp=sharing\">carta de comprom\u00eds educatiu de l&#8217;EOI Ribera d&#8217;Ebre<\/a>, elaborada segons els principis, criteris i valors del seu projecte educatiu. Aquest document l&#8217;ha de signar l&#8217;alumnat o el pare, mare, tutor o tutora legal de l&#8217;alumne o alumna menor d&#8217;edat, i la direcci\u00f3 del centre educatiu en el moment de la matr\u00edcula.<\/p>\n<p>&nbsp;<\/p>\n","protected":false},"excerpt":{"rendered":"<p>La carta de comprom\u00eds educatiu \u00e9s un document que t\u00e9 com a finalitat potenciar la comunicaci\u00f3, la participaci\u00f3, la implicaci\u00f3, el comprom\u00eds i la corresponsabilitat entre els centres i l&#8217;alumnat (i les fam\u00edlies en el cas d&#8217;alumnat menor d&#8217;edat).<br \/>\nPer tant, la carta contribueix, entre altres,&hellip;  <a href=\"https:\/\/agora-eoi.xtec.cat\/eoiriberadebre\/el-servei-educatiu\/carta-de-compromis-educatiu\/\" title=\"Read Carta de comprom\u00eds educatiu\">Llegeix m\u00e9s\u00bb<\/a><\/p>\n","protected":false},"author":1,"featured_media":0,"parent":806,"menu_order":0,"comment_status":"closed","ping_status":"closed","template":"","meta":{"_bbp_topic_count":0,"_bbp_reply_count":0,"_bbp_total_topic_count":0,"_bbp_total_reply_count":0,"_bbp_voice_count":0,"_bbp_anonymous_reply_count":0,"_bbp_topic_count_hidden":0,"_bbp_reply_count_hidden":0,"_bbp_forum_subforum_count":0,"footnotes":""},"class_list":["post-10463","page","type-page","status-publish","hentry"],"post_mailing_queue_ids":[],"_links":{"self":[{"href":"https:\/\/agora-eoi.xtec.cat\/eoiriberadebre\/wp-json\/wp\/v2\/pages\/10463","targetHints":{"allow":["GET"]}}],"collection":[{"href":"https:\/\/agora-eoi.xtec.cat\/eoiriberadebre\/wp-json\/wp\/v2\/pages"}],"about":[{"href":"https:\/\/agora-eoi.xtec.cat\/eoiriberadebre\/wp-json\/wp\/v2\/types\/page"}],"author":[{"embeddable":true,"href":"https:\/\/agora-eoi.xtec.cat\/eoiriberadebre\/wp-json\/wp\/v2\/users\/1"}],"replies":[{"embeddable":true,"href":"https:\/\/agora-eoi.xtec.cat\/eoiriberadebre\/wp-json\/wp\/v2\/comments?post=10463"}],"version-history":[{"count":4,"href":"https:\/\/agora-eoi.xtec.cat\/eoiriberadebre\/wp-json\/wp\/v2\/pages\/10463\/revisions"}],"predecessor-version":[{"id":10981,"href":"https:\/\/agora-eoi.xtec.cat\/eoiriberadebre\/wp-json\/wp\/v2\/pages\/10463\/revisions\/10981"}],"up":[{"embeddable":true,"href":"https:\/\/agora-eoi.xtec.cat\/eoiriberadebre\/wp-json\/wp\/v2\/pages\/806"}],"wp:attachment":[{"href":"https:\/\/agora-eoi.xtec.cat\/eoiriberadebre\/wp-json\/wp\/v2\/media?parent=10463"}],"curies":[{"name":"wp","href":"https:\/\/api.w.org\/{rel}","templated":true}]}}