{"id":10208,"date":"2020-07-27T02:17:57","date_gmt":"2020-07-27T00:17:57","guid":{"rendered":"http:\/\/agora-eoi.xtec.cat\/eoiriberadebre\/?page_id=10208"},"modified":"2020-07-27T02:17:57","modified_gmt":"2020-07-27T00:17:57","slug":"matricula-dactualitzacio-2","status":"publish","type":"page","link":"https:\/\/agora-eoi.xtec.cat\/eoiriberadebre\/secretaria\/matricula\/matricula-dactualitzacio-2\/","title":{"rendered":"Matr\u00edcula d&#8217;actualitzaci\u00f3"},"content":{"rendered":"<p><strong>MATR\u00cdCULA D\u2019ACTUALITZACI\u00d3<\/strong><\/p>\n<p>&nbsp;<\/p>\n<p>Aquelles persones que ja han cursat i superat amb anterioritat cursos de les escoles d\u2019idiomes que condueixen a l\u2019obtenci\u00f3 d\u2019un certificat i que desitgin actualitzar coneixements podran sol\u00b7licitar matr\u00edcula en l&#8217;\u00faltim curs realitzat o en qualsevol dels cursos inferiors, sempre i quan hagin transcorregut <strong>dos cursos des de l\u2019obtenci\u00f3 del certificat.<\/strong><\/p>\n<p><strong>\u00a0<\/strong><\/p>\n<h2>Qu\u00e8 he de fer?<\/h2>\n<p><strong>\u00a0<\/strong><\/p>\n<ul>\n<li>Presentar una sol\u00b7licitud una vegada finalitzat el per\u00edode d&#8217;admissi\u00f3 de nous alumnes. Nom\u00e9s podr\u00e0s accedir a grups en qu\u00e8 existeixin vacants en el curs i idioma sol\u00b7licitat. La sol\u00b7licitud ser\u00e0 valida \u00fanicament per al curs acad\u00e8mic en qu\u00e8 se sol\u00b7liciti i s\u2019haur\u00e0 de tornar a presentar per a cursos acad\u00e8mics posteriors, cas que vulguis continuar actualitzant<\/li>\n<\/ul>\n<h2>Quina nota tindr\u00e9?<\/h2>\n<p><strong>\u00a0<\/strong><\/p>\n<ul>\n<li>Aquest tipus de matr\u00edcula no tindr\u00e0 efectes acad\u00e8mics ni donar\u00e0 lloc a cap certificaci\u00f3 oficial. La qualificaci\u00f3 que es far\u00e0 constar en l\u2019expedient acad\u00e8mic de l\u2019alumnat ser\u00e0 \u201cNo qualificat\/da\u201d.<\/li>\n<\/ul>\n<h2>Obtindr\u00e9 un nou certificat?<\/h2>\n<p><strong>\u00a0<\/strong><\/p>\n<ul>\n<li>L\u2019alumnat en aquesta situaci\u00f3 acad\u00e8mica podr\u00e0 sol\u00b7licitar un certificat d\u2019actualitzaci\u00f3 al centre on estigui matriculat per\u00f2 no podr\u00e0 sol\u00b7licitar una nova expedici\u00f3 del certificat obtingut<\/li>\n<\/ul>\n<h2>Quin preu t\u00e9 la matr\u00edcula d\u2019actualitzaci\u00f3?<\/h2>\n<p><strong>\u00a0<\/strong><\/p>\n<ul>\n<li>Pel que fa al preu del servei, aquest alumnat pagar\u00e0 la taxa o el preu p\u00fablic corresponent, sense penalitzaci\u00f3 per repetici\u00f3.<\/li>\n<\/ul>\n<p><strong>NOTA:\u00a0 <\/strong>No es pot simultaniejar una matr\u00edcula ordin\u00e0ria als ensenyaments presencials i una matr\u00edcula d\u2019actualitzaci\u00f3 del mateix idioma durant un mateix curs acad\u00e8mic.<\/p>\n<p>&nbsp;<\/p>\n","protected":false},"excerpt":{"rendered":"<p>MATR\u00cdCULA D\u2019ACTUALITZACI\u00d3<br \/>\n&nbsp;<br \/>\nAquelles persones que ja han cursat i superat amb anterioritat cursos de les escoles d\u2019idiomes que condueixen a l\u2019obtenci\u00f3 d\u2019un certificat i que desitgin actualitzar coneixements podran sol\u00b7licitar matr\u00edcula en l&#8217;\u00faltim curs realitzat o en qualsevol dels cursos inferiors, sempre i quan hagin transcorregut&hellip;  <a href=\"https:\/\/agora-eoi.xtec.cat\/eoiriberadebre\/secretaria\/matricula\/matricula-dactualitzacio-2\/\" title=\"Read Matr\u00edcula d&#8217;actualitzaci\u00f3\">Llegeix m\u00e9s\u00bb<\/a><\/p>\n","protected":false},"author":1,"featured_media":0,"parent":8161,"menu_order":0,"comment_status":"closed","ping_status":"closed","template":"","meta":{"_bbp_topic_count":0,"_bbp_reply_count":0,"_bbp_total_topic_count":0,"_bbp_total_reply_count":0,"_bbp_voice_count":0,"_bbp_anonymous_reply_count":0,"_bbp_topic_count_hidden":0,"_bbp_reply_count_hidden":0,"_bbp_forum_subforum_count":0,"footnotes":""},"class_list":["post-10208","page","type-page","status-publish","hentry"],"post_mailing_queue_ids":[],"_links":{"self":[{"href":"https:\/\/agora-eoi.xtec.cat\/eoiriberadebre\/wp-json\/wp\/v2\/pages\/10208","targetHints":{"allow":["GET"]}}],"collection":[{"href":"https:\/\/agora-eoi.xtec.cat\/eoiriberadebre\/wp-json\/wp\/v2\/pages"}],"about":[{"href":"https:\/\/agora-eoi.xtec.cat\/eoiriberadebre\/wp-json\/wp\/v2\/types\/page"}],"author":[{"embeddable":true,"href":"https:\/\/agora-eoi.xtec.cat\/eoiriberadebre\/wp-json\/wp\/v2\/users\/1"}],"replies":[{"embeddable":true,"href":"https:\/\/agora-eoi.xtec.cat\/eoiriberadebre\/wp-json\/wp\/v2\/comments?post=10208"}],"version-history":[{"count":2,"href":"https:\/\/agora-eoi.xtec.cat\/eoiriberadebre\/wp-json\/wp\/v2\/pages\/10208\/revisions"}],"predecessor-version":[{"id":10210,"href":"https:\/\/agora-eoi.xtec.cat\/eoiriberadebre\/wp-json\/wp\/v2\/pages\/10208\/revisions\/10210"}],"up":[{"embeddable":true,"href":"https:\/\/agora-eoi.xtec.cat\/eoiriberadebre\/wp-json\/wp\/v2\/pages\/8161"}],"wp:attachment":[{"href":"https:\/\/agora-eoi.xtec.cat\/eoiriberadebre\/wp-json\/wp\/v2\/media?parent=10208"}],"curies":[{"name":"wp","href":"https:\/\/api.w.org\/{rel}","templated":true}]}}