{"id":9088,"date":"2022-07-26T10:06:24","date_gmt":"2022-07-26T08:06:24","guid":{"rendered":"https:\/\/agora-eoi.xtec.cat\/eoireus\/?page_id=9088"},"modified":"2025-07-14T10:24:42","modified_gmt":"2025-07-14T08:24:42","slug":"entorn-virtual-daprenentatge-eva","status":"publish","type":"page","link":"https:\/\/agora-eoi.xtec.cat\/eoireus\/serveis\/entorn-virtual-daprenentatge-eva\/","title":{"rendered":"Entorn Virtual d&#8217;Aprenentatge  (EVA)"},"content":{"rendered":"<p><img loading=\"lazy\" decoding=\"async\" class=\"alignright size-full wp-image-9090\" src=\"https:\/\/agora-eoi.xtec.cat\/eoireus\/wp-content\/uploads\/usu2224\/2022\/07\/google-workspace.png\" alt=\"\" width=\"250\" height=\"125\" \/>Dintre del marc del Pla d&#8217;Educaci\u00f3 Digital de Catalunya 2020-2023, la nostra escola va implementar el curs 2020-21 l&#8217;EVA (Entorn Virtual d&#8217;Aprenentatge) <strong>Google Workspace for Education<\/strong>, que ens proporciona les eines per a millorar el treball col.laboratiu, la comunicaci\u00f3 entre la comunitat educativa i un entorn adequat per al treball as\u00edncron.<\/p>\n<p>L&#8217;alumnat de la nostra escola ha de tenir acc\u00e9s a Google Classroom, on el professorat fa un seguiment de l&#8217;activitat lectiva fora de l&#8217;aula presencial. A m\u00e9s, l&#8217;escola fa servir les notificacions de Google Classroom com a eina de comunicaci\u00f3 preferent.<\/p>\n<p><strong>Alumnat menor de 18 anys<\/strong><\/p>\n<p>L&#8217;alumnat menor de 18 anys rebr\u00e0 un compte d&#8217;usuari amb extensi\u00f3 eoireus.cat per a poder accedir a la seva aula virtual, pr\u00e8via <a href=\"https:\/\/drive.google.com\/file\/d\/1xI9j2DAuaP__xNTR4wClebb3ViJtMOg1\/view?usp=sharing\" target=\"_blank\" rel=\"noopener\">autoritzaci\u00f3 dels pares o tutors<\/a>, i cap alumne\/a podr\u00e0 accedir-hi sense aquesta autoritzaci\u00f3. <strong>Aquesta autoritzaci\u00f3 \u00e9s obligat\u00f2ria cada curs acad\u00e8mic<\/strong>, i per tant tamb\u00e9 l&#8217;haureu d&#8217;omplir encara que el vostre fill\/a hagi estat alumne\/a en cursos anteriors i ja tingui correu eoireus.cat.<\/p>\n<p>Aquests comptes garanteixen al m\u00e0xim la privacitat i la seguretat del nostre alumnat, i donen acc\u00e9s a un seguit d&#8217;eines que ajudaran a millorar la compet\u00e8ncia digital i tecnol\u00f2gica.\u00a0Per a m\u00e9s informaci\u00f3 sobre els serveis de Google per a Centres Educatius, <a href=\"https:\/\/www.canva.com\/design\/DAEkz4tKXN0\/oPMUepNoX-TFIi22vlVgVA\/view\" target=\"_blank\" rel=\"noopener\">cliqueu aqu\u00ed<\/a>.<\/p>\n","protected":false},"excerpt":{"rendered":"<p>Dintre del marc del Pla d&#8217;Educaci\u00f3 Digital de Catalunya 2020-2023, la nostra escola va implementar el curs 2020-21 l&#8217;EVA (Entorn Virtual d&#8217;Aprenentatge) Google Workspace for Education, que ens proporciona les eines per a millorar el treball col.laboratiu, la comunicaci\u00f3 entre la comunitat educativa i un&hellip;  <a href=\"https:\/\/agora-eoi.xtec.cat\/eoireus\/serveis\/entorn-virtual-daprenentatge-eva\/\" title=\"Read Entorn Virtual d&#8217;Aprenentatge  (EVA)\">Llegeix m\u00e9s\u00bb<\/a><\/p>\n","protected":false},"author":1,"featured_media":0,"parent":8411,"menu_order":30,"comment_status":"closed","ping_status":"closed","template":"page-templates\/side-menu.php","meta":{"_bbp_topic_count":0,"_bbp_reply_count":0,"_bbp_total_topic_count":0,"_bbp_total_reply_count":0,"_bbp_voice_count":0,"_bbp_anonymous_reply_count":0,"_bbp_topic_count_hidden":0,"_bbp_reply_count_hidden":0,"_bbp_forum_subforum_count":0,"footnotes":""},"class_list":["post-9088","page","type-page","status-publish","hentry"],"post_mailing_queue_ids":[],"_links":{"self":[{"href":"https:\/\/agora-eoi.xtec.cat\/eoireus\/wp-json\/wp\/v2\/pages\/9088","targetHints":{"allow":["GET"]}}],"collection":[{"href":"https:\/\/agora-eoi.xtec.cat\/eoireus\/wp-json\/wp\/v2\/pages"}],"about":[{"href":"https:\/\/agora-eoi.xtec.cat\/eoireus\/wp-json\/wp\/v2\/types\/page"}],"author":[{"embeddable":true,"href":"https:\/\/agora-eoi.xtec.cat\/eoireus\/wp-json\/wp\/v2\/users\/1"}],"replies":[{"embeddable":true,"href":"https:\/\/agora-eoi.xtec.cat\/eoireus\/wp-json\/wp\/v2\/comments?post=9088"}],"version-history":[{"count":6,"href":"https:\/\/agora-eoi.xtec.cat\/eoireus\/wp-json\/wp\/v2\/pages\/9088\/revisions"}],"predecessor-version":[{"id":10184,"href":"https:\/\/agora-eoi.xtec.cat\/eoireus\/wp-json\/wp\/v2\/pages\/9088\/revisions\/10184"}],"up":[{"embeddable":true,"href":"https:\/\/agora-eoi.xtec.cat\/eoireus\/wp-json\/wp\/v2\/pages\/8411"}],"wp:attachment":[{"href":"https:\/\/agora-eoi.xtec.cat\/eoireus\/wp-json\/wp\/v2\/media?parent=9088"}],"curies":[{"name":"wp","href":"https:\/\/api.w.org\/{rel}","templated":true}]}}