{"id":8985,"date":"2022-07-25T09:31:33","date_gmt":"2022-07-25T07:31:33","guid":{"rendered":"https:\/\/agora-eoi.xtec.cat\/eoireus\/?page_id=8985"},"modified":"2025-09-23T12:32:49","modified_gmt":"2025-09-23T10:32:49","slug":"convocatoria-addicional","status":"publish","type":"page","link":"https:\/\/agora-eoi.xtec.cat\/eoireus\/secretaria\/tramits\/convocatoria-addicional\/","title":{"rendered":"Convocat\u00f2ria addicional"},"content":{"rendered":"<p><img loading=\"lazy\" decoding=\"async\" class=\"alignright wp-image-8986 size-full\" src=\"https:\/\/agora-eoi.xtec.cat\/eoireus\/wp-content\/uploads\/usu2224\/2022\/07\/addicional-2.jpg\" alt=\"\" width=\"110\" height=\"83\" \/><\/p>\n<p>Dins de cada nivell &#8211;b\u00e0sic, intermedi, i avan\u00e7at &#8211;, l&#8217;alumnat t\u00e9 dret a romandre matriculat en el r\u00e8gim d&#8217;ensenyament oficial, modalitat presencial, durant un m\u00e0xim de cursos acad\u00e8mics equivalents al doble dels ordenats per al nivell per a l&#8217;idioma corresponent.<\/p>\n<p>L&#8217;alumne\/a que cursa per tercera vegada el primer curs del nivell b\u00e0sic o que cursa per tercera vegada el primer curs de nivell avan\u00e7at i no el supera, no pot tornar a cursar aquest curs una altra vegada.<\/p>\n<p>Per cursar per tercera vegada un curs de qualsevol nivell (d&#8217;A1 a C2), l\u2019alumne\/a ha de demanar-ho a la direcci\u00f3 de l\u2019escola, que valorar\u00e0 les circumst\u00e0ncies al\u00b7legades per l\u2019alumne\/a en la sol\u00b7licitud i, el proc\u00e9s d\u2019aprenentatge seguit per l\u2019alumne\/a al llarg dels dos cursos realitzats. L&#8217;alumne\/a que accedeix directament a segon curs del nivell b\u00e0sic o a segon curs de nivell avan\u00e7at, el pot cursar un m\u00e0xim de dues vegades.<\/p>\n<p>En casos <strong>excepcionals<\/strong> a valorar per la direcci\u00f3 de l&#8217;escola, i sempre que no representi fer el mateix curs per quarta vegada, la direcci\u00f3 podr\u00e0 autoritzar la repetici\u00f3 o perman\u00e8ncia d&#8217;un curs m\u00e9s en r\u00e8gim oficial presencial a l&#8217;alumnat que ho sol\u00b7liciti quan ja hagi superat el nombre m\u00e0xim de cursos de perman\u00e8ncia autoritzats amb car\u00e0cter general per al nivell corresponent.<\/p>\n<p>Es podr\u00e0 concedir una \u00fanica convocat\u00f2ria addicional <strong>per nivell<\/strong>.<\/p>\n<p>La <a href=\"https:\/\/drive.google.com\/file\/d\/1mjj1XFxX3SAiRFIUFLe-Yui7m7sOfVUv\/view\" target=\"_blank\" rel=\"noopener\">sol\u00b7licitud<\/a> corresponent es presentar\u00e0 a secretaria. El termini de presentaci\u00f3 de la sol.licitud ser\u00e0 abans del per\u00edode de matr\u00edcula (juliol per alumnat oficial, setembre per nou alumnat). La direcci\u00f3 de l&#8217;escola resoldr\u00e0 la sol.licitud considerant l&#8217;expedient i les circumst\u00e0ncies de l&#8217;alumne.<\/p>\n<p>En cas que es concedeixi, l&#8217;alumne\/a es matricular\u00e0 despr\u00e9s dels alumnes oficials i just abans dels nous alumnes.\u00a0Si no es concedeix la convocatoria addicional o b\u00e9 l&#8217;alumne\/a opta per no sol\u00b7licitar-la, sempre podr\u00e0 si aix\u00ed ho decideix, examinar-se en <strong>r\u00e8gim lliure<\/strong> de les proves de certificat del nivell intermedi i\/o avan\u00e7at.<\/p>\n","protected":false},"excerpt":{"rendered":"<p>Dins de cada nivell &#8211;b\u00e0sic, intermedi, i avan\u00e7at &#8211;, l&#8217;alumnat t\u00e9 dret a romandre matriculat en el r\u00e8gim d&#8217;ensenyament oficial, modalitat presencial, durant un m\u00e0xim de cursos acad\u00e8mics equivalents al doble dels ordenats per al nivell per a l&#8217;idioma corresponent.<br \/>\nL&#8217;alumne\/a que cursa per tercera vegada&hellip;  <a href=\"https:\/\/agora-eoi.xtec.cat\/eoireus\/secretaria\/tramits\/convocatoria-addicional\/\" title=\"Read Convocat\u00f2ria addicional\">Llegeix m\u00e9s\u00bb<\/a><\/p>\n","protected":false},"author":1,"featured_media":0,"parent":8956,"menu_order":60,"comment_status":"closed","ping_status":"closed","template":"page-templates\/side-menu.php","meta":{"_bbp_topic_count":0,"_bbp_reply_count":0,"_bbp_total_topic_count":0,"_bbp_total_reply_count":0,"_bbp_voice_count":0,"_bbp_anonymous_reply_count":0,"_bbp_topic_count_hidden":0,"_bbp_reply_count_hidden":0,"_bbp_forum_subforum_count":0,"footnotes":""},"class_list":["post-8985","page","type-page","status-publish","hentry"],"post_mailing_queue_ids":[],"_links":{"self":[{"href":"https:\/\/agora-eoi.xtec.cat\/eoireus\/wp-json\/wp\/v2\/pages\/8985","targetHints":{"allow":["GET"]}}],"collection":[{"href":"https:\/\/agora-eoi.xtec.cat\/eoireus\/wp-json\/wp\/v2\/pages"}],"about":[{"href":"https:\/\/agora-eoi.xtec.cat\/eoireus\/wp-json\/wp\/v2\/types\/page"}],"author":[{"embeddable":true,"href":"https:\/\/agora-eoi.xtec.cat\/eoireus\/wp-json\/wp\/v2\/users\/1"}],"replies":[{"embeddable":true,"href":"https:\/\/agora-eoi.xtec.cat\/eoireus\/wp-json\/wp\/v2\/comments?post=8985"}],"version-history":[{"count":6,"href":"https:\/\/agora-eoi.xtec.cat\/eoireus\/wp-json\/wp\/v2\/pages\/8985\/revisions"}],"predecessor-version":[{"id":10227,"href":"https:\/\/agora-eoi.xtec.cat\/eoireus\/wp-json\/wp\/v2\/pages\/8985\/revisions\/10227"}],"up":[{"embeddable":true,"href":"https:\/\/agora-eoi.xtec.cat\/eoireus\/wp-json\/wp\/v2\/pages\/8956"}],"wp:attachment":[{"href":"https:\/\/agora-eoi.xtec.cat\/eoireus\/wp-json\/wp\/v2\/media?parent=8985"}],"curies":[{"name":"wp","href":"https:\/\/api.w.org\/{rel}","templated":true}]}}