{"id":8983,"date":"2022-07-25T09:29:14","date_gmt":"2022-07-25T07:29:14","guid":{"rendered":"https:\/\/agora-eoi.xtec.cat\/eoireus\/?page_id=8983"},"modified":"2025-07-11T12:01:50","modified_gmt":"2025-07-11T10:01:50","slug":"trasllats","status":"publish","type":"page","link":"https:\/\/agora-eoi.xtec.cat\/eoireus\/secretaria\/tramits\/trasllats\/","title":{"rendered":"Trasllats"},"content":{"rendered":"<h4>Trasllat d&#8217;expedient<\/h4>\n<p>Els alumnes procedents d&#8217;una altra EOI han de fer preinscripci\u00f3 i, en el cas que siguin admesos, hauran de demanar <a href=\"https:\/\/drive.google.com\/file\/d\/1KU4FTqPsohnx8CKU6gta2op-WYTRqGuQ\/view?usp=sharing\" target=\"_blank\" rel=\"noopener\">trasllat d&#8217;expedient<\/a> en formalitzar la seva matr\u00edcula a l&#8217;EOI de Reus.<\/p>\n<h4>Trasllat de l&#8217;alumnat durant el curs acad\u00e8mic<\/h4>\n<p>Si despr\u00e9s de formalitzar la matr\u00edcula en un centre, un alumne demana poder continuar el curs en un altre centre, el trasllat s&#8217;anomena trasllat de matr\u00edcula viva. El termini per efectuar trasllats de matr\u00edcula viva finalitzar\u00e0 el 30 d&#8217;abril de 2026.<\/p>\n<p>Abans de formalitzar un <strong>trasllat de matr\u00edcula viva<\/strong>, cal assegurar-se que a l&#8217;EOI de destinaci\u00f3 hi ha una pla\u00e7a vacant en l&#8217;idioma, curs i horari desitjats.<\/p>\n<ul>\n<li>La sol\u00b7licitud de matr\u00edcula es far\u00e0 al centre de destinaci\u00f3 mitjan\u00e7ant el model <a href=\"https:\/\/drive.google.com\/file\/d\/1KU4FTqPsohnx8CKU6gta2op-WYTRqGuQ\/view?usp=sharing\" target=\"_blank\" rel=\"noopener\">Sol\u00b7licitud de trasllat d&#8217;expedient<\/a>\u00a0i quedar\u00e0 condicionada a la disponibilitat de places en aquest centre. La documentaci\u00f3 que caldr\u00e0 aportar ser\u00e0 el full de pagament de la matr\u00edcula efectuada en el centre d&#8217;origen. En el moment de produir-se una vacant, l&#8217;EOI de destinaci\u00f3 ho comunicar\u00e0 al sol\u00b7licitant.<\/li>\n<li>L&#8217;EOI de destinaci\u00f3 tramitar\u00e0 d&#8217;ofici el trasllat d&#8217;expedient de l&#8217;alumne\/a. En cas de no haver-hi vacants en l&#8217;EOI de destinaci\u00f3, s&#8217;obrir\u00e0 una llista d&#8217;espera on els sol\u00b7licitants podran demanar els grups i horaris desitjats.<\/li>\n<\/ul>\n<p>Els trasllats de matr\u00edcula viva, entre EOIs de Catalunya, no tenen efectes econ\u00f2mics.\u00a0Els alumnes que arribin d&#8217;una EOI d&#8217;una altra comunitat aut\u00f2noma hauran de pagar la totalitat de la taxa per serveis acad\u00e8mics (Llei 20\/2001 de 28 de desembre de Taxes i Preus p\u00fablics de la Generalitat de Catalunya).<\/p>\n<p>En cas de trasllat a una altra comunitat aut\u00f2noma, l&#8217;alumne pot sol\u00b7licitar el retorn de taxes o preus p\u00fablics <strong>abans del 28 de novembre de 2025<\/strong>.<\/p>\n<h4>Trasllat de l&#8217;alumnat en per\u00edode no lectiu<\/h4>\n<p>Els alumnes\u00a0<strong>oficials<\/strong>, un cop formalitzada la matr\u00edcula al centre d&#8217;origen, poden sol\u00b7licitar un trasllat de matr\u00edcula a una altra escola els dies <strong>10 i 11 de juliol de 2025<\/strong>. La sol\u00b7licitud de matr\u00edcula es fa presencialment a l&#8217;escola de destinaci\u00f3, i queda condicionada a la disponibilitat de places. L&#8217;escola de destinaci\u00f3 es posar\u00e0 en contacte amb els alumnes per notificar l&#8217;acceptaci\u00f3 o la denegaci\u00f3 del trasllat.<\/p>\n<p>En el moment de demanar el trasllat, l&#8217;alumnat ha d&#8217;aportar el full de pagament de la matr\u00edcula.<\/p>\n","protected":false},"excerpt":{"rendered":"<p>Trasllat d&#8217;expedient<br \/>\nEls alumnes procedents d&#8217;una altra EOI han de fer preinscripci\u00f3 i, en el cas que siguin admesos, hauran de demanar <a href=\"https:\/\/drive.google.com\/file\/d\/1KU4FTqPsohnx8CKU6gta2op-WYTRqGuQ\/view?usp=sharing\" target=\"_blank\" rel=\"noopener\">trasllat d&#8217;expedient<\/a> en formalitzar la seva matr\u00edcula a l&#8217;EOI de Reus.<br \/>\nTrasllat de l&#8217;alumnat durant el curs acad\u00e8mic<br \/>\nSi despr\u00e9s de formalitzar la&hellip;  <a href=\"https:\/\/agora-eoi.xtec.cat\/eoireus\/secretaria\/tramits\/trasllats\/\" title=\"Read Trasllats\">Llegeix m\u00e9s\u00bb<\/a><\/p>\n","protected":false},"author":1,"featured_media":0,"parent":8956,"menu_order":50,"comment_status":"closed","ping_status":"closed","template":"page-templates\/side-menu.php","meta":{"_bbp_topic_count":0,"_bbp_reply_count":0,"_bbp_total_topic_count":0,"_bbp_total_reply_count":0,"_bbp_voice_count":0,"_bbp_anonymous_reply_count":0,"_bbp_topic_count_hidden":0,"_bbp_reply_count_hidden":0,"_bbp_forum_subforum_count":0,"footnotes":""},"class_list":["post-8983","page","type-page","status-publish","hentry"],"post_mailing_queue_ids":[],"_links":{"self":[{"href":"https:\/\/agora-eoi.xtec.cat\/eoireus\/wp-json\/wp\/v2\/pages\/8983","targetHints":{"allow":["GET"]}}],"collection":[{"href":"https:\/\/agora-eoi.xtec.cat\/eoireus\/wp-json\/wp\/v2\/pages"}],"about":[{"href":"https:\/\/agora-eoi.xtec.cat\/eoireus\/wp-json\/wp\/v2\/types\/page"}],"author":[{"embeddable":true,"href":"https:\/\/agora-eoi.xtec.cat\/eoireus\/wp-json\/wp\/v2\/users\/1"}],"replies":[{"embeddable":true,"href":"https:\/\/agora-eoi.xtec.cat\/eoireus\/wp-json\/wp\/v2\/comments?post=8983"}],"version-history":[{"count":5,"href":"https:\/\/agora-eoi.xtec.cat\/eoireus\/wp-json\/wp\/v2\/pages\/8983\/revisions"}],"predecessor-version":[{"id":9500,"href":"https:\/\/agora-eoi.xtec.cat\/eoireus\/wp-json\/wp\/v2\/pages\/8983\/revisions\/9500"}],"up":[{"embeddable":true,"href":"https:\/\/agora-eoi.xtec.cat\/eoireus\/wp-json\/wp\/v2\/pages\/8956"}],"wp:attachment":[{"href":"https:\/\/agora-eoi.xtec.cat\/eoireus\/wp-json\/wp\/v2\/media?parent=8983"}],"curies":[{"name":"wp","href":"https:\/\/api.w.org\/{rel}","templated":true}]}}