{"id":8981,"date":"2022-07-25T09:25:28","date_gmt":"2022-07-25T07:25:28","guid":{"rendered":"https:\/\/agora-eoi.xtec.cat\/eoireus\/?page_id=8981"},"modified":"2025-09-23T12:19:16","modified_gmt":"2025-09-23T10:19:16","slug":"renuncies","status":"publish","type":"page","link":"https:\/\/agora-eoi.xtec.cat\/eoireus\/secretaria\/tramits\/renuncies\/","title":{"rendered":"Ren\u00fancies"},"content":{"rendered":"<p><strong>REN\u00daNCIA DE MATR\u00cdCULA<\/strong><\/p>\n<ul>\n<li>Es podr\u00e0 renunciar a la matr\u00edcula oficial quan l&#8217;alumne\/a es vegi en la impossibilitat de continuar assistint a classe amb regularitat.\u00a0La <a href=\"https:\/\/drive.google.com\/file\/d\/1pAIjXf7N32cgSZAfwJL-h1HF6xXfTzps\/view\" target=\"_blank\" rel=\"noopener\">ren\u00fancia<\/a> es tramitar\u00e0 a secretaria. Es perdr\u00e0 el dret d&#8217;examen per\u00f2 es conservar\u00e0 la convocat\u00f2ria.<\/li>\n<li>L&#8217;alumnat que hagin fet ren\u00fancia de matr\u00edcula ser\u00e0 considerat a tots els efectes (documentaci\u00f3 i proc\u00e9s de matriculaci\u00f3) antic alumne\/a i se li reservar\u00e0 la pla\u00e7a com a alumnat oficial.<\/li>\n<li>La data l\u00edmit per presentar la ren\u00fancia ser\u00e0 <strong>el 28 de novembre de 2025.<\/strong><\/li>\n<li>Aquesta ren\u00fancia no suposar\u00e0 el c\u00f2mput del curs a efectes de repetici\u00f3, <strong>ni el dret al retorn de l&#8217;import de la matr\u00edcula ni l&#8217;import del servei de plataforma i material did\u00e0ctic* <\/strong>(veure NOTA m\u00e9s avall).<\/li>\n<li>L&#8217;alumne\/a nom\u00e9s pot fer una ren\u00fancia per curs.<\/li>\n<li>Amb posterioritat al termini de ren\u00fancia establert, si un alumne o alumna oficial abandona, el curs es computar\u00e0 a efectes de repetici\u00f3 i l&#8217;alumne tindr\u00e0, a tots els efectes, la consideraci\u00f3 de &#8220;no presentat&#8221; en la qualificaci\u00f3 final.<\/li>\n<\/ul>\n<p><strong>REN\u00daNCIA A UN CURS ACAD\u00c8MIC SUPERAT<\/strong><\/p>\n<ul>\n<li>Qualsevol persona que tingui un expedient acad\u00e8mic obert en una escola oficial d&#8217;idiomes podr\u00e0 sol\u00b7licitar a la direcci\u00f3 de l&#8217;escola la ren\u00fancia a un dels cursos acad\u00e8mics superats en aquell idioma, <strong>sempre que no siguin cursos que hagin comportat l&#8217;obtenci\u00f3 d&#8217;un certificat<\/strong>. L&#8217;escola la podr\u00e0 concedir un cop obtinguts els informes oportuns del departament d&#8217;aquell idioma. El curs renunciat computar\u00e0 a efectes de repetici\u00f3.<\/li>\n<li>Els terminis per presentar les sol\u00b7licituds de ren\u00fancia a un curs superat seran: la primera setmana de juliol per l\u2019alumnat oficial i la primera setmana de setembre per al nou alumnat.<\/li>\n<li><strong>NOTA:<\/strong>\u00a0Tant la ren\u00fancia de matr\u00edcula com la ren\u00fancia a un curs acad\u00e8mic superat, es faran constar en l&#8217;expedient acad\u00e8mic de l&#8217;alumne\/a. L\u2019EOI de Reus no pot reintegrar l\u2019import de la matr\u00edcula ni del servei de plataforma i material did\u00e0ctic en cap cas, ja que aquests ingressos pertanyen a la Generalitat de Catalunya.<\/li>\n<\/ul>\n<p><strong>DEVOLUCI\u00d3 DE TAXES<\/strong><\/p>\n<p>Per sol\u00b7licitar la devoluci\u00f3 de taxes s\u2019ha\u00a0d\u2019accedir al <a href=\"https:\/\/web.gencat.cat\/ca\/tramits\/tramits-temes\/devolucio-ingressos-indeguts\" target=\"_blank\" rel=\"noopener\">tramitador gen\u00e8ric del Departament d&#8217;Educaci\u00f3<\/a>\u00a0de la Generalitat de Catalunya,\u00a0des d\u2019on podran omplir el formulari de sol\u00b7licitud i enviar-lo directament al Servei de Gesti\u00f3 Pressupost\u00e0ria per a la seva tramitaci\u00f3,\u00a0no m\u00e9s tard del<strong> 10 d\u2019octubre de 2025<\/strong>\u00a0i adjuntar la documentaci\u00f3 acreditativa del motiu pel qual es demana la devoluci\u00f3 i el justificant de l\u2019ingr\u00e9s de la taxa.<\/p>\n<p><strong>IMPORTANT:<\/strong> La devoluci\u00f3 de taxes suposa l\u2019exclusi\u00f3 de la matr\u00edcula de l\u2019expedient acad\u00e8mic de l\u2019alumnat i, per tant, la ren\u00fancia a la pla\u00e7a per part de l\u2019alumnat. En conseq\u00fc\u00e8ncia, per poder matricular-se al curs seg\u00fcent com a alumnat oficial, haur\u00e0 de tornar a accedir per la via de la preinscripci\u00f3.<\/p>\n","protected":false},"excerpt":{"rendered":"<p>REN\u00daNCIA DE MATR\u00cdCULA<\/p>\n<ul>\n<li>Es podr\u00e0 renunciar a la matr\u00edcula oficial quan l&#8217;alumne\/a es vegi en la impossibilitat de continuar assistint a classe amb regularitat.\u00a0La <a href=\"https:\/\/drive.google.com\/file\/d\/1pAIjXf7N32cgSZAfwJL-h1HF6xXfTzps\/view\" target=\"_blank\" rel=\"noopener\">ren\u00fancia<\/a> es tramitar\u00e0 a secretaria. Es perdr\u00e0 el dret d&#8217;examen per\u00f2 es conservar\u00e0 la convocat\u00f2ria.<\/li>\n<li>L&#8217;alumnat que hagin fet ren\u00fancia&hellip;  <a href=\"https:\/\/agora-eoi.xtec.cat\/eoireus\/secretaria\/tramits\/renuncies\/\" title=\"Read Ren\u00fancies\">Llegeix m\u00e9s\u00bb<\/a><br \/>\n","protected":false},"author":1,"featured_media":0,"parent":8956,"menu_order":40,"comment_status":"closed","ping_status":"closed","template":"page-templates\/side-menu.php","meta":{"_bbp_topic_count":0,"_bbp_reply_count":0,"_bbp_total_topic_count":0,"_bbp_total_reply_count":0,"_bbp_voice_count":0,"_bbp_anonymous_reply_count":0,"_bbp_topic_count_hidden":0,"_bbp_reply_count_hidden":0,"_bbp_forum_subforum_count":0,"footnotes":""},"class_list":["post-8981","page","type-page","status-publish","hentry"],"post_mailing_queue_ids":[],"_links":{"self":[{"href":"https:\/\/agora-eoi.xtec.cat\/eoireus\/wp-json\/wp\/v2\/pages\/8981","targetHints":{"allow":["GET"]}}],"collection":[{"href":"https:\/\/agora-eoi.xtec.cat\/eoireus\/wp-json\/wp\/v2\/pages"}],"about":[{"href":"https:\/\/agora-eoi.xtec.cat\/eoireus\/wp-json\/wp\/v2\/types\/page"}],"author":[{"embeddable":true,"href":"https:\/\/agora-eoi.xtec.cat\/eoireus\/wp-json\/wp\/v2\/users\/1"}],"replies":[{"embeddable":true,"href":"https:\/\/agora-eoi.xtec.cat\/eoireus\/wp-json\/wp\/v2\/comments?post=8981"}],"version-history":[{"count":6,"href":"https:\/\/agora-eoi.xtec.cat\/eoireus\/wp-json\/wp\/v2\/pages\/8981\/revisions"}],"predecessor-version":[{"id":10219,"href":"https:\/\/agora-eoi.xtec.cat\/eoireus\/wp-json\/wp\/v2\/pages\/8981\/revisions\/10219"}],"up":[{"embeddable":true,"href":"https:\/\/agora-eoi.xtec.cat\/eoireus\/wp-json\/wp\/v2\/pages\/8956"}],"wp:attachment":[{"href":"https:\/\/agora-eoi.xtec.cat\/eoireus\/wp-json\/wp\/v2\/media?parent=8981"}],"curies":[{"name":"wp","href":"https:\/\/api.w.org\/{rel}","templated":true}]}}