{"id":8978,"date":"2022-07-25T09:21:27","date_gmt":"2022-07-25T07:21:27","guid":{"rendered":"https:\/\/agora-eoi.xtec.cat\/eoireus\/?page_id=8978"},"modified":"2025-09-26T13:48:08","modified_gmt":"2025-09-26T11:48:08","slug":"canvi-dhorari","status":"publish","type":"page","link":"https:\/\/agora-eoi.xtec.cat\/eoireus\/secretaria\/tramits\/canvi-dhorari\/","title":{"rendered":"Canvi d&#8217;horari"},"content":{"rendered":"<p style=\"font-weight: 400;\"><img loading=\"lazy\" decoding=\"async\" class=\"alignright size-full wp-image-8979\" src=\"https:\/\/agora-eoi.xtec.cat\/eoireus\/wp-content\/uploads\/usu2224\/2022\/07\/canvih.jpg\" alt=\"\" width=\"110\" height=\"83\" \/>Un cop formalitzada una matr\u00edcula oficial, els alumnes podran canviar d&#8217;horari mitjan\u00e7ant una sol\u00b7licitud de permuta amb un altre alumne del mateix nivell, o b\u00e9 mitjan\u00e7ant una sol\u00b7licitud de canvi d&#8217;horari.<\/p>\n<p style=\"font-weight: 400;\"><a href=\"https:\/\/drive.google.com\/file\/d\/1KVJjH9BuYXRraGK0EtmOInKuMdBzHVUK\/view\" target=\"_blank\" rel=\"noopener\"><strong>Sol\u00b7licitud de permuta<\/strong><\/a><\/p>\n<p style=\"font-weight: 400;\">Si l&#8217;alumne no pot permutar, s\u2019admetran canvis en l\u2019horari assignat d\u2019acord amb les condicions seg\u00fcents:<\/p>\n<ul style=\"font-weight: 400;\">\n<li>Nom\u00e9s es podran concedir canvis en els horaris sol\u00b7licitats en qu\u00e8 hi hagi places vacants.<\/li>\n<li>Podran demanar canvi els alumnes que, un cop feta la matr\u00edcula a l\u2019EOI, s\u2019hagin matriculat en un altre centre docent oficial (universitat, institut, escola,) i tinguin un horari incompatible, o b\u00e9 alumnes als quals els hagin canviat l\u2019horari laboral (tamb\u00e9 amb posterioritat a la matr\u00edcula), o per qualsevol altre motiu raonat.<\/li>\n<li>Es donar\u00e0 prioritat als alumnes que puguin justificar que necessiten el canvi. Els canvis s&#8217;atorgaran en funci\u00f3 de les places vacants de l&#8217;horari sol.licitat i, si fos necessari, es recorrer\u00e0 a un sorteig. Es podran sol\u00b7licitar els canvis pel curs 2025-26 a partir del dia 22 de setembre, dia en qu\u00e8 s&#8217;inicien les classes.<\/li>\n<\/ul>\n<p style=\"font-weight: 400;\"><b><strong>Procediment per sol.licitar canvi d\u2019horari:<\/strong><\/b><\/p>\n<ol style=\"font-weight: 400;\">\n<li><a href=\"https:\/\/drive.google.com\/file\/d\/15k4kVen-yDm-0Ji2XdeJcesraGPc-Xgr\/view\" target=\"_blank\" rel=\"noopener\"><strong>Sol\u00b7licitud<\/strong><\/a> demanant nou horari que ser\u00e0 lliurada a secretaria o b\u00e9 enviada per correu electr\u00f2nic al correu del centre <a href=\"mailto:eoireus@xtec.cat\">eoireus@xtec.cat<\/a>\u00a0per al seu registre d\u2019entrada. Sempre ser\u00e0 millor donar dues opcions d&#8217;horari desitjat, si \u00e9s possible.<\/li>\n<li>Justificants acreditatius de les causes al\u00b7legades: fotoc\u00f2pia de matr\u00edcula, contracte de treball o certificat de l\u2019empresa (la data d\u2019expedici\u00f3 d\u2019aquesta documentaci\u00f3 haur\u00e0 de ser posterior a la de la matr\u00edcula de l\u2019EOI), o qualsevol altre document que justifiqui el motiu pel qual es sol.licita el canvi.<\/li>\n<\/ol>\n","protected":false},"excerpt":{"rendered":"<p>Un cop formalitzada una matr\u00edcula oficial, els alumnes podran canviar d&#8217;horari mitjan\u00e7ant una sol\u00b7licitud de permuta amb un altre alumne del mateix nivell, o b\u00e9 mitjan\u00e7ant una sol\u00b7licitud de canvi d&#8217;horari.<br \/>\n<a href=\"https:\/\/drive.google.com\/file\/d\/1KVJjH9BuYXRraGK0EtmOInKuMdBzHVUK\/view\" target=\"_blank\" rel=\"noopener\">Sol\u00b7licitud de permuta<\/a><br \/>\nSi l&#8217;alumne no pot permutar, s\u2019admetran canvis en l\u2019horari assignat&hellip;  <a href=\"https:\/\/agora-eoi.xtec.cat\/eoireus\/secretaria\/tramits\/canvi-dhorari\/\" title=\"Read Canvi d&#8217;horari\">Llegeix m\u00e9s\u00bb<\/a><\/p>\n","protected":false},"author":1,"featured_media":0,"parent":8956,"menu_order":30,"comment_status":"closed","ping_status":"closed","template":"page-templates\/side-menu.php","meta":{"_bbp_topic_count":0,"_bbp_reply_count":0,"_bbp_total_topic_count":0,"_bbp_total_reply_count":0,"_bbp_voice_count":0,"_bbp_anonymous_reply_count":0,"_bbp_topic_count_hidden":0,"_bbp_reply_count_hidden":0,"_bbp_forum_subforum_count":0,"footnotes":""},"class_list":["post-8978","page","type-page","status-publish","hentry"],"post_mailing_queue_ids":[],"_links":{"self":[{"href":"https:\/\/agora-eoi.xtec.cat\/eoireus\/wp-json\/wp\/v2\/pages\/8978","targetHints":{"allow":["GET"]}}],"collection":[{"href":"https:\/\/agora-eoi.xtec.cat\/eoireus\/wp-json\/wp\/v2\/pages"}],"about":[{"href":"https:\/\/agora-eoi.xtec.cat\/eoireus\/wp-json\/wp\/v2\/types\/page"}],"author":[{"embeddable":true,"href":"https:\/\/agora-eoi.xtec.cat\/eoireus\/wp-json\/wp\/v2\/users\/1"}],"replies":[{"embeddable":true,"href":"https:\/\/agora-eoi.xtec.cat\/eoireus\/wp-json\/wp\/v2\/comments?post=8978"}],"version-history":[{"count":6,"href":"https:\/\/agora-eoi.xtec.cat\/eoireus\/wp-json\/wp\/v2\/pages\/8978\/revisions"}],"predecessor-version":[{"id":10231,"href":"https:\/\/agora-eoi.xtec.cat\/eoireus\/wp-json\/wp\/v2\/pages\/8978\/revisions\/10231"}],"up":[{"embeddable":true,"href":"https:\/\/agora-eoi.xtec.cat\/eoireus\/wp-json\/wp\/v2\/pages\/8956"}],"wp:attachment":[{"href":"https:\/\/agora-eoi.xtec.cat\/eoireus\/wp-json\/wp\/v2\/media?parent=8978"}],"curies":[{"name":"wp","href":"https:\/\/api.w.org\/{rel}","templated":true}]}}