{"id":8956,"date":"2022-07-22T13:40:20","date_gmt":"2022-07-22T11:40:20","guid":{"rendered":"https:\/\/agora-eoi.xtec.cat\/eoireus\/?page_id=8956"},"modified":"2025-07-03T10:05:10","modified_gmt":"2025-07-03T08:05:10","slug":"tramits","status":"publish","type":"page","link":"https:\/\/agora-eoi.xtec.cat\/eoireus\/secretaria\/tramits\/","title":{"rendered":"Tr\u00e0mits"},"content":{"rendered":"<p>En aquesta opci\u00f3 podreu trobar informaci\u00f3 sobre:<\/p>\n<ul>\n<li><a href=\"https:\/\/agora-eoi.xtec.cat\/eoireus\/secretaria\/tramits\/instancies-i-solicituts\/\">INST\u00c0NCIES I SOL\u00b7LICITUDS<\/a><\/li>\n<li><a href=\"https:\/\/agora-eoi.xtec.cat\/eoireus\/secretaria\/tramits\/expedicio-de-titols\/\">EXPEDICI\u00d3 DE T\u00cdTOLS<\/a><\/li>\n<li><a href=\"https:\/\/agora-eoi.xtec.cat\/eoireus\/secretaria\/tramits\/canvi-dhorari\/\">CANVI D\u2019HORARI<\/a><\/li>\n<li><a href=\"https:\/\/agora-eoi.xtec.cat\/eoireus\/secretaria\/tramits\/renuncies\/\">REN\u00daNCIES<\/a><\/li>\n<li><a href=\"https:\/\/agora-eoi.xtec.cat\/eoireus\/secretaria\/tramits\/trasllats\/\">TRASLLATS<\/a><\/li>\n<li><a href=\"https:\/\/agora-eoi.xtec.cat\/eoireus\/secretaria\/tramits\/convocatoria-addicional\/\">CONVOCAT\u00d2RIA ADDICIONAL<\/a><\/li>\n<\/ul>\n","protected":false},"excerpt":{"rendered":"<p>En aquesta opci\u00f3 podreu trobar informaci\u00f3 sobre:<\/p>\n<ul>\n<li><a href=\"https:\/\/agora-eoi.xtec.cat\/eoireus\/secretaria\/tramits\/instancies-i-solicituts\/\">INST\u00c0NCIES I SOL\u00b7LICITUDS<\/a><\/li>\n<li><a href=\"https:\/\/agora-eoi.xtec.cat\/eoireus\/secretaria\/tramits\/expedicio-de-titols\/\">EXPEDICI\u00d3 DE T\u00cdTOLS<\/a><\/li>\n<li><a href=\"https:\/\/agora-eoi.xtec.cat\/eoireus\/secretaria\/tramits\/canvi-dhorari\/\">CANVI D\u2019HORARI<\/a><\/li>\n<li><a href=\"https:\/\/agora-eoi.xtec.cat\/eoireus\/secretaria\/tramits\/renuncies\/\">REN\u00daNCIES<\/a><\/li>\n<li><a href=\"https:\/\/agora-eoi.xtec.cat\/eoireus\/secretaria\/tramits\/trasllats\/\">TRASLLATS<\/a><\/li>\n<li><a href=\"https:\/\/agora-eoi.xtec.cat\/eoireus\/secretaria\/tramits\/convocatoria-addicional\/\">CONVOCAT\u00d2RIA ADDICIONAL<\/a><\/li>\n<\/ul>\n","protected":false},"author":1,"featured_media":0,"parent":8358,"menu_order":60,"comment_status":"closed","ping_status":"closed","template":"page-templates\/side-menu.php","meta":{"_bbp_topic_count":0,"_bbp_reply_count":0,"_bbp_total_topic_count":0,"_bbp_total_reply_count":0,"_bbp_voice_count":0,"_bbp_anonymous_reply_count":0,"_bbp_topic_count_hidden":0,"_bbp_reply_count_hidden":0,"_bbp_forum_subforum_count":0,"footnotes":""},"class_list":["post-8956","page","type-page","status-publish","hentry"],"post_mailing_queue_ids":[],"_links":{"self":[{"href":"https:\/\/agora-eoi.xtec.cat\/eoireus\/wp-json\/wp\/v2\/pages\/8956","targetHints":{"allow":["GET"]}}],"collection":[{"href":"https:\/\/agora-eoi.xtec.cat\/eoireus\/wp-json\/wp\/v2\/pages"}],"about":[{"href":"https:\/\/agora-eoi.xtec.cat\/eoireus\/wp-json\/wp\/v2\/types\/page"}],"author":[{"embeddable":true,"href":"https:\/\/agora-eoi.xtec.cat\/eoireus\/wp-json\/wp\/v2\/users\/1"}],"replies":[{"embeddable":true,"href":"https:\/\/agora-eoi.xtec.cat\/eoireus\/wp-json\/wp\/v2\/comments?post=8956"}],"version-history":[{"count":5,"href":"https:\/\/agora-eoi.xtec.cat\/eoireus\/wp-json\/wp\/v2\/pages\/8956\/revisions"}],"predecessor-version":[{"id":10139,"href":"https:\/\/agora-eoi.xtec.cat\/eoireus\/wp-json\/wp\/v2\/pages\/8956\/revisions\/10139"}],"up":[{"embeddable":true,"href":"https:\/\/agora-eoi.xtec.cat\/eoireus\/wp-json\/wp\/v2\/pages\/8358"}],"wp:attachment":[{"href":"https:\/\/agora-eoi.xtec.cat\/eoireus\/wp-json\/wp\/v2\/media?parent=8956"}],"curies":[{"name":"wp","href":"https:\/\/api.w.org\/{rel}","templated":true}]}}