{"id":8954,"date":"2022-07-22T13:39:25","date_gmt":"2022-07-22T11:39:25","guid":{"rendered":"https:\/\/agora-eoi.xtec.cat\/eoireus\/?page_id=8954"},"modified":"2025-07-18T13:21:18","modified_gmt":"2025-07-18T11:21:18","slug":"taxes-i-preus-publics","status":"publish","type":"page","link":"https:\/\/agora-eoi.xtec.cat\/eoireus\/secretaria\/taxes-i-preus-publics\/","title":{"rendered":"Taxes i preus p\u00fablics"},"content":{"rendered":"<h4><b style=\"background-color: #f9f9f9;\">NIVELLS A1, A2, C1, C2<\/b><\/h4>\n<table style=\"width: 57.2836%; height: 122px;\">\n<tbody>\n<tr style=\"height: 66px;\">\n<td style=\"width: 26.4404%; height: 66px; text-align: center;\">\n<h5 style=\"text-align: left;\"><b style=\"background-color: #f9f9f9;\">PREUS P\u00daBLICS<\/b><\/h5>\n<\/td>\n<td style=\"width: 26.401%; height: 66px; text-align: center;\">\n<h5><strong>1a vegada\u00a0<\/strong><\/h5>\n<\/td>\n<td style=\"width: 24.9382%; height: 66px; text-align: center;\">\n<h5><strong>2a vegada *\u00a0<\/strong><\/h5>\n<\/td>\n<td style=\"width: 47.1113%; height: 66px; text-align: center;\">\n<h5><strong>3a vegada *<\/strong><\/h5>\n<\/td>\n<\/tr>\n<tr style=\"height: 56px;\">\n<td style=\"width: 26.4404%; height: 56px; text-align: center;\"><b>\u00a0<\/b><\/td>\n<td style=\"width: 26.401%; height: 56px; text-align: center;\"><span style=\"font-weight: 400;\">275\u20ac + 30\u20ac\u00a0 \u00a0<\/span><\/td>\n<td style=\"width: 24.9382%; height: 56px; text-align: center;\"><span style=\"font-weight: 400;\">357,50\u20ac + 39\u20ac\u00a0<\/span><\/td>\n<td style=\"width: 47.1113%; height: 56px; text-align: center;\"><span style=\"font-weight: 400;\">495\u20ac + 54\u20ac<\/span><\/td>\n<\/tr>\n<\/tbody>\n<\/table>\n<h4><b style=\"background-color: #f9f9f9;\">NIVELLS B1, B2.1, B2.2<\/b><\/h4>\n<table style=\"width: 57.445%;\">\n<tbody>\n<tr>\n<td style=\"width: 26.0273%;\">\n<h5 style=\"background-color: #f9f9f9;\"><b>TAXES<\/b><\/h5>\n<\/td>\n<td style=\"width: 26.4391%; text-align: center;\">\n<h5><strong>\u00a0 \u00a01a vegada\u00a0<\/strong><\/h5>\n<\/td>\n<td style=\"width: 24.9216%; text-align: center;\">\n<h5><strong>2a vegada *\u00a0<\/strong><\/h5>\n<\/td>\n<td style=\"width: 39.4091%; text-align: center;\">\n<h5><strong>3a vegada *<\/strong><\/h5>\n<\/td>\n<\/tr>\n<tr>\n<td style=\"width: 26.0273%;\">\n<h5><b>\u00a0 \u00a0 \u00a0 \u00a0 \u00a0 \u00a0 \u00a0 \u00a0 \u00a0 \u00a0 <\/b><b>\u00a0<\/b><\/h5>\n<\/td>\n<td style=\"width: 26.4391%; text-align: center;\"><span style=\"font-weight: 400;\">297,60\u20ac + 30\u20ac\u00a0<\/span><\/td>\n<td style=\"width: 24.9216%; text-align: center;\"><span style=\"font-weight: 400;\">386,90\u20ac + 39\u20ac\u00a0<\/span><\/td>\n<td style=\"width: 39.4091%; text-align: center;\"><span style=\"font-weight: 400;\">535,70\u20ac + 54\u20ac<\/span><\/td>\n<\/tr>\n<\/tbody>\n<\/table>\n<p>A totes les EOI de Catalunya, a la taxa o preu p\u00fablic de matr\u00edcula oficial se li ha d&#8217;afegir el preu p\u00fablic per plataforma i material did\u00e0ctic de 30\u20ac segons recull l&#8217;Ordre <a href=\"https:\/\/portaldogc.gencat.cat\/utilsEADOP\/PDF\/8420\/1854031.pdf\" target=\"_blank\" rel=\"noopener\">EDU\/114\/2021<\/a> que modifica l&#8217;Ordre <a href=\"https:\/\/portaldogc.gencat.cat\/utilsEADOP\/PDF\/8230\/1813076.pdf\" target=\"_blank\" rel=\"noopener\">EDU\/155\/2020<\/a>. Us recordem tamb\u00e9 la\u00a0<a href=\"http:\/\/www.eoireus.cat\/index.php\/secretaria\/normativa-d-alumnes\/convocatoria-addicional\" target=\"_blank\" rel=\"noopener\">normativa<\/a>\u00a0referent a les convocat\u00f2ries permeses per curs.<\/p>\n<ul>\n<li><span class=\"wf_file_text\"><a href=\"https:\/\/drive.google.com\/file\/d\/1QiptcL_u6yXyNu2-KjHiNg5Ad6E3cnY-\/view?usp=drive_link\" target=\"_blank\" rel=\"noopener\">PREUS P\u00daBLICS<\/a> (A1, A2, C1, C2)<\/span><\/li>\n<li><a href=\"https:\/\/drive.google.com\/file\/d\/1MHqfn3imXVmm2Z7FCHsl_j4XJM6aS7U2\/view?usp=drive_link\" target=\"_blank\" rel=\"noopener\">TAXES<\/a> <span class=\"wf_file_text\">(B1, B2.1, B2.2)<\/span><\/li>\n<\/ul>\n","protected":false},"excerpt":{"rendered":"<p>NIVELLS A1, A2, C1, C2<\/p>\n<p>PREUS P\u00daBLICS<\/p>\n<p>1a vegada\u00a0<\/p>\n<p>2a vegada *\u00a0<\/p>\n<p>3a vegada *<\/p>\n<p>\u00a0<br \/>\n275\u20ac + 30\u20ac\u00a0 \u00a0<br \/>\n357,50\u20ac + 39\u20ac\u00a0<br \/>\n495\u20ac + 54\u20ac<\/p>\n<p>NIVELLS B1, B2.1, B2.2<\/p>\n<p>TAXES<\/p>\n<p>\u00a0 \u00a01a vegada\u00a0<\/p>\n<p>2a vegada *\u00a0<\/p>\n<p>3a vegada *<\/p>\n<p>\u00a0 \u00a0 \u00a0 \u00a0 \u00a0 \u00a0 \u00a0 \u00a0 \u00a0 \u00a0 \u00a0<\/p>\n<p>297,60\u20ac + 30\u20ac\u00a0<br \/>\n386,90\u20ac + 39\u20ac\u00a0<br \/>\n535,70\u20ac + 54\u20ac<\/p>\n<p>A totes les&hellip;  <a href=\"https:\/\/agora-eoi.xtec.cat\/eoireus\/secretaria\/taxes-i-preus-publics\/\" title=\"Read Taxes i preus p\u00fablics\">Llegeix m\u00e9s\u00bb<\/a><\/p>\n","protected":false},"author":1,"featured_media":0,"parent":8358,"menu_order":40,"comment_status":"closed","ping_status":"closed","template":"page-templates\/side-menu.php","meta":{"_bbp_topic_count":0,"_bbp_reply_count":0,"_bbp_total_topic_count":0,"_bbp_total_reply_count":0,"_bbp_voice_count":0,"_bbp_anonymous_reply_count":0,"_bbp_topic_count_hidden":0,"_bbp_reply_count_hidden":0,"_bbp_forum_subforum_count":0,"footnotes":""},"class_list":["post-8954","page","type-page","status-publish","hentry"],"post_mailing_queue_ids":[],"_links":{"self":[{"href":"https:\/\/agora-eoi.xtec.cat\/eoireus\/wp-json\/wp\/v2\/pages\/8954","targetHints":{"allow":["GET"]}}],"collection":[{"href":"https:\/\/agora-eoi.xtec.cat\/eoireus\/wp-json\/wp\/v2\/pages"}],"about":[{"href":"https:\/\/agora-eoi.xtec.cat\/eoireus\/wp-json\/wp\/v2\/types\/page"}],"author":[{"embeddable":true,"href":"https:\/\/agora-eoi.xtec.cat\/eoireus\/wp-json\/wp\/v2\/users\/1"}],"replies":[{"embeddable":true,"href":"https:\/\/agora-eoi.xtec.cat\/eoireus\/wp-json\/wp\/v2\/comments?post=8954"}],"version-history":[{"count":5,"href":"https:\/\/agora-eoi.xtec.cat\/eoireus\/wp-json\/wp\/v2\/pages\/8954\/revisions"}],"predecessor-version":[{"id":10187,"href":"https:\/\/agora-eoi.xtec.cat\/eoireus\/wp-json\/wp\/v2\/pages\/8954\/revisions\/10187"}],"up":[{"embeddable":true,"href":"https:\/\/agora-eoi.xtec.cat\/eoireus\/wp-json\/wp\/v2\/pages\/8358"}],"wp:attachment":[{"href":"https:\/\/agora-eoi.xtec.cat\/eoireus\/wp-json\/wp\/v2\/media?parent=8954"}],"curies":[{"name":"wp","href":"https:\/\/api.w.org\/{rel}","templated":true}]}}