{"id":8952,"date":"2022-07-22T13:37:09","date_gmt":"2022-07-22T11:37:09","guid":{"rendered":"https:\/\/agora-eoi.xtec.cat\/eoireus\/?page_id=8952"},"modified":"2025-09-07T12:31:37","modified_gmt":"2025-09-07T10:31:37","slug":"matricula-dactualitzacio","status":"publish","type":"page","link":"https:\/\/agora-eoi.xtec.cat\/eoireus\/secretaria\/matricula\/matricula-dactualitzacio\/","title":{"rendered":"Matr\u00edcula d&#8217;actualitzaci\u00f3"},"content":{"rendered":"<h4>FLEXIBILITZACI\u00d3 DE L&#8217;ITINERARI EDUCATIU: MATR\u00cdCULA D&#8217;ACTUALITZACI\u00d3<\/h4>\n<p>Les persones que ja hagin cursat i superat amb anterioritat cursos de les escoles oficials d&#8217;idiomes, i que vulguin actualitzar-ne els coneixements, poden sol\u00b7licitar matricular-se en l&#8217;\u00faltim curs realitzat o en qualsevol dels cursos inferiors a aquell nivell que tenen aprovat. Des del curs 2024-25, ja no cal esperar dos cursos des que es va superar el curs que es vol actualitzar.<\/p>\n<p>Tamb\u00e9 poden inscriure&#8217;s en un curs d&#8217;actualitzaci\u00f3 de coneixements els i les alumnes que hagin cursat i superat amb anterioritat cursos de nivell A1 i A2 als centres de formaci\u00f3 d&#8217;adults. Igualment, poden inscriure&#8217;s en cursos d&#8217;actualitzaci\u00f3 les persones que s&#8217;hagin presentat a les proves lliures i hagin obtingut el certificat corresponent en els mateixos termes.<\/p>\n<p>La sol\u00b7licitud per a aquest tipus de\u00a0matr\u00edcula s&#8217;ha de presentar al centre, es resoluciona un cop finalitzat el per\u00edode d&#8217;admissi\u00f3, i nom\u00e9s s&#8217;admet\u00a0si existeixen vacants en el curs i idioma sol\u00b7licitat. La sol\u00b7licitud \u00e9s v\u00e0lida nom\u00e9s per al curs acad\u00e8mic en qu\u00e8 se sol\u00b7licita i s&#8217;ha de tornar a presentar per a cursos acad\u00e8mics posteriors, si l&#8217;alumne\/a ho vol.<\/p>\n<p>Aquest tipus de matr\u00edcula <strong>no t\u00e9 efectes acad\u00e8mics ni d\u00f3na lloc a cap certificat oficial<\/strong>. La qualificaci\u00f3 que es fa constar a l&#8217;expedient acad\u00e8mic de l&#8217;alumne \u00e9s de &#8220;no qualitficat\/ada&#8221;. En el cas dels cursos que condueixen a l&#8217;obtenci\u00f3 d&#8217;un certificat, els alumnes en aquesta situaci\u00f3 no tenen dret a sol\u00b7licitar una nova expedici\u00f3 del certificat obtingut anteriorment, per\u00f2 poden sol\u00b7licitar un certificat d&#8217;actualitzaci\u00f3 al centre on estiguin matriculats.\u00a0Pel que fa al preu del servei, aquests alumnes han de pagar la taxa o el preu p\u00fablic corresponent, sense penalitzaci\u00f3 per repetici\u00f3. Durant un mateix curs acad\u00e8mic no es pot simultanejar una matr\u00edcula ordin\u00e0ria als ensenyaments presencials amb una matr\u00edcula d&#8217;actualitzaci\u00f3 del mateix idioma.<\/p>\n<p>Descarregueu la sol\u00b7licitud per omplir-la amb les vostres dades i prefer\u00e8ncies <a href=\"https:\/\/drive.google.com\/file\/d\/1OEwQzBKfZNzzTwAYFqwKLzWTBoYO5C9G\/view?usp=sharing\" target=\"_blank\" rel=\"noopener\">aqu\u00ed<\/a>.<\/p>\n","protected":false},"excerpt":{"rendered":"<p>FLEXIBILITZACI\u00d3 DE L&#8217;ITINERARI EDUCATIU: MATR\u00cdCULA D&#8217;ACTUALITZACI\u00d3<br \/>\nLes persones que ja hagin cursat i superat amb anterioritat cursos de les escoles oficials d&#8217;idiomes, i que vulguin actualitzar-ne els coneixements, poden sol\u00b7licitar matricular-se en l&#8217;\u00faltim curs realitzat o en qualsevol dels cursos inferiors a aquell nivell que tenen&hellip;  <a href=\"https:\/\/agora-eoi.xtec.cat\/eoireus\/secretaria\/matricula\/matricula-dactualitzacio\/\" title=\"Read Matr\u00edcula d&#8217;actualitzaci\u00f3\">Llegeix m\u00e9s\u00bb<\/a><\/p>\n","protected":false},"author":1,"featured_media":0,"parent":8161,"menu_order":50,"comment_status":"closed","ping_status":"closed","template":"page-templates\/side-menu.php","meta":{"_bbp_topic_count":0,"_bbp_reply_count":0,"_bbp_total_topic_count":0,"_bbp_total_reply_count":0,"_bbp_voice_count":0,"_bbp_anonymous_reply_count":0,"_bbp_topic_count_hidden":0,"_bbp_reply_count_hidden":0,"_bbp_forum_subforum_count":0,"footnotes":""},"class_list":["post-8952","page","type-page","status-publish","hentry"],"post_mailing_queue_ids":[],"_links":{"self":[{"href":"https:\/\/agora-eoi.xtec.cat\/eoireus\/wp-json\/wp\/v2\/pages\/8952","targetHints":{"allow":["GET"]}}],"collection":[{"href":"https:\/\/agora-eoi.xtec.cat\/eoireus\/wp-json\/wp\/v2\/pages"}],"about":[{"href":"https:\/\/agora-eoi.xtec.cat\/eoireus\/wp-json\/wp\/v2\/types\/page"}],"author":[{"embeddable":true,"href":"https:\/\/agora-eoi.xtec.cat\/eoireus\/wp-json\/wp\/v2\/users\/1"}],"replies":[{"embeddable":true,"href":"https:\/\/agora-eoi.xtec.cat\/eoireus\/wp-json\/wp\/v2\/comments?post=8952"}],"version-history":[{"count":7,"href":"https:\/\/agora-eoi.xtec.cat\/eoireus\/wp-json\/wp\/v2\/pages\/8952\/revisions"}],"predecessor-version":[{"id":10203,"href":"https:\/\/agora-eoi.xtec.cat\/eoireus\/wp-json\/wp\/v2\/pages\/8952\/revisions\/10203"}],"up":[{"embeddable":true,"href":"https:\/\/agora-eoi.xtec.cat\/eoireus\/wp-json\/wp\/v2\/pages\/8161"}],"wp:attachment":[{"href":"https:\/\/agora-eoi.xtec.cat\/eoireus\/wp-json\/wp\/v2\/media?parent=8952"}],"curies":[{"name":"wp","href":"https:\/\/api.w.org\/{rel}","templated":true}]}}