{"id":8936,"date":"2022-07-18T18:12:42","date_gmt":"2022-07-18T16:12:42","guid":{"rendered":"https:\/\/agora-eoi.xtec.cat\/eoireus\/?page_id=8936"},"modified":"2025-06-22T17:11:14","modified_gmt":"2025-06-22T15:11:14","slug":"pla-linguistic","status":"publish","type":"page","link":"https:\/\/agora-eoi.xtec.cat\/eoireus\/el-servei-educatiu\/gestio-de-centre\/pla-linguistic\/","title":{"rendered":"Pla ling\u00fc\u00edstic"},"content":{"rendered":"<p><span style=\"color: #000000;\"><strong>P\u00e0gina en construcci\u00f3.<\/strong> En breu podreu consultar el nostre pla ling\u00fc\u00edstic de centre.\u00a0<\/span><\/p>\n","protected":false},"excerpt":{"rendered":"<p>P\u00e0gina en construcci\u00f3. En breu podreu consultar el nostre pla ling\u00fc\u00edstic de centre.\u00a0<\/p>\n","protected":false},"author":1,"featured_media":0,"parent":8920,"menu_order":60,"comment_status":"closed","ping_status":"closed","template":"page-templates\/side-menu.php","meta":{"_bbp_topic_count":0,"_bbp_reply_count":0,"_bbp_total_topic_count":0,"_bbp_total_reply_count":0,"_bbp_voice_count":0,"_bbp_anonymous_reply_count":0,"_bbp_topic_count_hidden":0,"_bbp_reply_count_hidden":0,"_bbp_forum_subforum_count":0,"footnotes":""},"class_list":["post-8936","page","type-page","status-publish","hentry"],"post_mailing_queue_ids":[],"_links":{"self":[{"href":"https:\/\/agora-eoi.xtec.cat\/eoireus\/wp-json\/wp\/v2\/pages\/8936","targetHints":{"allow":["GET"]}}],"collection":[{"href":"https:\/\/agora-eoi.xtec.cat\/eoireus\/wp-json\/wp\/v2\/pages"}],"about":[{"href":"https:\/\/agora-eoi.xtec.cat\/eoireus\/wp-json\/wp\/v2\/types\/page"}],"author":[{"embeddable":true,"href":"https:\/\/agora-eoi.xtec.cat\/eoireus\/wp-json\/wp\/v2\/users\/1"}],"replies":[{"embeddable":true,"href":"https:\/\/agora-eoi.xtec.cat\/eoireus\/wp-json\/wp\/v2\/comments?post=8936"}],"version-history":[{"count":3,"href":"https:\/\/agora-eoi.xtec.cat\/eoireus\/wp-json\/wp\/v2\/pages\/8936\/revisions"}],"predecessor-version":[{"id":9200,"href":"https:\/\/agora-eoi.xtec.cat\/eoireus\/wp-json\/wp\/v2\/pages\/8936\/revisions\/9200"}],"up":[{"embeddable":true,"href":"https:\/\/agora-eoi.xtec.cat\/eoireus\/wp-json\/wp\/v2\/pages\/8920"}],"wp:attachment":[{"href":"https:\/\/agora-eoi.xtec.cat\/eoireus\/wp-json\/wp\/v2\/media?parent=8936"}],"curies":[{"name":"wp","href":"https:\/\/api.w.org\/{rel}","templated":true}]}}