{"id":8934,"date":"2022-07-18T18:11:19","date_gmt":"2022-07-18T16:11:19","guid":{"rendered":"https:\/\/agora-eoi.xtec.cat\/eoireus\/?page_id=8934"},"modified":"2025-06-22T17:09:52","modified_gmt":"2025-06-22T15:09:52","slug":"riscos-laborals","status":"publish","type":"page","link":"https:\/\/agora-eoi.xtec.cat\/eoireus\/el-servei-educatiu\/gestio-de-centre\/riscos-laborals\/","title":{"rendered":"Riscos laborals"},"content":{"rendered":"<p><span style=\"color: #000000;\"><strong>P\u00e0gina en construcci\u00f3.<\/strong> <\/span><\/p>\n<p><span style=\"color: #000000;\">En breu podreu trobar informaci\u00f3 sobre els nostres plans de confinament i evacuaci\u00f3, aix\u00ed com altres informacions relatives a la prevenci\u00f3 de riscos laborals.\u00a0<\/span><\/p>\n","protected":false},"excerpt":{"rendered":"<p>P\u00e0gina en construcci\u00f3.<br \/>\nEn breu podreu trobar informaci\u00f3 sobre els nostres plans de confinament i evacuaci\u00f3, aix\u00ed com altres informacions relatives a la prevenci\u00f3 de riscos laborals.\u00a0<\/p>\n","protected":false},"author":1,"featured_media":0,"parent":8920,"menu_order":50,"comment_status":"closed","ping_status":"closed","template":"page-templates\/side-menu.php","meta":{"_bbp_topic_count":0,"_bbp_reply_count":0,"_bbp_total_topic_count":0,"_bbp_total_reply_count":0,"_bbp_voice_count":0,"_bbp_anonymous_reply_count":0,"_bbp_topic_count_hidden":0,"_bbp_reply_count_hidden":0,"_bbp_forum_subforum_count":0,"footnotes":""},"class_list":["post-8934","page","type-page","status-publish","hentry"],"post_mailing_queue_ids":[],"_links":{"self":[{"href":"https:\/\/agora-eoi.xtec.cat\/eoireus\/wp-json\/wp\/v2\/pages\/8934","targetHints":{"allow":["GET"]}}],"collection":[{"href":"https:\/\/agora-eoi.xtec.cat\/eoireus\/wp-json\/wp\/v2\/pages"}],"about":[{"href":"https:\/\/agora-eoi.xtec.cat\/eoireus\/wp-json\/wp\/v2\/types\/page"}],"author":[{"embeddable":true,"href":"https:\/\/agora-eoi.xtec.cat\/eoireus\/wp-json\/wp\/v2\/users\/1"}],"replies":[{"embeddable":true,"href":"https:\/\/agora-eoi.xtec.cat\/eoireus\/wp-json\/wp\/v2\/comments?post=8934"}],"version-history":[{"count":3,"href":"https:\/\/agora-eoi.xtec.cat\/eoireus\/wp-json\/wp\/v2\/pages\/8934\/revisions"}],"predecessor-version":[{"id":9198,"href":"https:\/\/agora-eoi.xtec.cat\/eoireus\/wp-json\/wp\/v2\/pages\/8934\/revisions\/9198"}],"up":[{"embeddable":true,"href":"https:\/\/agora-eoi.xtec.cat\/eoireus\/wp-json\/wp\/v2\/pages\/8920"}],"wp:attachment":[{"href":"https:\/\/agora-eoi.xtec.cat\/eoireus\/wp-json\/wp\/v2\/media?parent=8934"}],"curies":[{"name":"wp","href":"https:\/\/api.w.org\/{rel}","templated":true}]}}