{"id":8932,"date":"2022-07-18T18:08:40","date_gmt":"2022-07-18T16:08:40","guid":{"rendered":"https:\/\/agora-eoi.xtec.cat\/eoireus\/?page_id=8932"},"modified":"2023-05-16T12:31:16","modified_gmt":"2023-05-16T10:31:16","slug":"estrategia-digital-de-centre","status":"publish","type":"page","link":"https:\/\/agora-eoi.xtec.cat\/eoireus\/el-servei-educatiu\/gestio-de-centre\/estrategia-digital-de-centre\/","title":{"rendered":"Estrat\u00e8gia digital de centre"},"content":{"rendered":"<p><span style=\"color: #000000;\">Els centres del Departament d&#8217;Educaci\u00f3 han de crear una Estrat\u00e8gia Digital de Centre emmarcada dins del Pla d\u2019educaci\u00f3 digital de Catalunya (PEDC). L\u2019estrat\u00e8gia digital de centre (EDC) defineix i concreta les l\u00ednies d&#8217;actuaci\u00f3 d&#8217;un centre que fan possible que docents, alumnat i centre assoleixin la compet\u00e8ncia digital. Per aconseguir aquesta compet\u00e8ncia digital, l&#8217;EDC compr\u00e8n tots els \u00e0mbits del centre: organitzatius, metodol\u00f2gics, curriculars i comunicatius, els quals s&#8217;han de veure necess\u00e0riament implicats i, si escau, transformats, des d\u2019una perspectiva d&#8217;innovaci\u00f3 i de millora cont\u00ednua.<\/span><\/p>\n<p><span style=\"color: #000000;\">Des del curs 2022-23 al curs 2026-27, l&#8217;EOI de Reus elaborar\u00e0 i actualitzar\u00e0 l&#8217;estrat\u00e8gia digital de centre. Podeu consultar-la <a href=\"https:\/\/sites.google.com\/xtec.cat\/sites-edc-eoi-reus\/eoi-de-reus\" target=\"_blank\" rel=\"noopener\">aqu\u00ed<\/a>.<\/span><\/p>\n","protected":false},"excerpt":{"rendered":"<p>Els centres del Departament d&#8217;Educaci\u00f3 han de crear una Estrat\u00e8gia Digital de Centre emmarcada dins del Pla d\u2019educaci\u00f3 digital de Catalunya (PEDC). L\u2019estrat\u00e8gia digital de centre (EDC) defineix i concreta les l\u00ednies d&#8217;actuaci\u00f3 d&#8217;un centre que fan possible que docents, alumnat i centre assoleixin la&hellip;  <a href=\"https:\/\/agora-eoi.xtec.cat\/eoireus\/el-servei-educatiu\/gestio-de-centre\/estrategia-digital-de-centre\/\" title=\"Read Estrat\u00e8gia digital de centre\">Llegeix m\u00e9s\u00bb<\/a><\/p>\n","protected":false},"author":1,"featured_media":0,"parent":8920,"menu_order":30,"comment_status":"closed","ping_status":"closed","template":"page-templates\/side-menu.php","meta":{"_bbp_topic_count":0,"_bbp_reply_count":0,"_bbp_total_topic_count":0,"_bbp_total_reply_count":0,"_bbp_voice_count":0,"_bbp_anonymous_reply_count":0,"_bbp_topic_count_hidden":0,"_bbp_reply_count_hidden":0,"_bbp_forum_subforum_count":0,"footnotes":""},"class_list":["post-8932","page","type-page","status-publish","hentry"],"post_mailing_queue_ids":[],"_links":{"self":[{"href":"https:\/\/agora-eoi.xtec.cat\/eoireus\/wp-json\/wp\/v2\/pages\/8932","targetHints":{"allow":["GET"]}}],"collection":[{"href":"https:\/\/agora-eoi.xtec.cat\/eoireus\/wp-json\/wp\/v2\/pages"}],"about":[{"href":"https:\/\/agora-eoi.xtec.cat\/eoireus\/wp-json\/wp\/v2\/types\/page"}],"author":[{"embeddable":true,"href":"https:\/\/agora-eoi.xtec.cat\/eoireus\/wp-json\/wp\/v2\/users\/1"}],"replies":[{"embeddable":true,"href":"https:\/\/agora-eoi.xtec.cat\/eoireus\/wp-json\/wp\/v2\/comments?post=8932"}],"version-history":[{"count":4,"href":"https:\/\/agora-eoi.xtec.cat\/eoireus\/wp-json\/wp\/v2\/pages\/8932\/revisions"}],"predecessor-version":[{"id":9341,"href":"https:\/\/agora-eoi.xtec.cat\/eoireus\/wp-json\/wp\/v2\/pages\/8932\/revisions\/9341"}],"up":[{"embeddable":true,"href":"https:\/\/agora-eoi.xtec.cat\/eoireus\/wp-json\/wp\/v2\/pages\/8920"}],"wp:attachment":[{"href":"https:\/\/agora-eoi.xtec.cat\/eoireus\/wp-json\/wp\/v2\/media?parent=8932"}],"curies":[{"name":"wp","href":"https:\/\/api.w.org\/{rel}","templated":true}]}}