{"id":8920,"date":"2022-07-18T17:44:16","date_gmt":"2022-07-18T15:44:16","guid":{"rendered":"https:\/\/agora-eoi.xtec.cat\/eoireus\/?page_id=8920"},"modified":"2022-11-11T12:37:00","modified_gmt":"2022-11-11T11:37:00","slug":"gestio-de-centre","status":"publish","type":"page","link":"https:\/\/agora-eoi.xtec.cat\/eoireus\/el-servei-educatiu\/gestio-de-centre\/","title":{"rendered":"Gesti\u00f3 de centre"},"content":{"rendered":"<p>En aquesta p\u00e0gina podreu trobar informaci\u00f3 sobre:<\/p>\n<ul>\n<li><a href=\"https:\/\/agora-eoi.xtec.cat\/eoireus\/el-servei-educatiu\/gestio-de-centre\/projecte-educatiu-de-centre\/\" target=\"_blank\" rel=\"noopener\">el projecte educatiu<\/a><\/li>\n<li><a href=\"https:\/\/agora-eoi.xtec.cat\/eoireus\/el-servei-educatiu\/gestio-de-centre\/normes-i-funcionament-nofc\/\" target=\"_blank\" rel=\"noopener\">les normes d&#8217;organitzaci\u00f3 i funcionament del centre (NOFC)<\/a><\/li>\n<li><a href=\"https:\/\/agora-eoi.xtec.cat\/eoireus\/el-servei-educatiu\/gestio-de-centre\/estrategia-digital-de-centre\/\" target=\"_blank\" rel=\"noopener\">l&#8217;estrat\u00e8gia digital de centre<\/a><\/li>\n<li><a href=\"https:\/\/agora-eoi.xtec.cat\/eoireus\/el-servei-educatiu\/gestio-de-centre\/riscos-laborals\/\" target=\"_blank\" rel=\"noopener\">els riscos laborals<\/a><\/li>\n<li><a href=\"https:\/\/agora-eoi.xtec.cat\/eoireus\/el-servei-educatiu\/gestio-de-centre\/pla-linguistic\/\" target=\"_blank\" rel=\"noopener\">el pla ling\u00fc\u00edstic de centre<\/a><\/li>\n<\/ul>\n","protected":false},"excerpt":{"rendered":"<p>En aquesta p\u00e0gina podreu trobar informaci\u00f3 sobre:<\/p>\n<ul>\n<li><a href=\"https:\/\/agora-eoi.xtec.cat\/eoireus\/el-servei-educatiu\/gestio-de-centre\/projecte-educatiu-de-centre\/\" target=\"_blank\" rel=\"noopener\">el projecte educatiu<\/a><\/li>\n<li><a href=\"https:\/\/agora-eoi.xtec.cat\/eoireus\/el-servei-educatiu\/gestio-de-centre\/normes-i-funcionament-nofc\/\" target=\"_blank\" rel=\"noopener\">les normes d&#8217;organitzaci\u00f3 i funcionament del centre (NOFC)<\/a><\/li>\n<li><a href=\"https:\/\/agora-eoi.xtec.cat\/eoireus\/el-servei-educatiu\/gestio-de-centre\/estrategia-digital-de-centre\/\" target=\"_blank\" rel=\"noopener\">l&#8217;estrat\u00e8gia digital de centre<\/a><\/li>\n<li><a href=\"https:\/\/agora-eoi.xtec.cat\/eoireus\/el-servei-educatiu\/gestio-de-centre\/riscos-laborals\/\" target=\"_blank\" rel=\"noopener\">els riscos laborals<\/a><\/li>\n<li><a href=\"https:\/\/agora-eoi.xtec.cat\/eoireus\/el-servei-educatiu\/gestio-de-centre\/pla-linguistic\/\" target=\"_blank\" rel=\"noopener\">el pla ling\u00fc\u00edstic de centre<\/a><\/li>\n<\/ul>\n","protected":false},"author":1,"featured_media":0,"parent":806,"menu_order":90,"comment_status":"closed","ping_status":"closed","template":"page-templates\/side-menu.php","meta":{"_bbp_topic_count":0,"_bbp_reply_count":0,"_bbp_total_topic_count":0,"_bbp_total_reply_count":0,"_bbp_voice_count":0,"_bbp_anonymous_reply_count":0,"_bbp_topic_count_hidden":0,"_bbp_reply_count_hidden":0,"_bbp_forum_subforum_count":0,"footnotes":""},"class_list":["post-8920","page","type-page","status-publish","hentry"],"post_mailing_queue_ids":[],"_links":{"self":[{"href":"https:\/\/agora-eoi.xtec.cat\/eoireus\/wp-json\/wp\/v2\/pages\/8920","targetHints":{"allow":["GET"]}}],"collection":[{"href":"https:\/\/agora-eoi.xtec.cat\/eoireus\/wp-json\/wp\/v2\/pages"}],"about":[{"href":"https:\/\/agora-eoi.xtec.cat\/eoireus\/wp-json\/wp\/v2\/types\/page"}],"author":[{"embeddable":true,"href":"https:\/\/agora-eoi.xtec.cat\/eoireus\/wp-json\/wp\/v2\/users\/1"}],"replies":[{"embeddable":true,"href":"https:\/\/agora-eoi.xtec.cat\/eoireus\/wp-json\/wp\/v2\/comments?post=8920"}],"version-history":[{"count":3,"href":"https:\/\/agora-eoi.xtec.cat\/eoireus\/wp-json\/wp\/v2\/pages\/8920\/revisions"}],"predecessor-version":[{"id":9202,"href":"https:\/\/agora-eoi.xtec.cat\/eoireus\/wp-json\/wp\/v2\/pages\/8920\/revisions\/9202"}],"up":[{"embeddable":true,"href":"https:\/\/agora-eoi.xtec.cat\/eoireus\/wp-json\/wp\/v2\/pages\/806"}],"wp:attachment":[{"href":"https:\/\/agora-eoi.xtec.cat\/eoireus\/wp-json\/wp\/v2\/media?parent=8920"}],"curies":[{"name":"wp","href":"https:\/\/api.w.org\/{rel}","templated":true}]}}