{"id":8800,"date":"2016-06-23T11:14:50","date_gmt":"2016-06-23T10:14:50","guid":{"rendered":"https:\/\/agora-eoi.xtec.cat\/eoireus\/?page_id=8800"},"modified":"2025-09-23T12:31:11","modified_gmt":"2025-09-23T10:31:11","slug":"professorat_pia","status":"publish","type":"page","link":"https:\/\/agora-eoi.xtec.cat\/eoireus\/secretaria\/matricula\/professorat_pia\/","title":{"rendered":"Professorat (PIA+)"},"content":{"rendered":"<h4>PROGRAMA PIA+ CURS 2025-2026<\/h4>\n<p>Si sou docents en actiu i esteu interessats en formar part del programa PIA + per al proper curs 2025-2026 podeu trobar tota la informaci\u00f3 a la p\u00e0gina web de <a href=\"https:\/\/xtec.gencat.cat\/ca\/formacio\/formaciogeneralprofessorat\/llengues\/programa-pia\/programa-pia-2025-2026\/\" target=\"_blank\" rel=\"noopener\">formaci\u00f3 de la Xtec<\/a>.<\/p>\n<p>Requisits:<\/p>\n<ul>\n<li>En iniciar el curs, presentar el carnet docent a la secretaria del centre per validar ser docent i estar en actiu en el moment de fer la inscripci\u00f3 al curs a un dels llocs seg\u00fcents: a un centre p\u00fablic, concertat o municipal, als Serveis Territorials, al Consorci d\u2019Educaci\u00f3 de Barcelona o als Serveis Centrals del Departament d\u2019Educaci\u00f3, al cos de la Inspecci\u00f3 Educativa.<\/li>\n<li>Disposar de correu<strong> xtec<\/strong> actiu.<\/li>\n<li>Emplenar aquesta <a href=\"https:\/\/drive.google.com\/file\/d\/1ep5CsGzpcok64wK6g-q8ClEWnw04o4Kt\/view\" target=\"_blank\" rel=\"noopener\">sol\u00b7licitud<\/a> i fer-la arribar a la secretaria del centre.<\/li>\n<\/ul>\n","protected":false},"excerpt":{"rendered":"<p>PROGRAMA PIA+ CURS 2025-2026<br \/>\nSi sou docents en actiu i esteu interessats en formar part del programa PIA + per al proper curs 2025-2026 podeu trobar tota la informaci\u00f3 a la p\u00e0gina web de <a href=\"https:\/\/xtec.gencat.cat\/ca\/formacio\/formaciogeneralprofessorat\/llengues\/programa-pia\/programa-pia-2025-2026\/\" target=\"_blank\" rel=\"noopener\">formaci\u00f3 de la Xtec<\/a>.<br \/>\nRequisits:<\/p>\n<ul>\n<li>En iniciar el curs, presentar el&hellip;  <a href=\"https:\/\/agora-eoi.xtec.cat\/eoireus\/secretaria\/matricula\/professorat_pia\/\" title=\"Read Professorat (PIA+)\">Llegeix m\u00e9s\u00bb<\/a><br \/>\n","protected":false},"author":1,"featured_media":0,"parent":8161,"menu_order":40,"comment_status":"closed","ping_status":"closed","template":"page-templates\/side-menu.php","meta":{"_bbp_topic_count":0,"_bbp_reply_count":0,"_bbp_total_topic_count":0,"_bbp_total_reply_count":0,"_bbp_voice_count":0,"_bbp_anonymous_reply_count":0,"_bbp_topic_count_hidden":0,"_bbp_reply_count_hidden":0,"_bbp_forum_subforum_count":0,"footnotes":""},"class_list":["post-8800","page","type-page","status-publish","hentry"],"post_mailing_queue_ids":[],"_links":{"self":[{"href":"https:\/\/agora-eoi.xtec.cat\/eoireus\/wp-json\/wp\/v2\/pages\/8800","targetHints":{"allow":["GET"]}}],"collection":[{"href":"https:\/\/agora-eoi.xtec.cat\/eoireus\/wp-json\/wp\/v2\/pages"}],"about":[{"href":"https:\/\/agora-eoi.xtec.cat\/eoireus\/wp-json\/wp\/v2\/types\/page"}],"author":[{"embeddable":true,"href":"https:\/\/agora-eoi.xtec.cat\/eoireus\/wp-json\/wp\/v2\/users\/1"}],"replies":[{"embeddable":true,"href":"https:\/\/agora-eoi.xtec.cat\/eoireus\/wp-json\/wp\/v2\/comments?post=8800"}],"version-history":[{"count":5,"href":"https:\/\/agora-eoi.xtec.cat\/eoireus\/wp-json\/wp\/v2\/pages\/8800\/revisions"}],"predecessor-version":[{"id":10225,"href":"https:\/\/agora-eoi.xtec.cat\/eoireus\/wp-json\/wp\/v2\/pages\/8800\/revisions\/10225"}],"up":[{"embeddable":true,"href":"https:\/\/agora-eoi.xtec.cat\/eoireus\/wp-json\/wp\/v2\/pages\/8161"}],"wp:attachment":[{"href":"https:\/\/agora-eoi.xtec.cat\/eoireus\/wp-json\/wp\/v2\/media?parent=8800"}],"curies":[{"name":"wp","href":"https:\/\/api.w.org\/{rel}","templated":true}]}}