{"id":8472,"date":"2016-06-15T10:31:04","date_gmt":"2016-06-15T09:31:04","guid":{"rendered":"https:\/\/agora-eoi.xtec.cat\/eoireus\/?page_id=8472"},"modified":"2026-04-10T13:19:10","modified_gmt":"2026-04-10T11:19:10","slug":"preinscripcio","status":"publish","type":"page","link":"https:\/\/agora-eoi.xtec.cat\/eoireus\/secretaria\/preinscripcio\/","title":{"rendered":"Preinscripci\u00f3"},"content":{"rendered":"<p>El per\u00edode de preinscripci\u00f3 per als cursos extensius que ofereix l&#8217;EOI de Reus actualment \u00e9s durant la primera quinzena de<strong> setembre, del 31 d\u2019agost al 7 de setembre pel curs 2026-27<\/strong>.\u00a0Per m\u00e9s informaci\u00f3, consulteu la p\u00e0gina web\u00a0del <a href=\"https:\/\/preinscripcio.gencat.cat\/ca\/estudis\/idiomes-eoi\/informat\/\" target=\"_blank\" rel=\"noopener\">Departament d&#8217;Educaci\u00f3<\/a>.<\/p>\n<p><strong>Podeu fer la preinscripci\u00f3 fins al dia 7 a les 15h accedint a aquest <\/strong><strong><a href=\"https:\/\/www.eoidigital.com\/eoicat\/alumnes\" target=\"_blank\" rel=\"noopener\">aplicatiu.<\/a><\/strong><\/p>\n<p>Per a m\u00e9s informaci\u00f3, consulteu aquesta\u00a0<a href=\"https:\/\/educacio.gencat.cat\/web\/.content\/home\/departament\/publicacions\/infografies\/eoi-10-eoi.pdf\" target=\"_blank\" rel=\"noopener\">infografia<\/a>\u00a0i la p\u00e0gina web del\u00a0<a href=\"https:\/\/preinscripcio.gencat.cat\/ca\/estudis\/idiomes-eoi\/informat\/\" target=\"_blank\" rel=\"noopener\">Departament d\u2019Educaci\u00f3<\/a>.<\/p>\n","protected":false},"excerpt":{"rendered":"<p>El per\u00edode de preinscripci\u00f3 per als cursos extensius que ofereix l&#8217;EOI de Reus actualment \u00e9s durant la primera quinzena de setembre, del 31 d\u2019agost al 7 de setembre pel curs 2026-27.\u00a0Per m\u00e9s informaci\u00f3, consulteu la p\u00e0gina web\u00a0del <a href=\"https:\/\/preinscripcio.gencat.cat\/ca\/estudis\/idiomes-eoi\/informat\/\" target=\"_blank\" rel=\"noopener\">Departament d&#8217;Educaci\u00f3<\/a>.<br \/>\nPodeu fer la preinscripci\u00f3&hellip;  <a href=\"https:\/\/agora-eoi.xtec.cat\/eoireus\/secretaria\/preinscripcio\/\" title=\"Read Preinscripci\u00f3\">Llegeix m\u00e9s\u00bb<\/a><\/p>\n","protected":false},"author":1,"featured_media":0,"parent":8358,"menu_order":20,"comment_status":"closed","ping_status":"closed","template":"page-templates\/side-menu.php","meta":{"_bbp_topic_count":0,"_bbp_reply_count":0,"_bbp_total_topic_count":0,"_bbp_total_reply_count":0,"_bbp_voice_count":0,"_bbp_anonymous_reply_count":0,"_bbp_topic_count_hidden":0,"_bbp_reply_count_hidden":0,"_bbp_forum_subforum_count":0,"footnotes":""},"class_list":["post-8472","page","type-page","status-publish","hentry"],"post_mailing_queue_ids":[],"_links":{"self":[{"href":"https:\/\/agora-eoi.xtec.cat\/eoireus\/wp-json\/wp\/v2\/pages\/8472","targetHints":{"allow":["GET"]}}],"collection":[{"href":"https:\/\/agora-eoi.xtec.cat\/eoireus\/wp-json\/wp\/v2\/pages"}],"about":[{"href":"https:\/\/agora-eoi.xtec.cat\/eoireus\/wp-json\/wp\/v2\/types\/page"}],"author":[{"embeddable":true,"href":"https:\/\/agora-eoi.xtec.cat\/eoireus\/wp-json\/wp\/v2\/users\/1"}],"replies":[{"embeddable":true,"href":"https:\/\/agora-eoi.xtec.cat\/eoireus\/wp-json\/wp\/v2\/comments?post=8472"}],"version-history":[{"count":6,"href":"https:\/\/agora-eoi.xtec.cat\/eoireus\/wp-json\/wp\/v2\/pages\/8472\/revisions"}],"predecessor-version":[{"id":10305,"href":"https:\/\/agora-eoi.xtec.cat\/eoireus\/wp-json\/wp\/v2\/pages\/8472\/revisions\/10305"}],"up":[{"embeddable":true,"href":"https:\/\/agora-eoi.xtec.cat\/eoireus\/wp-json\/wp\/v2\/pages\/8358"}],"wp:attachment":[{"href":"https:\/\/agora-eoi.xtec.cat\/eoireus\/wp-json\/wp\/v2\/media?parent=8472"}],"curies":[{"name":"wp","href":"https:\/\/api.w.org\/{rel}","templated":true}]}}