{"id":8448,"date":"2016-06-14T16:22:09","date_gmt":"2016-06-14T15:22:09","guid":{"rendered":"https:\/\/agora-eoi.xtec.cat\/eoireus\/?page_id=8448"},"modified":"2025-09-23T12:36:14","modified_gmt":"2025-09-23T10:36:14","slug":"carnet-destudiant","status":"publish","type":"page","link":"https:\/\/agora-eoi.xtec.cat\/eoireus\/serveis\/carnet-destudiant\/","title":{"rendered":"Carnet d&#8217;estudiant"},"content":{"rendered":"<ul style=\"list-style-type: square;\">\n<li>Amb el carnet d&#8217;estudiant de l&#8217;EOI de Reus podreu identificar-vos com a alumnat de l\u2019escola per fer \u00fas del servei de pr\u00e9stec de la biblioteca, que obre al mes d&#8217;octubre.<\/li>\n<li>Tamb\u00e9 el podeu fer servir com a carnet d&#8217;estudiant per a obtenir descomptes a museus i altres institucions culturals que ofereixen preus redu\u00efts per a estudiants.<\/li>\n<li>A la nostra comarca, a m\u00e9s, podeu gaudir de descomptes i preus especials a diversos establiments i institucions culturals. Podeu comprovar els descomptes per al curs 2025-26 <a href=\"https:\/\/agora-eoi.xtec.cat\/eoireus\/general\/carnet-de-lestudiant\/\" target=\"_blank\" rel=\"noopener\">aqu\u00ed<\/a>.<\/li>\n<li>Descarregueu-vos aquest <a href=\"https:\/\/drive.google.com\/file\/d\/1oKLa4j1YvXszwqPYOAkA_9k3wKmr-ZGL\/view?usp=sharing\">document<\/a>\u00a0i recordeu d&#8217;obrir-lo amb el programa Adobe Acrobat Reader. Un cop obert seguiu les instruccions.<\/li>\n<li>A la consergeria de l\u2019escola us el segellaran (sense aquest segell el carnet no ser\u00e0 v\u00e0lid) i us el poden imprimir en color i tamb\u00e9 plastificar-lo si ho voleu (s\u2019aplicaran els preus de copisteria de l\u2019escola).<\/li>\n<\/ul>\n","protected":false},"excerpt":{"rendered":"<ul style=\"list-style-type: square;\">\n<li>Amb el carnet d&#8217;estudiant de l&#8217;EOI de Reus podreu identificar-vos com a alumnat de l\u2019escola per fer \u00fas del servei de pr\u00e9stec de la biblioteca, que obre al mes d&#8217;octubre.<\/li>\n<li>Tamb\u00e9 el podeu fer servir com a carnet d&#8217;estudiant per a obtenir descomptes a&hellip;  <a href=\"https:\/\/agora-eoi.xtec.cat\/eoireus\/serveis\/carnet-destudiant\/\" title=\"Read Carnet d&#8217;estudiant\">Llegeix m\u00e9s\u00bb<\/a><br \/>\n","protected":false},"author":1,"featured_media":0,"parent":8411,"menu_order":20,"comment_status":"closed","ping_status":"closed","template":"page-templates\/side-menu.php","meta":{"_bbp_topic_count":0,"_bbp_reply_count":0,"_bbp_total_topic_count":0,"_bbp_total_reply_count":0,"_bbp_voice_count":0,"_bbp_anonymous_reply_count":0,"_bbp_topic_count_hidden":0,"_bbp_reply_count_hidden":0,"_bbp_forum_subforum_count":0,"footnotes":""},"class_list":["post-8448","page","type-page","status-publish","hentry"],"post_mailing_queue_ids":[],"_links":{"self":[{"href":"https:\/\/agora-eoi.xtec.cat\/eoireus\/wp-json\/wp\/v2\/pages\/8448","targetHints":{"allow":["GET"]}}],"collection":[{"href":"https:\/\/agora-eoi.xtec.cat\/eoireus\/wp-json\/wp\/v2\/pages"}],"about":[{"href":"https:\/\/agora-eoi.xtec.cat\/eoireus\/wp-json\/wp\/v2\/types\/page"}],"author":[{"embeddable":true,"href":"https:\/\/agora-eoi.xtec.cat\/eoireus\/wp-json\/wp\/v2\/users\/1"}],"replies":[{"embeddable":true,"href":"https:\/\/agora-eoi.xtec.cat\/eoireus\/wp-json\/wp\/v2\/comments?post=8448"}],"version-history":[{"count":6,"href":"https:\/\/agora-eoi.xtec.cat\/eoireus\/wp-json\/wp\/v2\/pages\/8448\/revisions"}],"predecessor-version":[{"id":10228,"href":"https:\/\/agora-eoi.xtec.cat\/eoireus\/wp-json\/wp\/v2\/pages\/8448\/revisions\/10228"}],"up":[{"embeddable":true,"href":"https:\/\/agora-eoi.xtec.cat\/eoireus\/wp-json\/wp\/v2\/pages\/8411"}],"wp:attachment":[{"href":"https:\/\/agora-eoi.xtec.cat\/eoireus\/wp-json\/wp\/v2\/media?parent=8448"}],"curies":[{"name":"wp","href":"https:\/\/api.w.org\/{rel}","templated":true}]}}