{"id":8444,"date":"2016-06-14T16:06:08","date_gmt":"2016-06-14T15:06:08","guid":{"rendered":"https:\/\/agora-eoi.xtec.cat\/eoireus\/?page_id=8444"},"modified":"2023-07-07T09:16:38","modified_gmt":"2023-07-07T07:16:38","slug":"certificats-i-proves","status":"publish","type":"page","link":"https:\/\/agora-eoi.xtec.cat\/eoireus\/el-servei-educatiu\/certificats-i-proves\/","title":{"rendered":"Certificats i proves"},"content":{"rendered":"<p><a href=\"https:\/\/agora-eoi.xtec.cat\/eoireus\/wp-content\/uploads\/usu2224\/2016\/06\/Diploma-1-96.png\" rel=\"attachment wp-att-8687\"><img loading=\"lazy\" decoding=\"async\" class=\"size-full wp-image-8687 alignright\" src=\"https:\/\/agora-eoi.xtec.cat\/eoireus\/wp-content\/uploads\/usu2224\/2016\/06\/Diploma-1-96.png\" alt=\"Diploma 1-96\" width=\"96\" height=\"96\" \/><\/a><\/p>\n<p>Les escoles oficials d&#8217;idiomes gestionen i administren les proves per a l&#8217;obtenci\u00f3 dels certificats oficials seg\u00fcents, un cop se n&#8217;assoleixen els objectius:<\/p>\n<ul>\n<li>El certificat de nivell intermedi B1.<\/li>\n<li>El certificat de nivell intermedi B2.<\/li>\n<li>El certificat de nivell avan\u00e7at\u00a0C1.<\/li>\n<li>El certificat de nivell avan\u00e7at C2.<\/li>\n<\/ul>\n<p>A Catalunya, el Departament d&#8217;Ensenyament va unificar les proves per a l&#8217;obtenci\u00f3 dels certificats de nivell B1 i nivell B2 l&#8217;any 1996. La unificaci\u00f3 en l&#8217;elaboraci\u00f3 de les proves i en els criteris d&#8217;administraci\u00f3 i correcci\u00f3 asseguren la qualitat, la validesa i la fiabilitat de les proves. Les proves s\u00f3n administrades i corregides per equips de professors especialistes que observen estrictament les pautes establertes.<\/p>\n<p>Les proves de certificat les elabora el Departament d&#8217;Ensenyament i s&#8217;administren a totes les Escoles Oficials d&#8217;Idiomes de Catalunya en una \u00fanica convocat\u00f2ria, tant a alumnes oficials com a alumnes lliures.\u00a0Els nivells de compet\u00e8ncia es defineixen d&#8217;acord amb els nivells del <strong>Marc Europeu Com\u00fa de Refer\u00e8ncia per a les Lleng\u00fces del Consell d&#8217;Europa<\/strong> (MECR).<\/p>\n<p>Per a m\u00e9s informaci\u00f3 sobre els certificats a les Escoles Oficials d&#8217;Idiomes, cliqueu\u00a0<a href=\"http:\/\/ensenyament.gencat.cat\/ca\/serveis-tramits\/proves\/proves-lliures-obtencio-titols\/convocat-ordinaria-idiomes\/\" target=\"_blank\" rel=\"noopener\">aqu\u00ed<\/a>.<\/p>\n<p>Taules de certificats i diplomes que acrediten els coneixements de nivell B1 o superior, segons el Marc europeu com\u00fa de refer\u00e8ncia per a les lleng\u00fces (MECR) del Consell d\u2019Europa.<\/p>\n<ul>\n<li><a href=\"https:\/\/xtec.gencat.cat\/web\/.content\/alfresco\/d\/d\/workspace\/SpacesStore\/0068\/9d8483a2-5b29-4c1b-a811-8c9fdde7b6e9\/equil-alemany.pdf\" target=\"_blank\" rel=\"noopener\">ALEMANY<\/a><\/li>\n<li><a href=\"http:\/\/xtec.gencat.cat\/web\/.content\/curriculum\/idiomes\/certificats\/documents\/equivalencies-angles.pdf\" target=\"_blank\" rel=\"noopener\">ANGL\u00c8S<\/a><\/li>\n<li><a href=\"https:\/\/llengua.gencat.cat\/web\/.content\/documents\/legislacio\/recull_de_normativa\/ensenyament\/arxius\/ens_equiv.pdf\">CATAL\u00c0<\/a><\/li>\n<li><a href=\"https:\/\/xtec.gencat.cat\/web\/.content\/alfresco\/d\/d\/workspace\/SpacesStore\/0010\/03e276d8-9791-4c88-9f9a-4dbf87b2fb97\/equil-frances.pdf\" target=\"_blank\" rel=\"noopener\">FRANC\u00c8S<\/a><\/li>\n<\/ul>\n","protected":false},"excerpt":{"rendered":"<p><a href=\"https:\/\/agora-eoi.xtec.cat\/eoireus\/wp-content\/uploads\/usu2224\/2016\/06\/Diploma-1-96.png\" rel=\"attachment wp-att-8687\"><\/a><br \/>\nLes escoles oficials d&#8217;idiomes gestionen i administren les proves per a l&#8217;obtenci\u00f3 dels certificats oficials seg\u00fcents, un cop se n&#8217;assoleixen els objectius:<\/p>\n<ul>\n<li>El certificat de nivell intermedi B1.<\/li>\n<li>El certificat de nivell intermedi B2.<\/li>\n<li>El certificat de nivell avan\u00e7at\u00a0C1.<\/li>\n<li>El certificat de nivell avan\u00e7at C2.<\/li>\n<\/ul>\n<p>A Catalunya,&hellip;  <a href=\"https:\/\/agora-eoi.xtec.cat\/eoireus\/el-servei-educatiu\/certificats-i-proves\/\" title=\"Read Certificats i proves\">Llegeix m\u00e9s\u00bb<\/a><\/p>\n","protected":false},"author":1,"featured_media":0,"parent":806,"menu_order":60,"comment_status":"closed","ping_status":"closed","template":"page-templates\/side-menu.php","meta":{"_bbp_topic_count":0,"_bbp_reply_count":0,"_bbp_total_topic_count":0,"_bbp_total_reply_count":0,"_bbp_voice_count":0,"_bbp_anonymous_reply_count":0,"_bbp_topic_count_hidden":0,"_bbp_reply_count_hidden":0,"_bbp_forum_subforum_count":0,"footnotes":""},"class_list":["post-8444","page","type-page","status-publish","hentry"],"post_mailing_queue_ids":[],"_links":{"self":[{"href":"https:\/\/agora-eoi.xtec.cat\/eoireus\/wp-json\/wp\/v2\/pages\/8444","targetHints":{"allow":["GET"]}}],"collection":[{"href":"https:\/\/agora-eoi.xtec.cat\/eoireus\/wp-json\/wp\/v2\/pages"}],"about":[{"href":"https:\/\/agora-eoi.xtec.cat\/eoireus\/wp-json\/wp\/v2\/types\/page"}],"author":[{"embeddable":true,"href":"https:\/\/agora-eoi.xtec.cat\/eoireus\/wp-json\/wp\/v2\/users\/1"}],"replies":[{"embeddable":true,"href":"https:\/\/agora-eoi.xtec.cat\/eoireus\/wp-json\/wp\/v2\/comments?post=8444"}],"version-history":[{"count":3,"href":"https:\/\/agora-eoi.xtec.cat\/eoireus\/wp-json\/wp\/v2\/pages\/8444\/revisions"}],"predecessor-version":[{"id":9477,"href":"https:\/\/agora-eoi.xtec.cat\/eoireus\/wp-json\/wp\/v2\/pages\/8444\/revisions\/9477"}],"up":[{"embeddable":true,"href":"https:\/\/agora-eoi.xtec.cat\/eoireus\/wp-json\/wp\/v2\/pages\/806"}],"wp:attachment":[{"href":"https:\/\/agora-eoi.xtec.cat\/eoireus\/wp-json\/wp\/v2\/media?parent=8444"}],"curies":[{"name":"wp","href":"https:\/\/api.w.org\/{rel}","templated":true}]}}