{"id":8434,"date":"2016-06-14T15:41:55","date_gmt":"2016-06-14T14:41:55","guid":{"rendered":"https:\/\/agora-eoi.xtec.cat\/eoireus\/?page_id=8434"},"modified":"2025-07-03T10:38:28","modified_gmt":"2025-07-03T08:38:28","slug":"beques","status":"publish","type":"page","link":"https:\/\/agora-eoi.xtec.cat\/eoireus\/secretaria\/beques\/","title":{"rendered":"Beques"},"content":{"rendered":"<p>Cada curs, el Ministeri d&#8217;Educaci\u00f3 i Formaci\u00f3 Professional publica una convocat\u00f2ria de beques i ajuts de car\u00e0cter general per a l&#8217;alumnat que cursa ensenyaments postobligatoris no universitaris.<\/p>\n<p>Les beques es tramiten per avan\u00e7at i cal indicar, a la sol\u2022licitud, quins ensenyaments es preveu cursar el curs seg\u00fcent i en quin centre; posteriorment, cap al mes de setembre, es pot accedir de nou al tr\u00e0mit i fer-hi les modificacions de dades acad\u00e8miques o personals que convingui.<\/p>\n<p>Trobareu m\u00e9s informaci\u00f3 sobre les dates actuals a <a href=\"https:\/\/agora-eoi.xtec.cat\/eoireus\/general\/convocatoria-de-beques-per-estudis-postobligatoris\/\" target=\"_blank\" rel=\"noopener\">aquest enlla\u00e7<\/a> i tamb\u00e9 a la <a href=\"https:\/\/educacio.gencat.cat\/ca\/tramits\/tramits-temes\/247-beques-ministerio-postobligatoris?category=7449fd1c-a82c-11e3-a972-000c29052e2c&amp;moda=1\" target=\"_blank\" rel=\"noopener\">p\u00e0gina web del departament d&#8217;Educaci\u00f3<\/a>. Si teniu dubtes, tamb\u00e9 podeu consultar la secci\u00f3 de <a href=\"https:\/\/www.becaseducacion.gob.es\/portada.html\" target=\"_blank\" rel=\"noopener\">Preguntes freq\u00fcents<\/a> del web de Ministeri d\u2019Educaci\u00f3 i Formaci\u00f3 Professional. Recordeu que heu de demanar les beques nom\u00e9s si en compliu els requisits.<\/p>\n","protected":false},"excerpt":{"rendered":"<p>Cada curs, el Ministeri d&#8217;Educaci\u00f3 i Formaci\u00f3 Professional publica una convocat\u00f2ria de beques i ajuts de car\u00e0cter general per a l&#8217;alumnat que cursa ensenyaments postobligatoris no universitaris.<br \/>\nLes beques es tramiten per avan\u00e7at i cal indicar, a la sol\u2022licitud, quins ensenyaments es preveu cursar el curs&hellip;  <a href=\"https:\/\/agora-eoi.xtec.cat\/eoireus\/secretaria\/beques\/\" title=\"Read Beques\">Llegeix m\u00e9s\u00bb<\/a><\/p>\n","protected":false},"author":1,"featured_media":0,"parent":8358,"menu_order":70,"comment_status":"closed","ping_status":"closed","template":"page-templates\/side-menu.php","meta":{"_bbp_topic_count":0,"_bbp_reply_count":0,"_bbp_total_topic_count":0,"_bbp_total_reply_count":0,"_bbp_voice_count":0,"_bbp_anonymous_reply_count":0,"_bbp_topic_count_hidden":0,"_bbp_reply_count_hidden":0,"_bbp_forum_subforum_count":0,"footnotes":""},"class_list":["post-8434","page","type-page","status-publish","hentry"],"post_mailing_queue_ids":[],"_links":{"self":[{"href":"https:\/\/agora-eoi.xtec.cat\/eoireus\/wp-json\/wp\/v2\/pages\/8434","targetHints":{"allow":["GET"]}}],"collection":[{"href":"https:\/\/agora-eoi.xtec.cat\/eoireus\/wp-json\/wp\/v2\/pages"}],"about":[{"href":"https:\/\/agora-eoi.xtec.cat\/eoireus\/wp-json\/wp\/v2\/types\/page"}],"author":[{"embeddable":true,"href":"https:\/\/agora-eoi.xtec.cat\/eoireus\/wp-json\/wp\/v2\/users\/1"}],"replies":[{"embeddable":true,"href":"https:\/\/agora-eoi.xtec.cat\/eoireus\/wp-json\/wp\/v2\/comments?post=8434"}],"version-history":[{"count":4,"href":"https:\/\/agora-eoi.xtec.cat\/eoireus\/wp-json\/wp\/v2\/pages\/8434\/revisions"}],"predecessor-version":[{"id":10153,"href":"https:\/\/agora-eoi.xtec.cat\/eoireus\/wp-json\/wp\/v2\/pages\/8434\/revisions\/10153"}],"up":[{"embeddable":true,"href":"https:\/\/agora-eoi.xtec.cat\/eoireus\/wp-json\/wp\/v2\/pages\/8358"}],"wp:attachment":[{"href":"https:\/\/agora-eoi.xtec.cat\/eoireus\/wp-json\/wp\/v2\/media?parent=8434"}],"curies":[{"name":"wp","href":"https:\/\/api.w.org\/{rel}","templated":true}]}}