{"id":8432,"date":"2016-06-14T15:36:36","date_gmt":"2016-06-14T14:36:36","guid":{"rendered":"https:\/\/agora-eoi.xtec.cat\/eoireus\/?page_id=8432"},"modified":"2026-04-16T12:00:06","modified_gmt":"2026-04-16T10:00:06","slug":"activitats-culturals","status":"publish","type":"page","link":"https:\/\/agora-eoi.xtec.cat\/eoireus\/serveis\/activitats-culturals\/","title":{"rendered":"Activitats culturals"},"content":{"rendered":"<h5>ABRIL 2026<\/h5>\n<p>El divendres 17 d&#8217;abril<span style=\"font-family: inherit; font-size: 1em;\">, els alumnes del departament d&#8217;angl\u00e8s de l&#8217;escola podran gaudir de quatre xerrades culturals relacionades amb la llengua anglesa. <\/span><\/p>\n<p><img loading=\"lazy\" decoding=\"async\" class=\"alignleft wp-image-10311\" src=\"https:\/\/agora-eoi.xtec.cat\/eoireus\/wp-content\/uploads\/usu2224\/2026\/04\/The-UK-212x300.png\" alt=\"\" width=\"165\" height=\"233\" srcset=\"https:\/\/agora-eoi.xtec.cat\/eoireus\/wp-content\/uploads\/usu2224\/2026\/04\/The-UK-212x300.png 212w, https:\/\/agora-eoi.xtec.cat\/eoireus\/wp-content\/uploads\/usu2224\/2026\/04\/The-UK-724x1024.png 724w, https:\/\/agora-eoi.xtec.cat\/eoireus\/wp-content\/uploads\/usu2224\/2026\/04\/The-UK-768x1086.png 768w, https:\/\/agora-eoi.xtec.cat\/eoireus\/wp-content\/uploads\/usu2224\/2026\/04\/The-UK-1086x1536.png 1086w, https:\/\/agora-eoi.xtec.cat\/eoireus\/wp-content\/uploads\/usu2224\/2026\/04\/The-UK.png 1414w\" sizes=\"auto, (max-width: 165px) 100vw, 165px\" \/><img loading=\"lazy\" decoding=\"async\" class=\"alignleft wp-image-10308\" src=\"https:\/\/agora-eoi.xtec.cat\/eoireus\/wp-content\/uploads\/usu2224\/2026\/04\/Food-for-thought-212x300.png\" alt=\"\" width=\"163\" height=\"231\" srcset=\"https:\/\/agora-eoi.xtec.cat\/eoireus\/wp-content\/uploads\/usu2224\/2026\/04\/Food-for-thought-212x300.png 212w, https:\/\/agora-eoi.xtec.cat\/eoireus\/wp-content\/uploads\/usu2224\/2026\/04\/Food-for-thought-724x1024.png 724w, https:\/\/agora-eoi.xtec.cat\/eoireus\/wp-content\/uploads\/usu2224\/2026\/04\/Food-for-thought-768x1086.png 768w, https:\/\/agora-eoi.xtec.cat\/eoireus\/wp-content\/uploads\/usu2224\/2026\/04\/Food-for-thought-1086x1536.png 1086w, https:\/\/agora-eoi.xtec.cat\/eoireus\/wp-content\/uploads\/usu2224\/2026\/04\/Food-for-thought.png 1414w\" sizes=\"auto, (max-width: 163px) 100vw, 163px\" \/><\/p>\n<p><img loading=\"lazy\" decoding=\"async\" class=\" wp-image-10309 alignleft\" src=\"https:\/\/agora-eoi.xtec.cat\/eoireus\/wp-content\/uploads\/usu2224\/2026\/04\/misunderstood-songs-by-the-rock-and-pop-superstars-212x300.png\" alt=\"\" width=\"163\" height=\"231\" srcset=\"https:\/\/agora-eoi.xtec.cat\/eoireus\/wp-content\/uploads\/usu2224\/2026\/04\/misunderstood-songs-by-the-rock-and-pop-superstars-212x300.png 212w, https:\/\/agora-eoi.xtec.cat\/eoireus\/wp-content\/uploads\/usu2224\/2026\/04\/misunderstood-songs-by-the-rock-and-pop-superstars-724x1024.png 724w, https:\/\/agora-eoi.xtec.cat\/eoireus\/wp-content\/uploads\/usu2224\/2026\/04\/misunderstood-songs-by-the-rock-and-pop-superstars-768x1086.png 768w, https:\/\/agora-eoi.xtec.cat\/eoireus\/wp-content\/uploads\/usu2224\/2026\/04\/misunderstood-songs-by-the-rock-and-pop-superstars-1086x1536.png 1086w, https:\/\/agora-eoi.xtec.cat\/eoireus\/wp-content\/uploads\/usu2224\/2026\/04\/misunderstood-songs-by-the-rock-and-pop-superstars.png 1414w\" sizes=\"auto, (max-width: 163px) 100vw, 163px\" \/> <img loading=\"lazy\" decoding=\"async\" class=\"alignleft wp-image-10310\" src=\"https:\/\/agora-eoi.xtec.cat\/eoireus\/wp-content\/uploads\/usu2224\/2026\/04\/Taboo-or-not-taboo-212x300.png\" alt=\"\" width=\"166\" height=\"235\" srcset=\"https:\/\/agora-eoi.xtec.cat\/eoireus\/wp-content\/uploads\/usu2224\/2026\/04\/Taboo-or-not-taboo-212x300.png 212w, https:\/\/agora-eoi.xtec.cat\/eoireus\/wp-content\/uploads\/usu2224\/2026\/04\/Taboo-or-not-taboo-724x1024.png 724w, https:\/\/agora-eoi.xtec.cat\/eoireus\/wp-content\/uploads\/usu2224\/2026\/04\/Taboo-or-not-taboo-768x1086.png 768w, https:\/\/agora-eoi.xtec.cat\/eoireus\/wp-content\/uploads\/usu2224\/2026\/04\/Taboo-or-not-taboo-1086x1536.png 1086w, https:\/\/agora-eoi.xtec.cat\/eoireus\/wp-content\/uploads\/usu2224\/2026\/04\/Taboo-or-not-taboo.png 1414w\" sizes=\"auto, (max-width: 166px) 100vw, 166px\" \/><\/p>\n<p>&nbsp;<\/p>\n<p>&nbsp;<\/p>\n<p>&nbsp;<\/p>\n<p>&nbsp;<\/p>\n<p>&nbsp;<\/p>\n<p>&nbsp;<\/p>\n<p><span style=\"font-family: inherit; font-size: 1em;\">L&#8217;alumnat de franc\u00e8s tamb\u00e9 podr\u00e0 assistir a una xerrada sobre Su\u00efssa.<\/span><\/p>\n<p><img loading=\"lazy\" decoding=\"async\" class=\"wp-image-10317 alignnone\" src=\"https:\/\/agora-eoi.xtec.cat\/eoireus\/wp-content\/uploads\/usu2224\/2026\/04\/Poster-vendredi-17-212x300.png\" alt=\"\" width=\"185\" height=\"262\" srcset=\"https:\/\/agora-eoi.xtec.cat\/eoireus\/wp-content\/uploads\/usu2224\/2026\/04\/Poster-vendredi-17-212x300.png 212w, https:\/\/agora-eoi.xtec.cat\/eoireus\/wp-content\/uploads\/usu2224\/2026\/04\/Poster-vendredi-17-724x1024.png 724w, https:\/\/agora-eoi.xtec.cat\/eoireus\/wp-content\/uploads\/usu2224\/2026\/04\/Poster-vendredi-17-768x1086.png 768w, https:\/\/agora-eoi.xtec.cat\/eoireus\/wp-content\/uploads\/usu2224\/2026\/04\/Poster-vendredi-17-1086x1536.png 1086w, https:\/\/agora-eoi.xtec.cat\/eoireus\/wp-content\/uploads\/usu2224\/2026\/04\/Poster-vendredi-17.png 1414w\" sizes=\"auto, (max-width: 185px) 100vw, 185px\" \/><\/p>\n<h5>DESEMBRE 2025<\/h5>\n<p>El dilluns <span style=\"font-family: inherit; font-size: 1em;\">1 i el\u00a0<\/span>dimarts <span style=\"font-family: inherit; font-size: 1em;\">2 de desembre, els alumnes de tots els departaments de l&#8217;escola van poder gaudir d&#8217;unes jornades especials d&#8217;activitats culturals relacionades amb les lleng\u00fces i cultures que s&#8217;aprenen a l&#8217;EOI. <\/span><\/p>\n<p><span style=\"font-family: inherit; font-size: 1em;\">L&#8217;oferta d&#8217;activitats es va completar amb una degustaci\u00f3 de productes nadalencs t\u00edpics de les cultures alemanya, francesa, catalana i anglesa. El nostre alumnat va aprofitar la ocasi\u00f3 per aprendre, gaudir, compartir i con\u00e8ixer encara m\u00e9s les cultures que parlen la llengua que est\u00e0 aprenent.<\/span><\/p>\n<p><strong>ENGLISH TALKS<\/strong><\/p>\n<p><img loading=\"lazy\" decoding=\"async\" class=\"alignleft wp-image-10260\" src=\"https:\/\/agora-eoi.xtec.cat\/eoireus\/wp-content\/uploads\/usu2224\/2025\/11\/1-240x300.png\" alt=\"\" width=\"270\" height=\"338\" srcset=\"https:\/\/agora-eoi.xtec.cat\/eoireus\/wp-content\/uploads\/usu2224\/2025\/11\/1-240x300.png 240w, https:\/\/agora-eoi.xtec.cat\/eoireus\/wp-content\/uploads\/usu2224\/2025\/11\/1-819x1024.png 819w, https:\/\/agora-eoi.xtec.cat\/eoireus\/wp-content\/uploads\/usu2224\/2025\/11\/1-768x960.png 768w, https:\/\/agora-eoi.xtec.cat\/eoireus\/wp-content\/uploads\/usu2224\/2025\/11\/1.png 1080w\" sizes=\"auto, (max-width: 270px) 100vw, 270px\" \/><img loading=\"lazy\" decoding=\"async\" class=\"alignleft wp-image-10261\" src=\"https:\/\/agora-eoi.xtec.cat\/eoireus\/wp-content\/uploads\/usu2224\/2025\/11\/2-240x300.png\" alt=\"\" width=\"274\" height=\"343\" srcset=\"https:\/\/agora-eoi.xtec.cat\/eoireus\/wp-content\/uploads\/usu2224\/2025\/11\/2-240x300.png 240w, https:\/\/agora-eoi.xtec.cat\/eoireus\/wp-content\/uploads\/usu2224\/2025\/11\/2-819x1024.png 819w, https:\/\/agora-eoi.xtec.cat\/eoireus\/wp-content\/uploads\/usu2224\/2025\/11\/2-768x960.png 768w, https:\/\/agora-eoi.xtec.cat\/eoireus\/wp-content\/uploads\/usu2224\/2025\/11\/2.png 1080w\" sizes=\"auto, (max-width: 274px) 100vw, 274px\" \/><\/p>\n<p>&nbsp;<\/p>\n<p>&nbsp;<\/p>\n<p>&nbsp;<\/p>\n<p>&nbsp;<\/p>\n<p>&nbsp;<\/p>\n<p>&nbsp;<\/p>\n<p>&nbsp;<\/p>\n<p>&nbsp;<\/p>\n<p><strong>DEUTSCHE WEIHNACHTSWORKSHOPS<\/strong><\/p>\n<p><img loading=\"lazy\" decoding=\"async\" class=\"alignleft size-medium wp-image-10262\" src=\"https:\/\/agora-eoi.xtec.cat\/eoireus\/wp-content\/uploads\/usu2224\/2025\/11\/AL-A1-211x300.png\" alt=\"\" width=\"211\" height=\"300\" srcset=\"https:\/\/agora-eoi.xtec.cat\/eoireus\/wp-content\/uploads\/usu2224\/2025\/11\/AL-A1-211x300.png 211w, https:\/\/agora-eoi.xtec.cat\/eoireus\/wp-content\/uploads\/usu2224\/2025\/11\/AL-A1.png 556w\" sizes=\"auto, (max-width: 211px) 100vw, 211px\" \/><img loading=\"lazy\" decoding=\"async\" class=\"alignleft size-medium wp-image-10263\" src=\"https:\/\/agora-eoi.xtec.cat\/eoireus\/wp-content\/uploads\/usu2224\/2025\/11\/AL-A2-210x300.png\" alt=\"\" width=\"210\" height=\"300\" srcset=\"https:\/\/agora-eoi.xtec.cat\/eoireus\/wp-content\/uploads\/usu2224\/2025\/11\/AL-A2-210x300.png 210w, https:\/\/agora-eoi.xtec.cat\/eoireus\/wp-content\/uploads\/usu2224\/2025\/11\/AL-A2.png 550w\" sizes=\"auto, (max-width: 210px) 100vw, 210px\" \/> <img loading=\"lazy\" decoding=\"async\" class=\"alignleft size-medium wp-image-10264\" src=\"https:\/\/agora-eoi.xtec.cat\/eoireus\/wp-content\/uploads\/usu2224\/2025\/11\/AL-B2-212x300.png\" alt=\"\" width=\"212\" height=\"300\" srcset=\"https:\/\/agora-eoi.xtec.cat\/eoireus\/wp-content\/uploads\/usu2224\/2025\/11\/AL-B2-212x300.png 212w, https:\/\/agora-eoi.xtec.cat\/eoireus\/wp-content\/uploads\/usu2224\/2025\/11\/AL-B2.png 561w\" sizes=\"auto, (max-width: 212px) 100vw, 212px\" \/><\/p>\n<p>&nbsp;<\/p>\n<p>&nbsp;<\/p>\n<p>&nbsp;<\/p>\n<p>&nbsp;<\/p>\n<p>&nbsp;<\/p>\n<p>&nbsp;<\/p>\n<p>&nbsp;<\/p>\n<p><strong>PRESENTACIONS DE CATAL\u00c0<\/strong><\/p>\n<p><img loading=\"lazy\" decoding=\"async\" class=\"alignleft size-medium wp-image-10265\" src=\"https:\/\/agora-eoi.xtec.cat\/eoireus\/wp-content\/uploads\/usu2224\/2025\/11\/CATALA-1-211x300.png\" alt=\"\" width=\"211\" height=\"300\" srcset=\"https:\/\/agora-eoi.xtec.cat\/eoireus\/wp-content\/uploads\/usu2224\/2025\/11\/CATALA-1-211x300.png 211w, https:\/\/agora-eoi.xtec.cat\/eoireus\/wp-content\/uploads\/usu2224\/2025\/11\/CATALA-1.png 603w\" sizes=\"auto, (max-width: 211px) 100vw, 211px\" \/> <img loading=\"lazy\" decoding=\"async\" class=\"alignleft size-medium wp-image-10266\" src=\"https:\/\/agora-eoi.xtec.cat\/eoireus\/wp-content\/uploads\/usu2224\/2025\/11\/CATALA-2-210x300.png\" alt=\"\" width=\"210\" height=\"300\" srcset=\"https:\/\/agora-eoi.xtec.cat\/eoireus\/wp-content\/uploads\/usu2224\/2025\/11\/CATALA-2-210x300.png 210w, https:\/\/agora-eoi.xtec.cat\/eoireus\/wp-content\/uploads\/usu2224\/2025\/11\/CATALA-2.png 602w\" sizes=\"auto, (max-width: 210px) 100vw, 210px\" \/><\/p>\n<p>&nbsp;<\/p>\n<p>&nbsp;<\/p>\n<p>&nbsp;<\/p>\n<p>&nbsp;<\/p>\n<p>&nbsp;<\/p>\n<p>&nbsp;<\/p>\n<p>&nbsp;<\/p>\n<p><strong>CONTES EN FRAN\u00c7AIS<\/strong><\/p>\n<p><img loading=\"lazy\" decoding=\"async\" class=\"alignleft size-medium wp-image-10267\" src=\"https:\/\/agora-eoi.xtec.cat\/eoireus\/wp-content\/uploads\/usu2224\/2025\/11\/1_1-300x300.png\" alt=\"\" width=\"300\" height=\"300\" srcset=\"https:\/\/agora-eoi.xtec.cat\/eoireus\/wp-content\/uploads\/usu2224\/2025\/11\/1_1-300x300.png 300w, https:\/\/agora-eoi.xtec.cat\/eoireus\/wp-content\/uploads\/usu2224\/2025\/11\/1_1-1024x1024.png 1024w, https:\/\/agora-eoi.xtec.cat\/eoireus\/wp-content\/uploads\/usu2224\/2025\/11\/1_1-150x150.png 150w, https:\/\/agora-eoi.xtec.cat\/eoireus\/wp-content\/uploads\/usu2224\/2025\/11\/1_1-768x768.png 768w, https:\/\/agora-eoi.xtec.cat\/eoireus\/wp-content\/uploads\/usu2224\/2025\/11\/1_1.png 1080w\" sizes=\"auto, (max-width: 300px) 100vw, 300px\" \/> <img loading=\"lazy\" decoding=\"async\" class=\"alignleft size-medium wp-image-10268\" src=\"https:\/\/agora-eoi.xtec.cat\/eoireus\/wp-content\/uploads\/usu2224\/2025\/11\/2_1-300x300.png\" alt=\"\" width=\"300\" height=\"300\" srcset=\"https:\/\/agora-eoi.xtec.cat\/eoireus\/wp-content\/uploads\/usu2224\/2025\/11\/2_1-300x300.png 300w, https:\/\/agora-eoi.xtec.cat\/eoireus\/wp-content\/uploads\/usu2224\/2025\/11\/2_1-1024x1024.png 1024w, https:\/\/agora-eoi.xtec.cat\/eoireus\/wp-content\/uploads\/usu2224\/2025\/11\/2_1-150x150.png 150w, https:\/\/agora-eoi.xtec.cat\/eoireus\/wp-content\/uploads\/usu2224\/2025\/11\/2_1-768x768.png 768w, https:\/\/agora-eoi.xtec.cat\/eoireus\/wp-content\/uploads\/usu2224\/2025\/11\/2_1.png 1080w\" sizes=\"auto, (max-width: 300px) 100vw, 300px\" \/><\/p>\n<p>&nbsp;<\/p>\n<p>&nbsp;<\/p>\n<p>&nbsp;<\/p>\n<p>&nbsp;<\/p>\n<p>&nbsp;<\/p>\n<p>&nbsp;<\/p>\n<p>&nbsp;<\/p>\n<p><em>*Aquest espai s&#8217;anir\u00e0 actualitzant durant el curs sempre que els quatre departaments de l&#8217;escola proposin activitats culturals extres al seu alumnat.<\/em><\/p>\n","protected":false},"excerpt":{"rendered":"<p>ABRIL 2026<br \/>\nEl divendres 17 d&#8217;abril, els alumnes del departament d&#8217;angl\u00e8s de l&#8217;escola podran gaudir de quatre xerrades culturals relacionades amb la llengua anglesa. <\/p>\n<p>&nbsp;<br \/>\n&nbsp;<br \/>\n&nbsp;<br \/>\n&nbsp;<br \/>\n&nbsp;<br \/>\n&nbsp;<br \/>\nL&#8217;alumnat de franc\u00e8s tamb\u00e9 podr\u00e0 assistir a una xerrada sobre Su\u00efssa.<\/p>\n<p>DESEMBRE 2025<br \/>\nEl dilluns 1 i el\u00a0dimarts 2 de desembre, els alumnes&hellip;  <a href=\"https:\/\/agora-eoi.xtec.cat\/eoireus\/serveis\/activitats-culturals\/\" title=\"Read Activitats culturals\">Llegeix m\u00e9s\u00bb<\/a><\/p>\n","protected":false},"author":1,"featured_media":0,"parent":8411,"menu_order":50,"comment_status":"closed","ping_status":"closed","template":"page-templates\/side-menu.php","meta":{"_bbp_topic_count":0,"_bbp_reply_count":0,"_bbp_total_topic_count":0,"_bbp_total_reply_count":0,"_bbp_voice_count":0,"_bbp_anonymous_reply_count":0,"_bbp_topic_count_hidden":0,"_bbp_reply_count_hidden":0,"_bbp_forum_subforum_count":0,"footnotes":""},"class_list":["post-8432","page","type-page","status-publish","hentry"],"post_mailing_queue_ids":[],"_links":{"self":[{"href":"https:\/\/agora-eoi.xtec.cat\/eoireus\/wp-json\/wp\/v2\/pages\/8432","targetHints":{"allow":["GET"]}}],"collection":[{"href":"https:\/\/agora-eoi.xtec.cat\/eoireus\/wp-json\/wp\/v2\/pages"}],"about":[{"href":"https:\/\/agora-eoi.xtec.cat\/eoireus\/wp-json\/wp\/v2\/types\/page"}],"author":[{"embeddable":true,"href":"https:\/\/agora-eoi.xtec.cat\/eoireus\/wp-json\/wp\/v2\/users\/1"}],"replies":[{"embeddable":true,"href":"https:\/\/agora-eoi.xtec.cat\/eoireus\/wp-json\/wp\/v2\/comments?post=8432"}],"version-history":[{"count":6,"href":"https:\/\/agora-eoi.xtec.cat\/eoireus\/wp-json\/wp\/v2\/pages\/8432\/revisions"}],"predecessor-version":[{"id":10319,"href":"https:\/\/agora-eoi.xtec.cat\/eoireus\/wp-json\/wp\/v2\/pages\/8432\/revisions\/10319"}],"up":[{"embeddable":true,"href":"https:\/\/agora-eoi.xtec.cat\/eoireus\/wp-json\/wp\/v2\/pages\/8411"}],"wp:attachment":[{"href":"https:\/\/agora-eoi.xtec.cat\/eoireus\/wp-json\/wp\/v2\/media?parent=8432"}],"curies":[{"name":"wp","href":"https:\/\/api.w.org\/{rel}","templated":true}]}}