{"id":8427,"date":"2016-06-14T15:20:45","date_gmt":"2016-06-14T14:20:45","guid":{"rendered":"https:\/\/agora-eoi.xtec.cat\/eoireus\/?page_id=8427"},"modified":"2026-01-08T11:47:25","modified_gmt":"2026-01-08T10:47:25","slug":"grups-de-conversa","status":"publish","type":"page","link":"https:\/\/agora-eoi.xtec.cat\/eoireus\/serveis\/grups-de-conversa\/","title":{"rendered":"Grups de conversa"},"content":{"rendered":"<p><img loading=\"lazy\" decoding=\"async\" class=\"size-full wp-image-8677 alignleft\" src=\"https:\/\/agora-eoi.xtec.cat\/eoireus\/wp-content\/uploads\/usu2224\/2016\/06\/Collaboration-96.png\" alt=\"Collaboration-96\" width=\"96\" height=\"96\" \/><span style=\"color: #000000;\">Tot l&#8217;alumnat de l&#8217;escola d&#8217;alemany, angl\u00e8s i franc\u00e9s t\u00e9 la possibilitat de fer sessions de classe de conversa amb professors i professores nadives. <\/span><\/p>\n<p><span style=\"color: #000000;\">Els grups de conversa d&#8217;angl\u00e8s pel curs 2025-26 es faran en l\u00ednia, mentre que els departaments d&#8217;alemany i <\/span><span style=\"color: #000000;\">franc\u00e8s faran grups de conversa presencials. <\/span><\/p>\n<p><span style=\"color: #000000; font-family: inherit; font-size: 1em;\">Aquestes sessions sempre s\u00f3n fora de les hores lectives de l&#8217;alumnat. Un cop iniciat el curs s&#8217;informa a l&#8217;alumnat de cada idioma a trav\u00e9s de Google Classroom.<\/span><\/p>\n<p>&nbsp;<\/p>\n<p>&nbsp;<\/p>\n","protected":false},"excerpt":{"rendered":"<p>Tot l&#8217;alumnat de l&#8217;escola d&#8217;alemany, angl\u00e8s i franc\u00e9s t\u00e9 la possibilitat de fer sessions de classe de conversa amb professors i professores nadives.<br \/>\nEls grups de conversa d&#8217;angl\u00e8s pel curs 2025-26 es faran en l\u00ednia, mentre que els departaments d&#8217;alemany i franc\u00e8s faran grups de&hellip;  <a href=\"https:\/\/agora-eoi.xtec.cat\/eoireus\/serveis\/grups-de-conversa\/\" title=\"Read Grups de conversa\">Llegeix m\u00e9s\u00bb<\/a><\/p>\n","protected":false},"author":1,"featured_media":0,"parent":8411,"menu_order":40,"comment_status":"closed","ping_status":"closed","template":"page-templates\/side-menu.php","meta":{"_bbp_topic_count":0,"_bbp_reply_count":0,"_bbp_total_topic_count":0,"_bbp_total_reply_count":0,"_bbp_voice_count":0,"_bbp_anonymous_reply_count":0,"_bbp_topic_count_hidden":0,"_bbp_reply_count_hidden":0,"_bbp_forum_subforum_count":0,"footnotes":""},"class_list":["post-8427","page","type-page","status-publish","hentry"],"post_mailing_queue_ids":[],"_links":{"self":[{"href":"https:\/\/agora-eoi.xtec.cat\/eoireus\/wp-json\/wp\/v2\/pages\/8427","targetHints":{"allow":["GET"]}}],"collection":[{"href":"https:\/\/agora-eoi.xtec.cat\/eoireus\/wp-json\/wp\/v2\/pages"}],"about":[{"href":"https:\/\/agora-eoi.xtec.cat\/eoireus\/wp-json\/wp\/v2\/types\/page"}],"author":[{"embeddable":true,"href":"https:\/\/agora-eoi.xtec.cat\/eoireus\/wp-json\/wp\/v2\/users\/1"}],"replies":[{"embeddable":true,"href":"https:\/\/agora-eoi.xtec.cat\/eoireus\/wp-json\/wp\/v2\/comments?post=8427"}],"version-history":[{"count":6,"href":"https:\/\/agora-eoi.xtec.cat\/eoireus\/wp-json\/wp\/v2\/pages\/8427\/revisions"}],"predecessor-version":[{"id":10280,"href":"https:\/\/agora-eoi.xtec.cat\/eoireus\/wp-json\/wp\/v2\/pages\/8427\/revisions\/10280"}],"up":[{"embeddable":true,"href":"https:\/\/agora-eoi.xtec.cat\/eoireus\/wp-json\/wp\/v2\/pages\/8411"}],"wp:attachment":[{"href":"https:\/\/agora-eoi.xtec.cat\/eoireus\/wp-json\/wp\/v2\/media?parent=8427"}],"curies":[{"name":"wp","href":"https:\/\/api.w.org\/{rel}","templated":true}]}}