{"id":8366,"date":"2016-06-13T13:27:59","date_gmt":"2016-06-13T12:27:59","guid":{"rendered":"https:\/\/agora-eoi.xtec.cat\/eoireus\/?page_id=8366"},"modified":"2025-02-14T14:02:24","modified_gmt":"2025-02-14T13:02:24","slug":"horari","status":"publish","type":"page","link":"https:\/\/agora-eoi.xtec.cat\/eoireus\/secretaria\/horari\/","title":{"rendered":"Horari d&#8217;atenci\u00f3 al p\u00fablic"},"content":{"rendered":"<p><strong>Cal demanar hora per atenci\u00f3 presencial a la secretaria de l&#8217;escola per correu electr\u00f2nic o telef\u00f2nicament.<\/strong><\/p>\n<p><strong>D&#8217;OCTUBRE A MAIG:<\/strong><\/p>\n<ul>\n<li>De dilluns a divendres: de 10 a 13h.<\/li>\n<li>Tardes: dilluns i dimecres de 15.45 a 17.45h<\/li>\n<\/ul>\n<p><strong>JUNY \/ JULIOL \/ SETEMBRE<\/strong>:<\/p>\n<ul>\n<li>De dilluns a divendres: de 10 a 13h<\/li>\n<\/ul>\n<p>Per qualsevol consulta, fora d&#8217;aquest horari, adreceu-vos a <strong style=\"font-family: inherit; font-size: 1em;\">consergeria<\/strong><span style=\"font-family: inherit; font-size: 1em;\">.<\/span><\/p>\n","protected":false},"excerpt":{"rendered":"<p>Cal demanar hora per atenci\u00f3 presencial a la secretaria de l&#8217;escola per correu electr\u00f2nic o telef\u00f2nicament.<br \/>\nD&#8217;OCTUBRE A MAIG:<\/p>\n<ul>\n<li>De dilluns a divendres: de 10 a 13h.<\/li>\n<li>Tardes: dilluns i dimecres de 15.45 a 17.45h<\/li>\n<\/ul>\n<p>JUNY \/ JULIOL \/ SETEMBRE:<\/p>\n<ul>\n<li>De dilluns a divendres: de 10 a 13h<\/li>\n<\/ul>\n<p>Per qualsevol consulta,&hellip;  <a href=\"https:\/\/agora-eoi.xtec.cat\/eoireus\/secretaria\/horari\/\" title=\"Read Horari d&#8217;atenci\u00f3 al p\u00fablic\">Llegeix m\u00e9s\u00bb<\/a><\/p>\n","protected":false},"author":1,"featured_media":0,"parent":8358,"menu_order":10,"comment_status":"closed","ping_status":"closed","template":"page-templates\/side-menu.php","meta":{"_bbp_topic_count":0,"_bbp_reply_count":0,"_bbp_total_topic_count":0,"_bbp_total_reply_count":0,"_bbp_voice_count":0,"_bbp_anonymous_reply_count":0,"_bbp_topic_count_hidden":0,"_bbp_reply_count_hidden":0,"_bbp_forum_subforum_count":0,"footnotes":""},"class_list":["post-8366","page","type-page","status-publish","hentry"],"post_mailing_queue_ids":[],"_links":{"self":[{"href":"https:\/\/agora-eoi.xtec.cat\/eoireus\/wp-json\/wp\/v2\/pages\/8366","targetHints":{"allow":["GET"]}}],"collection":[{"href":"https:\/\/agora-eoi.xtec.cat\/eoireus\/wp-json\/wp\/v2\/pages"}],"about":[{"href":"https:\/\/agora-eoi.xtec.cat\/eoireus\/wp-json\/wp\/v2\/types\/page"}],"author":[{"embeddable":true,"href":"https:\/\/agora-eoi.xtec.cat\/eoireus\/wp-json\/wp\/v2\/users\/1"}],"replies":[{"embeddable":true,"href":"https:\/\/agora-eoi.xtec.cat\/eoireus\/wp-json\/wp\/v2\/comments?post=8366"}],"version-history":[{"count":6,"href":"https:\/\/agora-eoi.xtec.cat\/eoireus\/wp-json\/wp\/v2\/pages\/8366\/revisions"}],"predecessor-version":[{"id":10034,"href":"https:\/\/agora-eoi.xtec.cat\/eoireus\/wp-json\/wp\/v2\/pages\/8366\/revisions\/10034"}],"up":[{"embeddable":true,"href":"https:\/\/agora-eoi.xtec.cat\/eoireus\/wp-json\/wp\/v2\/pages\/8358"}],"wp:attachment":[{"href":"https:\/\/agora-eoi.xtec.cat\/eoireus\/wp-json\/wp\/v2\/media?parent=8366"}],"curies":[{"name":"wp","href":"https:\/\/api.w.org\/{rel}","templated":true}]}}