{"id":8195,"date":"2016-06-09T14:35:19","date_gmt":"2016-06-09T13:35:19","guid":{"rendered":"https:\/\/agora-eoi.xtec.cat\/eoireus\/?page_id=8195"},"modified":"2025-07-03T10:31:10","modified_gmt":"2025-07-03T08:31:10","slug":"frances","status":"publish","type":"page","link":"https:\/\/agora-eoi.xtec.cat\/eoireus\/frances\/","title":{"rendered":"Franc\u00e8s"},"content":{"rendered":"<p><a href=\"https:\/\/agora-eoi.xtec.cat\/eoireus\/wp-content\/uploads\/usu2224\/2016\/06\/Eiffel-Tower-96-1.png\" rel=\"attachment wp-att-8404\"><img loading=\"lazy\" decoding=\"async\" class=\"size-full wp-image-8404 alignright\" src=\"https:\/\/agora-eoi.xtec.cat\/eoireus\/wp-content\/uploads\/usu2224\/2016\/06\/Eiffel-Tower-96-1.png\" alt=\"Eiffel Tower-96 (1)\" width=\"96\" height=\"96\" \/><\/a><\/p>\n<p>En aquesta opci\u00f3 podreu trobar informaci\u00f3 sobre els estudis de <strong>FRANC\u00c8S<\/strong>:<\/p>\n<ul>\n<li><a href=\"https:\/\/agora-eoi.xtec.cat\/eoireus\/frances\/horaris\/\">Horaris<\/a><\/li>\n<li><a href=\"https:\/\/agora-eoi.xtec.cat\/eoireus\/frances\/horaris-datencio-professorat\/\">Horaris d\u2019atenci\u00f3 professorat<\/a><\/li>\n<li><a href=\"https:\/\/agora-eoi.xtec.cat\/eoireus\/frances\/llibres-i-lectura\/\">Llibres i lectures<\/a><\/li>\n<li><a href=\"https:\/\/agora-eoi.xtec.cat\/eoireus\/frances\/enllacos-dinteres\/\">Enlla\u00e7os d\u2019inter\u00e8s<\/a><\/li>\n<\/ul>\n","protected":false},"excerpt":{"rendered":"<p><a href=\"https:\/\/agora-eoi.xtec.cat\/eoireus\/wp-content\/uploads\/usu2224\/2016\/06\/Eiffel-Tower-96-1.png\" rel=\"attachment wp-att-8404\"><\/a><br \/>\nEn aquesta opci\u00f3 podreu trobar informaci\u00f3 sobre els estudis de FRANC\u00c8S:<\/p>\n<ul>\n<li><a href=\"https:\/\/agora-eoi.xtec.cat\/eoireus\/frances\/horaris\/\">Horaris<\/a><\/li>\n<li><a href=\"https:\/\/agora-eoi.xtec.cat\/eoireus\/frances\/horaris-datencio-professorat\/\">Horaris d\u2019atenci\u00f3 professorat<\/a><\/li>\n<li><a href=\"https:\/\/agora-eoi.xtec.cat\/eoireus\/frances\/llibres-i-lectura\/\">Llibres i lectures<\/a><\/li>\n<li><a href=\"https:\/\/agora-eoi.xtec.cat\/eoireus\/frances\/enllacos-dinteres\/\">Enlla\u00e7os d\u2019inter\u00e8s<\/a><\/li>\n<\/ul>\n","protected":false},"author":1,"featured_media":0,"parent":0,"menu_order":10,"comment_status":"closed","ping_status":"closed","template":"page-templates\/side-menu.php","meta":{"_bbp_topic_count":0,"_bbp_reply_count":0,"_bbp_total_topic_count":0,"_bbp_total_reply_count":0,"_bbp_voice_count":0,"_bbp_anonymous_reply_count":0,"_bbp_topic_count_hidden":0,"_bbp_reply_count_hidden":0,"_bbp_forum_subforum_count":0,"footnotes":""},"class_list":["post-8195","page","type-page","status-publish","hentry"],"post_mailing_queue_ids":[],"_links":{"self":[{"href":"https:\/\/agora-eoi.xtec.cat\/eoireus\/wp-json\/wp\/v2\/pages\/8195","targetHints":{"allow":["GET"]}}],"collection":[{"href":"https:\/\/agora-eoi.xtec.cat\/eoireus\/wp-json\/wp\/v2\/pages"}],"about":[{"href":"https:\/\/agora-eoi.xtec.cat\/eoireus\/wp-json\/wp\/v2\/types\/page"}],"author":[{"embeddable":true,"href":"https:\/\/agora-eoi.xtec.cat\/eoireus\/wp-json\/wp\/v2\/users\/1"}],"replies":[{"embeddable":true,"href":"https:\/\/agora-eoi.xtec.cat\/eoireus\/wp-json\/wp\/v2\/comments?post=8195"}],"version-history":[{"count":2,"href":"https:\/\/agora-eoi.xtec.cat\/eoireus\/wp-json\/wp\/v2\/pages\/8195\/revisions"}],"predecessor-version":[{"id":10148,"href":"https:\/\/agora-eoi.xtec.cat\/eoireus\/wp-json\/wp\/v2\/pages\/8195\/revisions\/10148"}],"wp:attachment":[{"href":"https:\/\/agora-eoi.xtec.cat\/eoireus\/wp-json\/wp\/v2\/media?parent=8195"}],"curies":[{"name":"wp","href":"https:\/\/api.w.org\/{rel}","templated":true}]}}