{"id":8170,"date":"2016-06-08T17:06:12","date_gmt":"2016-06-08T16:06:12","guid":{"rendered":"https:\/\/agora-eoi.xtec.cat\/eoireus\/?page_id=8170"},"modified":"2022-07-22T13:45:30","modified_gmt":"2022-07-22T11:45:30","slug":"candidats-lliures","status":"publish","type":"page","link":"https:\/\/agora-eoi.xtec.cat\/eoireus\/secretaria\/matricula\/candidats-lliures\/","title":{"rendered":"Candidats lliures"},"content":{"rendered":"<p><strong>Requisits<\/strong><\/p>\n<p>Per poder presentar-se a les proves cal acreditar la superaci\u00f3 del segon curs de l&#8217;educaci\u00f3 secund\u00e0ria obligat\u00f2ria o nivell equivalent, i tenir com a m\u00ednim quinze anys o complir-los durant l&#8217;any de la inscripci\u00f3 a la prova.<\/p>\n<p><strong>Convocat\u00f2ria ordin\u00e0ria<\/strong><\/p>\n<p>La inscripci\u00f3 en r\u00e8gim lliure d\u00f3na dret a una convocat\u00f2ria d&#8217;examen per a l&#8217;obtenci\u00f3 del certificat de nivell intermedi B1, del certificat de nivell intermedi B2 o del certificat de nivell avan\u00e7at C1. Les <a href=\"http:\/\/ensenyament.gencat.cat\/ca\/serveis-tramits\/proves\/proves-lliures-obtencio-titols\/convocat-ordinaria-idiomes\/\" target=\"_blank\" rel=\"noopener\">proves lliures<\/a> per a totes les lleng\u00fces i certificats tenen lloc durant el mes de juny. La inscripci\u00f3 t\u00e9 lloc a finals de febrer. Les dates i condicions de la inscripci\u00f3 per als candidats lliures es publiquen el desembre de l&#8217;any anterior.<\/p>\n<p><strong>Convocat\u00f2ria extraordin\u00e0ria<\/strong><\/p>\n<p>Per tal de poder atendre la demanda de certificacions d&#8217;angl\u00e8s, les EOI tamb\u00e9 ofereixen una <a href=\"http:\/\/ensenyament.gencat.cat\/ca\/serveis-tramits\/proves\/proves-lliures-obtencio-titols\/convocat-extraord-idiomes\/\" target=\"_blank\" rel=\"noopener\">convocat\u00f2ria extraordin\u00e0ria<\/a> al mes de febrer. La inscripci\u00f3 t\u00e9 lloc a finals de novembre de l&#8217;any anterior.<\/p>\n","protected":false},"excerpt":{"rendered":"<p>Requisits<br \/>\nPer poder presentar-se a les proves cal acreditar la superaci\u00f3 del segon curs de l&#8217;educaci\u00f3 secund\u00e0ria obligat\u00f2ria o nivell equivalent, i tenir com a m\u00ednim quinze anys o complir-los durant l&#8217;any de la inscripci\u00f3 a la prova.<br \/>\nConvocat\u00f2ria ordin\u00e0ria<br \/>\nLa inscripci\u00f3 en r\u00e8gim lliure d\u00f3na dret a&hellip;  <a href=\"https:\/\/agora-eoi.xtec.cat\/eoireus\/secretaria\/matricula\/candidats-lliures\/\" title=\"Read Candidats lliures\">Llegeix m\u00e9s\u00bb<\/a><\/p>\n","protected":false},"author":1,"featured_media":0,"parent":8161,"menu_order":30,"comment_status":"closed","ping_status":"closed","template":"page-templates\/side-menu.php","meta":{"_bbp_topic_count":0,"_bbp_reply_count":0,"_bbp_total_topic_count":0,"_bbp_total_reply_count":0,"_bbp_voice_count":0,"_bbp_anonymous_reply_count":0,"_bbp_topic_count_hidden":0,"_bbp_reply_count_hidden":0,"_bbp_forum_subforum_count":0,"footnotes":""},"class_list":["post-8170","page","type-page","status-publish","hentry"],"post_mailing_queue_ids":[],"_links":{"self":[{"href":"https:\/\/agora-eoi.xtec.cat\/eoireus\/wp-json\/wp\/v2\/pages\/8170","targetHints":{"allow":["GET"]}}],"collection":[{"href":"https:\/\/agora-eoi.xtec.cat\/eoireus\/wp-json\/wp\/v2\/pages"}],"about":[{"href":"https:\/\/agora-eoi.xtec.cat\/eoireus\/wp-json\/wp\/v2\/types\/page"}],"author":[{"embeddable":true,"href":"https:\/\/agora-eoi.xtec.cat\/eoireus\/wp-json\/wp\/v2\/users\/1"}],"replies":[{"embeddable":true,"href":"https:\/\/agora-eoi.xtec.cat\/eoireus\/wp-json\/wp\/v2\/comments?post=8170"}],"version-history":[{"count":1,"href":"https:\/\/agora-eoi.xtec.cat\/eoireus\/wp-json\/wp\/v2\/pages\/8170\/revisions"}],"predecessor-version":[{"id":8950,"href":"https:\/\/agora-eoi.xtec.cat\/eoireus\/wp-json\/wp\/v2\/pages\/8170\/revisions\/8950"}],"up":[{"embeddable":true,"href":"https:\/\/agora-eoi.xtec.cat\/eoireus\/wp-json\/wp\/v2\/pages\/8161"}],"wp:attachment":[{"href":"https:\/\/agora-eoi.xtec.cat\/eoireus\/wp-json\/wp\/v2\/media?parent=8170"}],"curies":[{"name":"wp","href":"https:\/\/api.w.org\/{rel}","templated":true}]}}