{"id":8166,"date":"2016-06-08T17:01:17","date_gmt":"2016-06-08T16:01:17","guid":{"rendered":"https:\/\/agora-eoi.xtec.cat\/eoireus\/?page_id=8166"},"modified":"2025-09-23T12:22:07","modified_gmt":"2025-09-23T10:22:07","slug":"alumnes-nous","status":"publish","type":"page","link":"https:\/\/agora-eoi.xtec.cat\/eoireus\/secretaria\/matricula\/alumnes-nous\/","title":{"rendered":"Nous alumnes"},"content":{"rendered":"<p><img loading=\"lazy\" decoding=\"async\" class=\"alignright size-full wp-image-8946\" src=\"https:\/\/agora-eoi.xtec.cat\/eoireus\/wp-content\/uploads\/usu2224\/2022\/07\/nousalumnes.jpg\" alt=\"\" width=\"73\" height=\"110\" \/>La preinscripci\u00f3 per al curs 2025-2026 es realitzar\u00e0 de l&#8217;<strong>1 a les 12h al 8 de setembre de 2025 <\/strong>(fins les 15h). M\u00e9s <a href=\"https:\/\/preinscripcio.gencat.cat\/ca\/estudis\/idiomes-eoi\/inici\/\" target=\"_blank\" rel=\"noopener\">informaci\u00f3<\/a>.<\/p>\n<p><strong>Formalitzaci\u00f3 de la matr\u00edcula<\/strong><\/p>\n<p>La matr\u00edcula de l&#8217;alumnat <strong>adm\u00e8s<\/strong> es fa a trav\u00e9s de <a href=\"https:\/\/www.eoidigital.com\/eoicat\/alumnes\/principal.php?I=C\" target=\"_blank\" rel=\"noopener\">l&#8217;aplicatiu<\/a>.\u00a0Recordeu que el pagament de la matr\u00edcula s&#8217;ha de fer efectiu en el termini de 24 hores a Caixabank. El pagament es podr\u00e0 fer en l\u00ednia des del mateix aplicatiu de matr\u00edcula.\u00a0NO pagueu per finestreta per evitar comissions innecess\u00e0ries.<\/p>\n<p><span class=\"wf_file_text\"><a href=\"https:\/\/drive.google.com\/file\/d\/1QiptcL_u6yXyNu2-KjHiNg5Ad6E3cnY-\/view?usp=drive_link\" target=\"_blank\" rel=\"noopener\">PREUS P\u00daBLICS<\/a> (A1, A2, C1, C2)<br \/>\n<\/span><\/p>\n<p><a href=\"https:\/\/drive.google.com\/file\/d\/1MHqfn3imXVmm2Z7FCHsl_j4XJM6aS7U2\/view?usp=sharing\" target=\"_blank\" rel=\"noopener\">TAXES<\/a> (B1, B2.1, B2.2)<\/p>\n<p>A totes les EOI de Catalunya, a la taxa o preu p\u00fablic de matr\u00edcula oficial se li ha d&#8217;afegir el preu p\u00fablic pel servei de plataforma i material did\u00e0ctic de 30\u20ac segons recull l&#8217;Ordre <a href=\"https:\/\/portaldogc.gencat.cat\/utilsEADOP\/PDF\/8420\/1854031.pdf\" target=\"_blank\" rel=\"noopener\">EDU\/114\/2021<\/a> que modifica l&#8217;Ordre <a href=\"https:\/\/portaldogc.gencat.cat\/utilsEADOP\/PDF\/8230\/1813076.pdf\" target=\"_blank\" rel=\"noopener\">EDU\/155\/2020<\/a>.<\/p>\n<p>Podeu consultar la normativa referent a les convocat\u00f2ries permeses per curs a l&#8217;apartat <a href=\"https:\/\/agora-eoi.xtec.cat\/eoireus\/secretaria\/tramits\/convocatoria-addicional\/\">Convocat\u00f2ria addicional<\/a>.<\/p>\n<p><strong>Requisits<\/strong><\/p>\n<ul>\n<li>Per accedir als ensenyaments d&#8217;idiomes de les Escoles Oficials d&#8217;Idiomes \u00e9s requisit imprescindible tenir 16 anys complerts l&#8217;any en qu\u00e8 es comencin els estudis.<\/li>\n<li>A partir dels 14 anys (complerts l&#8217;any en que es comencin els estudis) tamb\u00e9 es pot estudiar un idioma diferent del cursat com a primera llengua estrangera a l&#8217;ESO.<\/li>\n<li>Es pot optar per la matr\u00edcula oficial o per la inscripci\u00f3 en r\u00e8gim lliure. La matr\u00edcula oficial d\u00f3na dret a assistir a classe (130 hores per curs) i als ex\u00e0mens corresponents.<\/li>\n<\/ul>\n<h4>TEST DE NIVELL<\/h4>\n<hr \/>\n<p><img loading=\"lazy\" decoding=\"async\" class=\"alignright size-full wp-image-8947\" src=\"https:\/\/agora-eoi.xtec.cat\/eoireus\/wp-content\/uploads\/usu2224\/2022\/07\/test1.jpg\" alt=\"\" width=\"110\" height=\"43\" \/>Per a accedir al centre per primera vegada com a alumne oficial, es podr\u00e0 optar a un curs superior a A1 (A2, B1, B2.1 i B2.2 o C1) mitjan\u00e7ant la realitzaci\u00f3 d&#8217;una prova de nivell en l\u00ednia<strong>*<\/strong>. Cas que l&#8217;alumne\/a no obtingui el nivell m\u00ednim d&#8217;A2 en el test de nivell se li assignar\u00e0 el nivell d&#8217;A1.<\/p>\n<p>El resultat del test de nivell tindr\u00e0 valor exclusivament de classificaci\u00f3 a efectes de formalitzar la matr\u00edcula, per\u00f2 no s&#8217;incorporar\u00e0 a l&#8217;expedient acad\u00e8mic. Aquesta classificaci\u00f3 \u00e9s v\u00e0lida per a qualsevol EOI de Catalunya, per\u00f2 nom\u00e9s tindr\u00e0 validesa per l&#8217;any acad\u00e8mic per al qual es fa el test de nivell.<\/p>\n<p><strong>NOTA IMPORTANT:<\/strong><strong> Per fer el test de nivell \u00e9s imprescindible marcar l&#8217;opci\u00f3 &#8220;test de nivell&#8221; en fer la preinscripci\u00f3<\/strong>.<\/p>\n<p><em>*Excepte l&#8217;alumnat que vulgui fer un curs de catal\u00e0. En aquest cas, el test de nivell ser\u00e0 presencial en les dates establertes per l&#8217;EOI de Reus durant el per\u00edode de matr\u00edcula del setembre. Pel curs 2025-26, la data pel test de nivell de catal\u00e0 ser\u00e0 el dia <strong>9 de setembre a les 16.30h de la tard<\/strong>a.\u00a0<\/em><\/p>\n<p>_________________<\/p>\n<p>El test de nivell en l\u00ednia per a alemany, angl\u00e8s i franc\u00e8s consisteix en un test de preguntes d&#8217;opci\u00f3 m\u00faltiple repartides en tres blocs de preguntes.<\/p>\n<ul>\n<li>El primer bloc avalua l&#8217;\u00fas de la llengua, el segon i el tercer bloc avaluen l&#8217;\u00fas de la llengua i la comprensi\u00f3 oral. La dificultat de les preguntes augmenta progressivament. El tercer bloc, a m\u00e9s, avalua l&#8217;expressi\u00f3 escrita.<\/li>\n<li>En acabar cada bloc els alumnes coneixeran el curs al qual han estat assignats i, segons el resultat obtingut, se&#8217;ls permetr\u00e0 continuar al bloc seg\u00fcent, si \u00e9s el cas. L&#8217;alumnat al qual se li ofereixi la possibilitat de continuar al bloc seg\u00fcent, podr\u00e0 rebutjar-ho i quedar-se amb l&#8217;assignaci\u00f3 obtinguda al bloc anterior, si aix\u00ed ho vol.<\/li>\n<li>La durada del primer bloc \u00e9s de 45 minuts, la del segon bloc \u00e9s de 30 minuts i la del tercer \u00e9s de 35 minuts.<\/li>\n<\/ul>\n<p>El test de nivell en l\u00ednia es podr\u00e0 realitzar del dia 1 al 10 de setembre de 2025, a l&#8217;aplicatiu de preinscripci\u00f3. M\u00e9s <a href=\"https:\/\/preinscripcio.gencat.cat\/ca\/estudis\/idiomes-eoi\/informat\/test-nivell-a2-c1\/\" target=\"_blank\" rel=\"noopener\">INFORMACI\u00d3<\/a>.<\/p>\n<p>&nbsp;<\/p>\n<h4>CONVOCAT\u00d2RIA ADDICIONAL<\/h4>\n<hr \/>\n<p><img loading=\"lazy\" decoding=\"async\" class=\"alignright wp-image-8939 size-full\" src=\"https:\/\/agora-eoi.xtec.cat\/eoireus\/wp-content\/uploads\/usu2224\/2022\/07\/addicional.jpg\" alt=\"\" width=\"110\" height=\"83\" \/><\/p>\n<p>Dins de cada nivell &#8211;b\u00e0sic, intermedi, i avan\u00e7at &#8211;, l&#8217;alumnat t\u00e9 dret a romandre matriculat en el r\u00e8gim d&#8217;ensenyament oficial, modalitat presencial, durant un m\u00e0xim de cursos acad\u00e8mics equivalents al doble dels ordenats per al nivell per a l&#8217;idioma corresponent.<\/p>\n<p>L&#8217;alumne\/a que cursa per tercera vegada el primer curs del nivell b\u00e0sic o que cursa per tercera vegada el primer curs de nivell avan\u00e7at i no el supera, no pot tornar a cursar aquest curs una altra vegada.<\/p>\n<p>Per cursar per tercera vegada un curs de qualsevol nivell (d&#8217;A1 a C2), l\u2019alumne\/a ha de demanar-ho a la direcci\u00f3 de l\u2019escola, que valorar\u00e0 les circumst\u00e0ncies al\u00b7legades per l\u2019alumne\/a en la sol\u00b7licitud i, el proc\u00e9s d\u2019aprenentatge seguit per l\u2019alumne\/a al llarg dels dos cursos realitzats. L&#8217;alumne\/a que accedeix directament a segon curs del nivell b\u00e0sic o a segon curs de nivell avan\u00e7at, el pot cursar un m\u00e0xim de dues vegades.<\/p>\n<p>En casos <strong>excepcionals<\/strong> a valorar per la direcci\u00f3 de l&#8217;escola, i sempre que no representi fer el mateix curs per quarta vegada, la direcci\u00f3 podr\u00e0 autoritzar la repetici\u00f3 o perman\u00e8ncia d&#8217;un curs m\u00e9s en r\u00e8gim oficial presencial a l&#8217;alumnat que ho sol\u00b7liciti quan ja hagi superat el nombre m\u00e0xim de cursos de perman\u00e8ncia autoritzats amb car\u00e0cter general per al nivell corresponent.<\/p>\n<p>Es podr\u00e0 concedir una \u00fanica convocat\u00f2ria addicional <strong>per nivell<\/strong>.<\/p>\n<p>La <a href=\"https:\/\/drive.google.com\/file\/d\/1mjj1XFxX3SAiRFIUFLe-Yui7m7sOfVUv\/view\" target=\"_blank\" rel=\"noopener\">sol\u00b7licitud<\/a> corresponent es presentar\u00e0 a secretaria. El termini de presentaci\u00f3 de la sol.licitud ser\u00e0 abans del per\u00edode de matr\u00edcula. La direcci\u00f3 de l&#8217;escola resoldr\u00e0 la sol.licitud considerant l&#8217;expedient i les circumst\u00e0ncies de l&#8217;alumne.<\/p>\n<p>En cas que es concedeixi, l&#8217;alumne\/a es matricular\u00e0 despr\u00e9s dels alumnes oficials i just abans dels nous alumnes.\u00a0Si no es concedeix la convocatoria addicional o b\u00e9 l&#8217;alumne\/a opta per no sol\u00b7licitar-la, sempre podr\u00e0 si aix\u00ed ho decideix, examinar-se en <strong>r\u00e8gim lliure<\/strong> de les proves de certificat del nivell intermedi i\/o avan\u00e7at.<\/p>\n","protected":false},"excerpt":{"rendered":"<p>La preinscripci\u00f3 per al curs 2025-2026 es realitzar\u00e0 de l&#8217;1 a les 12h al 8 de setembre de 2025 (fins les 15h). M\u00e9s <a href=\"https:\/\/preinscripcio.gencat.cat\/ca\/estudis\/idiomes-eoi\/inici\/\" target=\"_blank\" rel=\"noopener\">informaci\u00f3<\/a>.<br \/>\nFormalitzaci\u00f3 de la matr\u00edcula<br \/>\nLa matr\u00edcula de l&#8217;alumnat adm\u00e8s es fa a trav\u00e9s de <a href=\"https:\/\/www.eoidigital.com\/eoicat\/alumnes\/principal.php?I=C\" target=\"_blank\" rel=\"noopener\">l&#8217;aplicatiu<\/a>.\u00a0Recordeu que el&hellip;  <a href=\"https:\/\/agora-eoi.xtec.cat\/eoireus\/secretaria\/matricula\/alumnes-nous\/\" title=\"Read Nous alumnes\">Llegeix m\u00e9s\u00bb<\/a><\/p>\n","protected":false},"author":1,"featured_media":0,"parent":8161,"menu_order":20,"comment_status":"closed","ping_status":"closed","template":"page-templates\/side-menu.php","meta":{"_bbp_topic_count":0,"_bbp_reply_count":0,"_bbp_total_topic_count":0,"_bbp_total_reply_count":0,"_bbp_voice_count":0,"_bbp_anonymous_reply_count":0,"_bbp_topic_count_hidden":0,"_bbp_reply_count_hidden":0,"_bbp_forum_subforum_count":0,"footnotes":""},"class_list":["post-8166","page","type-page","status-publish","hentry"],"post_mailing_queue_ids":[],"_links":{"self":[{"href":"https:\/\/agora-eoi.xtec.cat\/eoireus\/wp-json\/wp\/v2\/pages\/8166","targetHints":{"allow":["GET"]}}],"collection":[{"href":"https:\/\/agora-eoi.xtec.cat\/eoireus\/wp-json\/wp\/v2\/pages"}],"about":[{"href":"https:\/\/agora-eoi.xtec.cat\/eoireus\/wp-json\/wp\/v2\/types\/page"}],"author":[{"embeddable":true,"href":"https:\/\/agora-eoi.xtec.cat\/eoireus\/wp-json\/wp\/v2\/users\/1"}],"replies":[{"embeddable":true,"href":"https:\/\/agora-eoi.xtec.cat\/eoireus\/wp-json\/wp\/v2\/comments?post=8166"}],"version-history":[{"count":7,"href":"https:\/\/agora-eoi.xtec.cat\/eoireus\/wp-json\/wp\/v2\/pages\/8166\/revisions"}],"predecessor-version":[{"id":10221,"href":"https:\/\/agora-eoi.xtec.cat\/eoireus\/wp-json\/wp\/v2\/pages\/8166\/revisions\/10221"}],"up":[{"embeddable":true,"href":"https:\/\/agora-eoi.xtec.cat\/eoireus\/wp-json\/wp\/v2\/pages\/8161"}],"wp:attachment":[{"href":"https:\/\/agora-eoi.xtec.cat\/eoireus\/wp-json\/wp\/v2\/media?parent=8166"}],"curies":[{"name":"wp","href":"https:\/\/api.w.org\/{rel}","templated":true}]}}