{"id":8164,"date":"2016-06-08T17:00:04","date_gmt":"2016-06-08T16:00:04","guid":{"rendered":"https:\/\/agora-eoi.xtec.cat\/eoireus\/?page_id=8164"},"modified":"2025-09-23T12:20:47","modified_gmt":"2025-09-23T10:20:47","slug":"alumnes-oficials","status":"publish","type":"page","link":"https:\/\/agora-eoi.xtec.cat\/eoireus\/secretaria\/matricula\/alumnes-oficials\/","title":{"rendered":"Antics alumnes"},"content":{"rendered":"<h4>MATR\u00cdCULA ALUMNES OFICIALS CURS 2025-2026<\/h4>\n<hr \/>\n<h5><strong><img loading=\"lazy\" decoding=\"async\" class=\"alignright size-full wp-image-8938\" src=\"https:\/\/agora-eoi.xtec.cat\/eoireus\/wp-content\/uploads\/usu2224\/2022\/07\/matricula-2.jpg\" alt=\"\" width=\"100\" height=\"118\" \/>De l&#8217;1 al 7 de juliol (Nom\u00e9s per a alumnat oficial)<\/strong><\/h5>\n<ul style=\"list-style-type: square;\">\n<li>Es consideren oficials els alumnes que han fet els seus estudis a l&#8217;EOI de Reus durant el curs 2024-2025.<\/li>\n<li>La matr\u00edcula de l&#8217;alumnat <strong>de nivell A1 a nivell C2<\/strong> es realitzar\u00e0 de manera telem\u00e0tica durant el mes de juliol.<\/li>\n<\/ul>\n<p><em>*La preinscripci\u00f3 de l&#8217;alumnat que vulgui fer C2 d&#8217;angl\u00e8s ser\u00e0 de l&#8217;1 al 8 de setembre.<\/em><\/p>\n<p><strong>ATENCI\u00d3<\/strong>: Aquells alumnes oficials que NO es matriculin dintre d&#8217;aquests terminis de juliol, perdran l&#8217;oficialitat.\u00a0En cas que un alumne\/a perd\u00e9s l&#8217;oficialitat i volgu\u00e9s tornar a ser alumne de l&#8217;EOI, hauria de tornar a passar pel proc\u00e9s de preinscripci\u00f3 al setembre i posterior sorteig.<\/p>\n<p>L&#8217;EOI de Reus dur\u00e0 a terme la matr\u00edcula\u00a0<strong>via telem\u00e0tica<\/strong>,\u00a0entre els dies\u00a0<strong>1 i 7 de juliol<\/strong>, seguint\u00a0aquestes <a href=\"https:\/\/drive.google.com\/file\/d\/1yBrZ0SmFHe9q8PmxRmFAM6oAwzg4kDfQ\/view?usp=sharing\" target=\"_blank\" rel=\"noopener\">pautes i calendari<\/a>.<\/p>\n<p>Un cop entreu a\u00a0<a href=\"https:\/\/www.informaticacentros.com\/centrosnet\/ultralogin.php?tcentro=EOI&amp;centro=T02\" target=\"_blank\" rel=\"noopener\">CENTROSNET<\/a>:<\/p>\n<p><strong>1) <\/strong>Introduiu l&#8217;USUARI: data de naixement\/, la CONTRASENYA: DNI (sense lletra) i la contrasenya personal que vau crear el curs passat.<br \/>\n<strong>2) <\/strong>Escolliu el grup al que us voleu matricular. Si volgu\u00e9ssiu canviar de franja d&#8217;horari, heu d&#8217;esperar als dies 3 i 4 de juliol.<\/p>\n<ul>\n<li>Recordeu que el pagament s&#8217;ha de fer efectiu en el termini de 24 hores a <a href=\"https:\/\/www.caixabank.cat\/particular\/pagos\/impuestosrecibosmatriculas_ca.html\" target=\"_blank\" rel=\"noopener\">La Caixa<\/a>. Podeu pagar en l\u00ednia amb un enlla\u00e7 que trobareu al mateix aplicatiu de matr\u00edcula. NO pagueu per finestreta per evitar comissions innecess\u00e0ries.<\/li>\n<li>A totes les EOI de Catalunya, a la taxa o preu p\u00fablic de matr\u00edcula oficial se li ha d&#8217;afegir el preu p\u00fablic per plataforma i material did\u00e0ctic de 30\u20ac segons recull l&#8217;Ordre <a href=\"https:\/\/portaldogc.gencat.cat\/utilsEADOP\/PDF\/8420\/1854031.pdf\" target=\"_blank\" rel=\"noopener\">EDU\/114\/2021<\/a> que modifica l&#8217;Ordre <a href=\"https:\/\/portaldogc.gencat.cat\/utilsEADOP\/PDF\/8230\/1813076.pdf\" target=\"_blank\" rel=\"noopener\">EDU\/155\/2020<\/a>.<\/li>\n<li>Podeu consultar la normativa referent a les convocat\u00f2ries permeses per curs a l&#8217;apartat <a href=\"https:\/\/agora-eoi.xtec.cat\/eoireus\/secretaria\/tramits\/convocatoria-addicional\/\">Convocat\u00f2ria addicional<\/a>.<\/li>\n<li><span class=\"wf_file_text\"><a href=\"https:\/\/drive.google.com\/file\/d\/1QiptcL_u6yXyNu2-KjHiNg5Ad6E3cnY-\/view?usp=sharing\" target=\"_blank\" rel=\"noopener\">PREUS P\u00daBLICS<\/a> (A1, A2, C1, C2)<\/span><\/li>\n<li><a href=\"https:\/\/drive.google.com\/file\/d\/1MHqfn3imXVmm2Z7FCHsl_j4XJM6aS7U2\/view?usp=sharing\" target=\"_blank\" rel=\"noopener\">TAXES<\/a> <span class=\"wf_file_text\">(B1, B2.1, B2.2)<\/span><\/li>\n<\/ul>\n<h4>CONVOCAT\u00d2RIA ADDICIONAL<\/h4>\n<hr \/>\n<figure class=\"figure wp-caption alignright\"><img loading=\"lazy\" decoding=\"async\" class=\"size-full wp-image-8939\" src=\"https:\/\/agora-eoi.xtec.cat\/eoireus\/wp-content\/uploads\/usu2224\/2022\/07\/addicional.jpg\" alt=\"\" width=\"110\" height=\"83\" \/><figcaption class=\"wp-caption-text\">The questionnaire. 3d<\/figcaption><\/figure>\n<p>Dins de cada nivell &#8211;b\u00e0sic, intermedi, i avan\u00e7at &#8211;, l&#8217;alumnat t\u00e9 dret a romandre matriculat en el r\u00e8gim d&#8217;ensenyament oficial, modalitat presencial, durant un m\u00e0xim de cursos acad\u00e8mics equivalents al doble dels ordenats per al nivell per a l&#8217;idioma corresponent.<\/p>\n<p>L&#8217;alumne\/a que cursa per tercera vegada el primer curs del nivell b\u00e0sic o que cursa per tercera vegada el primer curs de nivell avan\u00e7at i no el supera, no pot tornar a cursar aquest curs una altra vegada.<\/p>\n<p>Per cursar per tercera vegada un curs de qualsevol nivell (d&#8217;A1 a C2), l\u2019alumne\/a ha de demanar-ho a la direcci\u00f3 de l\u2019escola, que valorar\u00e0 les circumst\u00e0ncies al\u00b7legades per l\u2019alumne\/a en la sol\u00b7licitud i, el proc\u00e9s d\u2019aprenentatge seguit per l\u2019alumne\/a al llarg dels dos cursos realitzats. L&#8217;alumne\/a que accedeix directament a segon curs del nivell b\u00e0sic o a segon curs de nivell avan\u00e7at, el pot cursar un m\u00e0xim de dues vegades.<\/p>\n<p>En casos <strong>excepcionals<\/strong> a valorar per la direcci\u00f3 de l&#8217;escola, i sempre que no representi fer el mateix curs per quarta vegada, la direcci\u00f3 podr\u00e0 autoritzar la repetici\u00f3 o perman\u00e8ncia d&#8217;un curs m\u00e9s en r\u00e8gim oficial presencial a l&#8217;alumnat que ho sol\u00b7liciti quan ja hagi superat el nombre m\u00e0xim de cursos de perman\u00e8ncia autoritzats amb car\u00e0cter general per al nivell corresponent.<\/p>\n<p>Es podr\u00e0 concedir una \u00fanica convocat\u00f2ria addicional <strong>per nivell<\/strong>.<\/p>\n<p>La <a href=\"https:\/\/drive.google.com\/file\/d\/1mjj1XFxX3SAiRFIUFLe-Yui7m7sOfVUv\/view\" target=\"_blank\" rel=\"noopener\">sol\u00b7licitud<\/a> corresponent es presentar\u00e0 a secretaria. El termini de presentaci\u00f3 de la sol.licitud ser\u00e0 abans del per\u00edode de matr\u00edcula.\u00a0La direcci\u00f3 de l&#8217;escola resoldr\u00e0 la sol.licitud considerant l&#8217;expedient i les circumst\u00e0ncies de l&#8217;alumne.<\/p>\n<p>En cas que es concedeixi, l&#8217;alumne\/a es matricular\u00e0 despr\u00e9s dels alumnes oficials i just abans dels nous alumnes.\u00a0Si no es concedeix la convocatoria addicional o b\u00e9 l&#8217;alumne\/a opta per no sol\u00b7licitar-la, sempre podr\u00e0 si aix\u00ed ho decideix, examinar-se en <strong>r\u00e8gim lliure<\/strong> de les proves de certificat del nivell intermedi i\/o avan\u00e7at.<\/p>\n","protected":false},"excerpt":{"rendered":"<p>MATR\u00cdCULA ALUMNES OFICIALS CURS 2025-2026<\/p>\n<p>De l&#8217;1 al 7 de juliol (Nom\u00e9s per a alumnat oficial)<\/p>\n<ul style=\"list-style-type: square;\">\n<li>Es consideren oficials els alumnes que han fet els seus estudis a l&#8217;EOI de Reus durant el curs 2024-2025.<\/li>\n<li>La matr\u00edcula de l&#8217;alumnat de nivell A1 a nivell C2 es&hellip;  <a href=\"https:\/\/agora-eoi.xtec.cat\/eoireus\/secretaria\/matricula\/alumnes-oficials\/\" title=\"Read Antics alumnes\">Llegeix m\u00e9s\u00bb<\/a><br \/>\n","protected":false},"author":1,"featured_media":0,"parent":8161,"menu_order":10,"comment_status":"closed","ping_status":"closed","template":"page-templates\/side-menu.php","meta":{"_bbp_topic_count":0,"_bbp_reply_count":0,"_bbp_total_topic_count":0,"_bbp_total_reply_count":0,"_bbp_voice_count":0,"_bbp_anonymous_reply_count":0,"_bbp_topic_count_hidden":0,"_bbp_reply_count_hidden":0,"_bbp_forum_subforum_count":0,"footnotes":""},"class_list":["post-8164","page","type-page","status-publish","hentry"],"post_mailing_queue_ids":[],"_links":{"self":[{"href":"https:\/\/agora-eoi.xtec.cat\/eoireus\/wp-json\/wp\/v2\/pages\/8164","targetHints":{"allow":["GET"]}}],"collection":[{"href":"https:\/\/agora-eoi.xtec.cat\/eoireus\/wp-json\/wp\/v2\/pages"}],"about":[{"href":"https:\/\/agora-eoi.xtec.cat\/eoireus\/wp-json\/wp\/v2\/types\/page"}],"author":[{"embeddable":true,"href":"https:\/\/agora-eoi.xtec.cat\/eoireus\/wp-json\/wp\/v2\/users\/1"}],"replies":[{"embeddable":true,"href":"https:\/\/agora-eoi.xtec.cat\/eoireus\/wp-json\/wp\/v2\/comments?post=8164"}],"version-history":[{"count":7,"href":"https:\/\/agora-eoi.xtec.cat\/eoireus\/wp-json\/wp\/v2\/pages\/8164\/revisions"}],"predecessor-version":[{"id":10220,"href":"https:\/\/agora-eoi.xtec.cat\/eoireus\/wp-json\/wp\/v2\/pages\/8164\/revisions\/10220"}],"up":[{"embeddable":true,"href":"https:\/\/agora-eoi.xtec.cat\/eoireus\/wp-json\/wp\/v2\/pages\/8161"}],"wp:attachment":[{"href":"https:\/\/agora-eoi.xtec.cat\/eoireus\/wp-json\/wp\/v2\/media?parent=8164"}],"curies":[{"name":"wp","href":"https:\/\/api.w.org\/{rel}","templated":true}]}}