{"id":8151,"date":"2016-06-08T16:42:13","date_gmt":"2016-06-08T15:42:13","guid":{"rendered":"https:\/\/agora-eoi.xtec.cat\/eoireus\/?page_id=8151"},"modified":"2025-07-11T12:21:48","modified_gmt":"2025-07-11T10:21:48","slug":"cursos-oficials","status":"publish","type":"page","link":"https:\/\/agora-eoi.xtec.cat\/eoireus\/cursos\/cursos-oficials\/","title":{"rendered":"Cursos Oficials"},"content":{"rendered":"<h5><span style=\"color: #000000;\"><strong>DURADA DEL CURS<\/strong><\/span><\/h5>\n<p><span style=\"color: #000000;\">En aquesta EOI s&#8217;imparteixen els idiomes d&#8217;<strong>alemany,<\/strong> <strong>angl\u00e8s, catal\u00e0<\/strong> i<strong> franc\u00e8s <\/strong>en la modalitat de cursos extensius presencials i semipresencials. <\/span><span style=\"color: #000000;\"><strong>La matr\u00edcula oficial<\/strong> d\u00f3na dret a assistir com a m\u00ednim a <strong>130 hores de classe<\/strong> per curs i als ex\u00e0mens corresponents*.<\/span><\/p>\n<p><span style=\"color: #000000;\">L&#8217;EOI de Reus imparteix <strong>els cursos oficials extensius en horari altern<\/strong>, classes de 2h 15m en dies alterns (dilluns i dimecres o dimarts i dijous). Tamb\u00e9 oferim <strong>cursos semipresencials<\/strong> dels nivells B2.1, B2.2 i C1 d&#8217;angl\u00e8s, amb una sola sessi\u00f3 setmanal. <\/span>Els cursos de catal\u00e0 de nivell C2 s\u00f3n exclusivament semipresencials.<\/p>\n<h5><span style=\"color: #000000;\"><strong>HORARI DE CLASSE<\/strong><\/span><\/h5>\n<p><span style=\"color: #000000;\">La franja hor\u00e0ria de classe \u00e9s de 9.15h. a 11.35h. pel mat\u00ed i 16.00h a 21.00h. per la tarda. <\/span><span style=\"color: #000000;\">La tria de l\u2019horari de classe es fa en el moment de formalitzar la matr\u00edcula.<\/span><\/p>\n<h5><span style=\"color: #000000;\"><strong>PROGRAMA D&#8217;ESTUDIS<\/strong><\/span><\/h5>\n<p><span style=\"color: #000000;\">La LOE (Llei Org\u00e0nica d\u2019Educaci\u00f3 2\/2006, de 3 de maig) estableix una ordenaci\u00f3 del programa d\u2019estudis de les escoles oficials d\u2019idiomes, que queda dividit en tres nivells, que corresponen als nivells definits en el MECR (Marc europeu com\u00fa de refer\u00e8ncia per a les lleng\u00fces).<\/span><\/p>\n<p><span style=\"color: #000000;\">Els ensenyaments especialitzats d&#8217;idiomes s&#8217;imparteixen en 8 cursos:<\/span><\/p>\n<ul>\n<li><span style=\"color: #000000;\"><strong>Nivell B\u00e0sic:<\/strong> de 2 cursos (1r i 2n nivell)<\/span><\/li>\n<li><span style=\"color: #000000;\"><strong>Nivell Intermedi B1<\/strong><strong>:<\/strong>\u00a0d&#8217;1 curs (3r nivell)<\/span><\/li>\n<li><span style=\"color: #000000;\"><strong>Nivell Intermedi B2<\/strong><strong>:<\/strong>\u00a0de 2 cursos (4t i 5\u00e8 nivell)<\/span><\/li>\n<li><span style=\"color: #000000;\"><strong>Nivell\u00a0<strong>Avan\u00e7at <\/strong>C1:<\/strong> d&#8217;1 curs<\/span><\/li>\n<li><strong>Nivell\u00a0<strong style=\"color: #000000;\"><strong>Avan\u00e7at <\/strong><\/strong>C2:<\/strong> de 2 cursos (C2.1 i C2.2) &#8211; excepte pel catal\u00e0 (1 curs)<\/li>\n<\/ul>\n<table style=\"width: 38.003%; height: 264px;\" border=\"1\" cellspacing=\"1\" cellpadding=\"1\">\n<tbody>\n<tr style=\"height: 33px;\">\n<td style=\"height: 33px;\"><span style=\"color: #000000;\"><strong>CURSOS<\/strong><\/span><\/td>\n<td style=\"height: 33px;\"><span style=\"color: #000000;\"><strong>NIVELL<\/strong><\/span><\/td>\n<td style=\"height: 33px;\"><span style=\"color: #000000;\"><strong>EQUIVAL\u00c8NCIA MECR<\/strong><\/span><\/td>\n<\/tr>\n<tr style=\"height: 33px;\">\n<td style=\"height: 33px;\"><span style=\"color: #000000;\">1r<\/span><\/td>\n<td style=\"height: 66px;\" rowspan=\"2\"><span style=\"color: #000000;\">NIVELL B\u00c0SIC<\/span><\/td>\n<td style=\"height: 33px;\"><span style=\"color: #000000;\">A1<\/span><\/td>\n<\/tr>\n<tr style=\"height: 33px;\">\n<td style=\"height: 33px;\"><span style=\"color: #000000;\">2n<\/span><\/td>\n<td style=\"height: 33px;\"><span style=\"color: #000000;\">A2<\/span><\/td>\n<\/tr>\n<tr style=\"height: 33px;\">\n<td style=\"height: 33px;\"><span style=\"color: #000000;\">3r<\/span><\/td>\n<td style=\"height: 33px;\"><span style=\"color: #000000;\">NIVELL INTERMEDI<\/span><\/td>\n<td style=\"height: 33px;\"><span style=\"color: #000000;\">B1<\/span><\/td>\n<\/tr>\n<tr style=\"height: 33px;\">\n<td style=\"height: 33px;\"><span style=\"color: #000000;\">4t<\/span><\/td>\n<td style=\"height: 66px;\" rowspan=\"2\"><span style=\"color: #000000;\">NIVELL INTERMEDI<\/span><\/td>\n<td style=\"height: 66px;\" colspan=\"1\" rowspan=\"2\"><span style=\"color: #000000;\">B2<\/span><\/td>\n<\/tr>\n<tr style=\"height: 33px;\">\n<td style=\"height: 33px;\"><span style=\"color: #000000;\">5\u00e8<\/span><\/td>\n<\/tr>\n<tr style=\"height: 33px;\">\n<td style=\"height: 33px;\"><span style=\"color: #000000;\">C1<\/span><\/td>\n<td style=\"height: 33px;\"><span style=\"color: #000000;\">NIVELL AVAN\u00c7AT<\/span><\/td>\n<td style=\"height: 33px;\"><span style=\"color: #000000;\">C1<\/span><\/td>\n<\/tr>\n<tr style=\"height: 33px;\">\n<td style=\"height: 33px;\">C2<\/td>\n<td style=\"height: 33px;\">NIVELL AVAN\u00c7AT<\/td>\n<td style=\"height: 33px;\">C2<\/td>\n<\/tr>\n<\/tbody>\n<\/table>\n<p><span style=\"color: #000000;\">Els nivells dels dos certificats d&#8217;escola oficial d&#8217;idiomes poden comparar-se als nivells descrits en els documents publicats pel Consell d&#8217;Europa, en especial el Marc europeu de refer\u00e8ncia. Al final del nivell intermedi i del nivell avan\u00e7at els alumnes han de superar una prova de certificat, dissenyada des del Centre de Recursos de Lleng\u00fces Estrangeres del Departament d&#8217;Ensenyament de la Generalitat (\u00c0rea de Certificacions), amb uns criteris unificats per a tota Catalunya.<\/span><\/p>\n<h5><span style=\"color: #000000;\"><strong>PLA D&#8217;ESTUDIS<\/strong><\/span><\/h5>\n<p><span style=\"color: #000000;\">El pla d&#8217;estudis de les EOI desenvolupa la finalitat dels ensenyaments d&#8217;idiomes que s&#8217;hi imparteixen, que \u00e9s la capacitat de l&#8217;alumnat en l&#8217;\u00fas efectiu de l&#8217;idioma com a vehicle de comunicaci\u00f3 general.<\/span><\/p>\n<p><span style=\"color: #000000;\">Per assolir aquesta finalitat, a les EOI es treballa per tal que l&#8217;alumnat:<\/span><\/p>\n<ul>\n<li><span style=\"color: #000000;\">Adquireixi les habilitats b\u00e0siques receptives i productives, tant del llenguatge oral com de l&#8217;escrit;<\/span><\/li>\n<li><span style=\"color: #000000;\">Desenvolupi estrat\u00e8gies comunicatives en diferents \u00e0rees de comunicaci\u00f3;<\/span><\/li>\n<li><span style=\"color: #000000;\">Desenvolupi estrat\u00e8gies per a l&#8217;aprenentatge aut\u00f2nom i continu de lleng\u00fces, que puguin facilitar l&#8217;\u00fas de l&#8217;idioma en l&#8217;exercici d&#8217;activitats professionals i en altres \u00e0mbits de la cultura o d&#8217;inter\u00e8s personal;<\/span><\/li>\n<li><span style=\"color: #000000;\">Desenvolupi actituds positives envers la diversitat ling\u00fc\u00edstica i el pluralisme cultural del m\u00f3n actual.<\/span><\/li>\n<\/ul>\n<h5><span style=\"color: #000000;\"><strong>CURSOS I GRUPS PER IDIOMA I NIVELL<\/strong><\/span><\/h5>\n<p><span style=\"color: #000000;\">Grups per idioma i nivell del curs 2024-25<\/span><\/p>\n<table style=\"border-collapse: collapse; width: 100%; height: 240px;\">\n<tbody>\n<tr style=\"height: 48px;\">\n<td style=\"width: 12.5%; height: 48px;\"><\/td>\n<td style=\"width: 12.5%; height: 48px;\"><strong style=\"color: #000000;\">NIVELL B\u00c0SIC<\/strong><\/td>\n<td style=\"width: 12.5%; height: 48px;\"><\/td>\n<td style=\"width: 12.5%; height: 48px;\"><strong style=\"color: #000000;\">NIVELL INTERMEDI B1<\/strong><\/td>\n<td style=\"width: 12.5%; height: 48px;\"><strong style=\"color: #000000;\">NIVELL INTERMEDI B2<\/strong><\/td>\n<td style=\"width: 12.5%; height: 48px;\"><\/td>\n<td style=\"width: 12.5%; height: 48px;\"><strong style=\"color: #000000;\">NIVELL AVAN\u00c7AT<\/strong><\/td>\n<td style=\"width: 12.5%; height: 48px;\"><\/td>\n<\/tr>\n<tr style=\"height: 32px;\">\n<td style=\"width: 12.5%; height: 32px;\"><strong style=\"color: #000000;\">CURSOS<\/strong><\/td>\n<td style=\"width: 12.5%; height: 32px;\"><strong style=\"color: #000000;\">A1<\/strong><\/td>\n<td style=\"width: 12.5%; height: 32px;\"><strong style=\"color: #000000;\">A2<\/strong><\/td>\n<td style=\"width: 12.5%; height: 32px;\"><strong style=\"color: #000000;\">B1<\/strong><\/td>\n<td style=\"width: 12.5%; height: 32px;\"><strong style=\"color: #000000;\">B2.1<\/strong><\/td>\n<td style=\"width: 12.5%; height: 32px;\"><strong style=\"color: #000000;\">B2.2<\/strong><\/td>\n<td style=\"width: 12.5%; height: 32px;\"><strong>C1<\/strong><\/td>\n<td style=\"width: 12.5%; height: 32px;\"><strong style=\"color: #000000;\">C2<\/strong><\/td>\n<\/tr>\n<tr style=\"height: 32px;\">\n<td style=\"width: 12.5%; height: 32px;\"><strong style=\"color: #000000;\">Idioma<\/strong><\/td>\n<td style=\"width: 12.5%; height: 32px;\"><\/td>\n<td style=\"width: 12.5%; height: 32px;\"><\/td>\n<td style=\"width: 12.5%; height: 32px;\"><\/td>\n<td style=\"width: 12.5%; height: 32px;\"><\/td>\n<td style=\"width: 12.5%; height: 32px;\"><\/td>\n<td style=\"width: 12.5%; height: 32px;\"><\/td>\n<td style=\"width: 12.5%; height: 32px;\"><\/td>\n<\/tr>\n<tr style=\"height: 32px;\">\n<td style=\"width: 12.5%; height: 32px;\"><span style=\"color: #000000;\">Alemany<\/span><\/td>\n<td style=\"width: 12.5%; height: 32px;\">2<\/td>\n<td style=\"width: 12.5%; height: 32px;\">1<\/td>\n<td style=\"width: 12.5%; height: 32px;\">1<\/td>\n<td style=\"width: 12.5%; height: 32px;\">1<\/td>\n<td style=\"width: 12.5%; height: 32px;\">1<\/td>\n<td style=\"width: 12.5%; height: 32px;\">&#8211;<\/td>\n<td style=\"width: 12.5%; height: 32px;\">&#8211;<\/td>\n<\/tr>\n<tr style=\"height: 32px;\">\n<td style=\"width: 12.5%; height: 32px;\"><span style=\"color: #000000;\">Angl\u00e8s<\/span><\/td>\n<td style=\"width: 12.5%; height: 32px;\">2<\/td>\n<td style=\"width: 12.5%; height: 32px;\">4<\/td>\n<td style=\"width: 12.5%; height: 32px;\">4<\/td>\n<td style=\"width: 12.5%; height: 32px;\">4<\/td>\n<td style=\"width: 12.5%; height: 32px;\">3<\/td>\n<td style=\"width: 12.5%; height: 32px;\">2<\/td>\n<td style=\"width: 12.5%; height: 32px;\">&#8211;<\/td>\n<\/tr>\n<tr>\n<td style=\"width: 12.5%;\"><span style=\"color: #000000;\">Angl\u00e8s semipresencial<\/span><\/td>\n<td style=\"width: 12.5%;\">&#8211;<\/td>\n<td style=\"width: 12.5%;\">&#8211;<\/td>\n<td style=\"width: 12.5%;\">&#8211;<\/td>\n<td style=\"width: 12.5%;\">&#8211;<\/td>\n<td style=\"width: 12.5%;\">1<\/td>\n<td style=\"width: 12.5%;\">1<\/td>\n<td style=\"width: 12.5%;\">&#8211;<\/td>\n<\/tr>\n<tr style=\"height: 32px;\">\n<td style=\"width: 12.5%; height: 32px;\"><span style=\"color: #000000;\">Franc\u00e8s<\/span><\/td>\n<td style=\"width: 12.5%; height: 32px;\">1<\/td>\n<td style=\"width: 12.5%; height: 32px;\">1<\/td>\n<td style=\"width: 12.5%; height: 32px;\">1<\/td>\n<td style=\"width: 12.5%; height: 32px;\">1<\/td>\n<td style=\"width: 12.5%; height: 32px;\">1<\/td>\n<td style=\"width: 12.5%; height: 32px;\">&#8211;<\/td>\n<td style=\"width: 12.5%; height: 32px;\">&#8211;<\/td>\n<\/tr>\n<tr style=\"height: 32px;\">\n<td style=\"width: 12.5%; height: 32px;\">Catal\u00e0<\/td>\n<td style=\"width: 12.5%; height: 32px;\">&#8211;<\/td>\n<td style=\"width: 12.5%; height: 32px;\">&#8211;<\/td>\n<td style=\"width: 12.5%; height: 32px;\">&#8211;<\/td>\n<td style=\"width: 12.5%; height: 32px;\">&#8211;<\/td>\n<td style=\"width: 12.5%; height: 32px;\">&#8211;<\/td>\n<td style=\"width: 12.5%; height: 32px;\">&#8211;<\/td>\n<td style=\"width: 12.5%; height: 32px;\">4<\/td>\n<\/tr>\n<\/tbody>\n<\/table>\n<p><strong>CURSOS SEMIPRESENCIALS<\/strong><\/p>\n<p>S\u00f3n cursos que combinen el millor de la classe presencial i el m\u00e8tode comunicatiu, i el millor de l\u2019aprenentatge personal, al teu propi ritme.<\/p>\n<p><strong>Com funcionen els cursos semipresencials a la nostra EOI?<\/strong> Consisteixen en una sessi\u00f3 presencial setmanal de 2 hores i 20 minuts (en dilluns o dimarts) i treball personal as\u00edncron.\u00a0Mitjan\u00e7ant l\u2019\u00fas de Google Classroom i altres recursos proposats pel professorat, l\u2019alumne t\u00e9 contacte directe i assessorament constant, tot i que treballi de manera aut\u00f2noma.<\/p>\n","protected":false},"excerpt":{"rendered":"<p>DURADA DEL CURS<br \/>\nEn aquesta EOI s&#8217;imparteixen els idiomes d&#8217;alemany, angl\u00e8s, catal\u00e0 i franc\u00e8s en la modalitat de cursos extensius presencials i semipresencials. La matr\u00edcula oficial d\u00f3na dret a assistir com a m\u00ednim a 130 hores de classe per curs i als ex\u00e0mens corresponents*.<br \/>\nL&#8217;EOI de Reus&hellip;  <a href=\"https:\/\/agora-eoi.xtec.cat\/eoireus\/cursos\/cursos-oficials\/\" title=\"Read Cursos Oficials\">Llegeix m\u00e9s\u00bb<\/a><\/p>\n","protected":false},"author":1,"featured_media":0,"parent":8149,"menu_order":10,"comment_status":"closed","ping_status":"closed","template":"page-templates\/side-menu.php","meta":{"_bbp_topic_count":0,"_bbp_reply_count":0,"_bbp_total_topic_count":0,"_bbp_total_reply_count":0,"_bbp_voice_count":0,"_bbp_anonymous_reply_count":0,"_bbp_topic_count_hidden":0,"_bbp_reply_count_hidden":0,"_bbp_forum_subforum_count":0,"footnotes":""},"class_list":["post-8151","page","type-page","status-publish","hentry"],"post_mailing_queue_ids":[],"_links":{"self":[{"href":"https:\/\/agora-eoi.xtec.cat\/eoireus\/wp-json\/wp\/v2\/pages\/8151","targetHints":{"allow":["GET"]}}],"collection":[{"href":"https:\/\/agora-eoi.xtec.cat\/eoireus\/wp-json\/wp\/v2\/pages"}],"about":[{"href":"https:\/\/agora-eoi.xtec.cat\/eoireus\/wp-json\/wp\/v2\/types\/page"}],"author":[{"embeddable":true,"href":"https:\/\/agora-eoi.xtec.cat\/eoireus\/wp-json\/wp\/v2\/users\/1"}],"replies":[{"embeddable":true,"href":"https:\/\/agora-eoi.xtec.cat\/eoireus\/wp-json\/wp\/v2\/comments?post=8151"}],"version-history":[{"count":6,"href":"https:\/\/agora-eoi.xtec.cat\/eoireus\/wp-json\/wp\/v2\/pages\/8151\/revisions"}],"predecessor-version":[{"id":10177,"href":"https:\/\/agora-eoi.xtec.cat\/eoireus\/wp-json\/wp\/v2\/pages\/8151\/revisions\/10177"}],"up":[{"embeddable":true,"href":"https:\/\/agora-eoi.xtec.cat\/eoireus\/wp-json\/wp\/v2\/pages\/8149"}],"wp:attachment":[{"href":"https:\/\/agora-eoi.xtec.cat\/eoireus\/wp-json\/wp\/v2\/media?parent=8151"}],"curies":[{"name":"wp","href":"https:\/\/api.w.org\/{rel}","templated":true}]}}